{"id":4416,"date":"2023-10-22T09:01:20","date_gmt":"2023-10-22T07:01:20","guid":{"rendered":"https:\/\/oxygensavestheplanet.com\/trove-forschung\/"},"modified":"2023-11-05T10:59:50","modified_gmt":"2023-11-05T09:59:50","slug":"trove-forschung","status":"publish","type":"page","link":"https:\/\/oxygensavestheplanet.com\/de\/trove-forschung\/","title":{"rendered":"Trove-Forschung"},"content":{"rendered":"\t\t<div data-elementor-type=\"wp-page\" data-elementor-id=\"4416\" class=\"elementor elementor-4416 elementor-2458\" data-elementor-post-type=\"page\">\n\t\t\t\t<div class=\"elementor-element elementor-element-6c8183c8 e-flex e-con-boxed e-con e-parent\" data-id=\"6c8183c8\" data-element_type=\"container\" data-e-type=\"container\" data-settings=\"{&quot;background_background&quot;:&quot;classic&quot;}\">\n\t\t\t\t\t<div class=\"e-con-inner\">\n\t\t\t\t<div class=\"elementor-element elementor-element-8fe0569 elementor-widget elementor-widget-heading\" data-id=\"8fe0569\" data-element_type=\"widget\" data-e-type=\"widget\" data-widget_type=\"heading.default\">\n\t\t\t\t<div class=\"elementor-widget-container\">\n\t\t\t\t\t<h1 class=\"elementor-heading-title elementor-size-default\">Warum jetzt handeln!<\/h1>\t\t\t\t<\/div>\n\t\t\t\t<\/div>\n\t\t\t\t<div class=\"elementor-element elementor-element-a30b514 elementor-align-center elementor-widget elementor-widget-button\" data-id=\"a30b514\" data-element_type=\"widget\" data-e-type=\"widget\" data-widget_type=\"button.default\">\n\t\t\t\t<div class=\"elementor-widget-container\">\n\t\t\t\t\t\t\t\t\t<div class=\"elementor-button-wrapper\">\n\t\t\t\t\t<a class=\"elementor-button elementor-button-link elementor-size-sm\" href=\"https:\/\/1zyzkknw4z1.typeform.com\/to\/Nzb8G5ow\">\n\t\t\t\t\t\t<span class=\"elementor-button-content-wrapper\">\n\t\t\t\t\t\t\t\t\t<span class=\"elementor-button-text\">Kontakt<\/span>\n\t\t\t\t\t<\/span>\n\t\t\t\t\t<\/a>\n\t\t\t\t<\/div>\n\t\t\t\t\t\t\t\t<\/div>\n\t\t\t\t<\/div>\n\t\t\t\t\t<\/div>\n\t\t\t\t<\/div>\n\t\t<div class=\"elementor-element elementor-element-76dbe35c e-con-full e-flex e-con e-parent\" data-id=\"76dbe35c\" data-element_type=\"container\" data-e-type=\"container\" data-settings=\"{&quot;background_background&quot;:&quot;classic&quot;}\">\n\t\t\t\t<div class=\"elementor-element elementor-element-25c1ef33 elementor-widget elementor-widget-image\" data-id=\"25c1ef33\" data-element_type=\"widget\" data-e-type=\"widget\" data-widget_type=\"image.default\">\n\t\t\t\t<div class=\"elementor-widget-container\">\n\t\t\t\t\t\t\t\t\t\t\t\t\t\t\t<img fetchpriority=\"high\" decoding=\"async\" width=\"800\" height=\"448\" src=\"https:\/\/oxygensavestheplanet.com\/wp-content\/uploads\/2023\/10\/Investment-Trends-Trove-1024x573.png\" class=\"attachment-large size-large wp-image-2449\" alt=\"\" srcset=\"https:\/\/oxygensavestheplanet.com\/wp-content\/uploads\/2023\/10\/Investment-Trends-Trove-1024x573.png 1024w, https:\/\/oxygensavestheplanet.com\/wp-content\/uploads\/2023\/10\/Investment-Trends-Trove-300x168.png 300w, https:\/\/oxygensavestheplanet.com\/wp-content\/uploads\/2023\/10\/Investment-Trends-Trove-768x430.png 768w, https:\/\/oxygensavestheplanet.com\/wp-content\/uploads\/2023\/10\/Investment-Trends-Trove.png 1281w\" sizes=\"(max-width: 800px) 100vw, 800px\" \/>\t\t\t\t\t\t\t\t\t\t\t\t\t\t\t<\/div>\n\t\t\t\t<\/div>\n\t\t<div class=\"elementor-element elementor-element-3b79a9b e-flex e-con-boxed e-con e-child\" data-id=\"3b79a9b\" data-element_type=\"container\" data-e-type=\"container\">\n\t\t\t\t\t<div class=\"e-con-inner\">\n\t\t\t\t<div class=\"elementor-element elementor-element-53828ec elementor-widget elementor-widget-text-editor\" data-id=\"53828ec\" data-element_type=\"widget\" data-e-type=\"widget\" data-widget_type=\"text-editor.default\">\n\t\t\t\t<div class=\"elementor-widget-container\">\n\t\t\t\t\t\t\t\t\t<\/p>\n<p><strong>Zusammenfassung des Berichts:<\/strong><\/p>\n<p><strong>Aufgebrachtes\/gebundenes Kapital:<\/strong><\/p>\n<ul>\n<li>Im Zeitraum zwischen Januar 2021 und Juni 2023 wurden 18 Mrd. USD f\u00fcr Investitionen in Fonds f\u00fcr Emissionsgutschriften aufgebracht oder vorgesehen. F\u00fcr 2024 und 2025 werden zus\u00e4tzliche Mittel in H\u00f6he von 3 Mrd. USD erwartet. Der gr\u00f6\u00dfte Teil dieser Mittel (15 Milliarden Dollar bzw. 80 Prozent) ist f\u00fcr naturbezogene Projekte vorgesehen. Ein Drittel dieser Mittel stammt von Unternehmen, darunter einige der gr\u00f6\u00dften der Welt, die investieren, um sich einen langfristigen Zugang zu Emissionsgutschriften zu sichern.<\/li>\n<\/ul>\n<p><strong>Investitionen in Projekte:<\/strong><\/p>\n<ul>\n<li>In den vergangenen drei Jahren wurde fast das gesamte aufgebrachte Kapital in Kohlenstoffprojekte investiert, allein im letzten Jahr 7,5 Milliarden Dollar. Von 2012 bis 2022 wurden insgesamt 36 Mrd. USD in Projekte mit Emissionsgutschriften investiert. Davon entfiel fast die H\u00e4lfte auf naturbezogene Projekte, wobei der Anteil in den letzten drei Jahren auf 50 Prozent anstieg. Ostasien und der Pazifikraum verzeichneten den gr\u00f6\u00dften Anteil an Investitionen, gefolgt von S\u00fcdasien und Afrika s\u00fcdlich der Sahara. Die in den letzten drei Jahren get\u00e4tigten Investitionen sind f\u00fcnfmal so hoch wie der Wert des weltweiten Marktes f\u00fcr Emissionsgutschriften &#8211; ein Zeichen f\u00fcr einen schnell wachsenden Sektor.<\/li>\n<\/ul>\n<p><strong>K\u00fcnftiger Kapitalbedarf:<\/strong><\/p>\n<ul>\n<li>Bei der derzeitigen Rate decken die Investitionen in Projekte f\u00fcr Emissionsgutschriften nur ein Drittel des Niveaus ab, das erforderlich ist, um die erforderliche Menge an Gutschriften bis 2030 in einem 1,5\u00b0C-Szenario bereitzustellen. Das bedeutet, dass bis 2030 zus\u00e4tzliche Investitionen in H\u00f6he von 90 Milliarden Dollar erforderlich sind. Bei einem konservativeren Nachfragewachstum w\u00fcrden sich die bis 2030 erforderlichen Investitionen auf 10 bis 40 Mrd. $ belaufen. Bis 2050 w\u00fcrden sich die kumulativen Investitionen in Kohlenstoffgutschriften auf 1,6 Billionen Dollar belaufen, um einen 1,5\u00b0C-Pfad zu erreichen.<\/li>\n<\/ul>\n<p><strong>Klimatische Ergebnisse und Vorteile:<\/strong><\/p>\n<ul>\n<li>Seit Anfang 2020 wurden mehr als 1.500 neue Projekte mit Emissionsgutschriften entwickelt und registriert, deren Emissionsreduktionskapazit\u00e4t der des Vereinigten K\u00f6nigreichs entspricht. Im Juli 2023 umfassten die weltweit registrierten naturbasierten Projekte eine Fl\u00e4che von etwa 30 Millionen Hektar, eine Fl\u00e4che vergleichbar mit der von Italien, Polen oder Ecuador. Drei Viertel dieser Fl\u00e4che sind f\u00fcr REDD+-Projekte zum Schutz der W\u00e4lder, insbesondere in tropischen L\u00e4ndern, vorgesehen. Weitere 80 Millionen Hektar sollen ebenfalls als Kohlenstoffprojekte entwickelt werden.<\/li>\n<\/ul>\n\t\t\t\t\t\t\t\t<\/div>\n\t\t\t\t<\/div>\n\t\t\t\t<div class=\"elementor-element elementor-element-3d7c845 elementor-align-center elementor-widget elementor-widget-button\" data-id=\"3d7c845\" data-element_type=\"widget\" data-e-type=\"widget\" data-widget_type=\"button.default\">\n\t\t\t\t<div class=\"elementor-widget-container\">\n\t\t\t\t\t\t\t\t\t<div class=\"elementor-button-wrapper\">\n\t\t\t\t\t<a class=\"elementor-button elementor-button-link elementor-size-sm\" href=\"https:\/\/oxygensavestheplanet.com\/wp-content\/uploads\/2023\/10\/Carbon-credit-investment-report_hG3aRPx.pdf\">\n\t\t\t\t\t\t<span class=\"elementor-button-content-wrapper\">\n\t\t\t\t\t\t\t\t\t<span class=\"elementor-button-text\">Vollst\u00e4ndigen Bericht herunterladen<\/span>\n\t\t\t\t\t<\/span>\n\t\t\t\t\t<\/a>\n\t\t\t\t<\/div>\n\t\t\t\t\t\t\t\t<\/div>\n\t\t\t\t<\/div>\n\t\t\t\t\t<\/div>\n\t\t\t\t<\/div>\n\t\t\t\t<\/div>\n\t\t<div class=\"elementor-element elementor-element-347d1ed9 e-flex e-con-boxed e-con e-parent\" data-id=\"347d1ed9\" data-element_type=\"container\" data-e-type=\"container\">\n\t\t\t\t\t<div class=\"e-con-inner\">\n\t\t<div class=\"elementor-element elementor-element-67a9c806 e-con-full e-flex e-con e-child\" data-id=\"67a9c806\" data-element_type=\"container\" data-e-type=\"container\">\n\t\t\t\t<div class=\"elementor-element elementor-element-2ec669a5 elementor-widget elementor-widget-heading\" data-id=\"2ec669a5\" data-element_type=\"widget\" data-e-type=\"widget\" data-widget_type=\"heading.default\">\n\t\t\t\t<div class=\"elementor-widget-container\">\n\t\t\t\t\t<h3 class=\"elementor-heading-title elementor-size-default\">Trove-Forschung<\/h3>\t\t\t\t<\/div>\n\t\t\t\t<\/div>\n\t\t\t\t<div class=\"elementor-element elementor-element-90bb6b1 elementor-widget elementor-widget-text-editor\" data-id=\"90bb6b1\" data-element_type=\"widget\" data-e-type=\"widget\" data-widget_type=\"text-editor.default\">\n\t\t\t\t<div class=\"elementor-widget-container\">\n\t\t\t\t\t\t\t\t\t<p><strong>Standort<\/strong>: London<\/p>\n<p><strong>Beschreibung: <\/strong>Trove Research ist ein Unternehmen, das sich auf die Erforschung und Analyse des Marktes f\u00fcr Emissionsgutschriften und Emissionsausgleiche spezialisiert hat. Es bietet Beratungs-, Analyse- und Forschungsdienstleistungen f\u00fcr verschiedene Interessengruppen in diesem Sektor, darunter Projektentwickler, Investoren und Unternehmen, die ihre Kohlenstoffemissionen neutralisieren wollen. Ihr Fachwissen erstreckt sich auf das Verst\u00e4ndnis von Markttrends, Preisen und der Dynamik von Angebot und Nachfrage auf dem Markt f\u00fcr Emissionsgutschriften.<\/p>\n<p><strong>Glaubw\u00fcrdigkeit<\/strong>: Trove Research ist als f\u00fchrende Quelle f\u00fcr Analysen und Einblicke in den Markt f\u00fcr Emissionsgutschriften anerkannt. Ihr tiefes Verst\u00e4ndnis des Fachgebiets in Verbindung mit einer rigorosen Forschungsmethodik macht sie zu einer wertvollen Ressource f\u00fcr alle, die in diesem Bereich arbeiten. Ihr Ruf beruht auf jahrelanger Erfahrung und einer Erfolgsbilanz bei der Bereitstellung zuverl\u00e4ssiger und detaillierter Analysen.<\/p>\n\t\t\t\t\t\t\t\t<\/div>\n\t\t\t\t<\/div>\n\t\t\t\t<div class=\"elementor-element elementor-element-b734354 elementor-align-center elementor-widget elementor-widget-button\" data-id=\"b734354\" data-element_type=\"widget\" data-e-type=\"widget\" data-widget_type=\"button.default\">\n\t\t\t\t<div class=\"elementor-widget-container\">\n\t\t\t\t\t\t\t\t\t<div class=\"elementor-button-wrapper\">\n\t\t\t\t\t<a class=\"elementor-button elementor-button-link elementor-size-sm\" href=\"https:\/\/1zyzkknw4z1.typeform.com\/to\/Nzb8G5ow\">\n\t\t\t\t\t\t<span class=\"elementor-button-content-wrapper\">\n\t\t\t\t\t\t\t\t\t<span class=\"elementor-button-text\">Kontakt<\/span>\n\t\t\t\t\t<\/span>\n\t\t\t\t\t<\/a>\n\t\t\t\t<\/div>\n\t\t\t\t\t\t\t\t<\/div>\n\t\t\t\t<\/div>\n\t\t\t\t<\/div>\n\t\t\t\t\t<\/div>\n\t\t\t\t<\/div>\n\t\t\t\t<\/div>\n\t\t","protected":false},"excerpt":{"rendered":"<p>Warum jetzt handeln! Kontakt Zusammenfassung des Berichts: Aufgebrachtes\/gebundenes Kapital: Im Zeitraum zwischen Januar 2021 und Juni 2023 wurden 18 Mrd. USD f\u00fcr Investitionen in Fonds f\u00fcr Emissionsgutschriften aufgebracht oder vorgesehen. F\u00fcr 2024 und 2025 werden zus\u00e4tzliche Mittel in H\u00f6he von 3 Mrd. USD erwartet. Der gr\u00f6\u00dfte Teil dieser Mittel (15 Milliarden Dollar bzw. 80 Prozent) [&hellip;]<\/p>\n","protected":false},"author":1,"featured_media":0,"parent":0,"menu_order":0,"comment_status":"closed","ping_status":"closed","template":"","meta":{"inline_featured_image":false,"footnotes":""},"class_list":["post-4416","page","type-page","status-publish","hentry"],"yoast_head":"<!-- This site is optimized with the Yoast SEO plugin v27.5 - https:\/\/yoast.com\/product\/yoast-seo-wordpress\/ -->\n<title>Trove-Forschung - OxygenSavesThePlanet<\/title>\n<meta name=\"robots\" content=\"noindex, follow, max-snippet:-1, max-image-preview:large, max-video-preview:-1\" \/>\n<meta property=\"og:locale\" content=\"de_DE\" \/>\n<meta property=\"og:type\" content=\"article\" \/>\n<meta property=\"og:title\" content=\"Trove-Forschung - OxygenSavesThePlanet\" \/>\n<meta property=\"og:description\" content=\"Warum jetzt handeln! Kontakt Zusammenfassung des Berichts: Aufgebrachtes\/gebundenes Kapital: Im Zeitraum zwischen Januar 2021 und Juni 2023 wurden 18 Mrd. USD f\u00fcr Investitionen in Fonds f\u00fcr Emissionsgutschriften aufgebracht oder vorgesehen. F\u00fcr 2024 und 2025 werden zus\u00e4tzliche Mittel in H\u00f6he von 3 Mrd. USD erwartet. Der gr\u00f6\u00dfte Teil dieser Mittel (15 Milliarden Dollar bzw. 80 Prozent) [&hellip;]\" \/>\n<meta property=\"og:url\" content=\"https:\/\/oxygensavestheplanet.com\/de\/trove-forschung\/\" \/>\n<meta property=\"og:site_name\" content=\"OxygenSavesThePlanet\" \/>\n<meta property=\"article:modified_time\" content=\"2023-11-05T09:59:50+00:00\" \/>\n<meta property=\"og:image\" content=\"https:\/\/oxygensavestheplanet.com\/wp-content\/uploads\/2023\/10\/Investment-Trends-Trove-1024x573.png\" \/>\n<meta name=\"twitter:card\" content=\"summary_large_image\" \/>\n<meta name=\"twitter:label1\" content=\"Gesch\u00e4tzte Lesezeit\" \/>\n\t<meta name=\"twitter:data1\" content=\"2\u00a0Minuten\" \/>\n<script type=\"application\/ld+json\" class=\"yoast-schema-graph\">{\"@context\":\"https:\\\/\\\/schema.org\",\"@graph\":[{\"@type\":\"WebPage\",\"@id\":\"https:\\\/\\\/oxygensavestheplanet.com\\\/de\\\/trove-forschung\\\/\",\"url\":\"https:\\\/\\\/oxygensavestheplanet.com\\\/de\\\/trove-forschung\\\/\",\"name\":\"Trove-Forschung - OxygenSavesThePlanet\",\"isPartOf\":{\"@id\":\"https:\\\/\\\/oxygensavestheplanet.com\\\/de\\\/#website\"},\"primaryImageOfPage\":{\"@id\":\"https:\\\/\\\/oxygensavestheplanet.com\\\/de\\\/trove-forschung\\\/#primaryimage\"},\"image\":{\"@id\":\"https:\\\/\\\/oxygensavestheplanet.com\\\/de\\\/trove-forschung\\\/#primaryimage\"},\"thumbnailUrl\":\"https:\\\/\\\/oxygensavestheplanet.com\\\/wp-content\\\/uploads\\\/2023\\\/10\\\/Investment-Trends-Trove-1024x573.png\",\"datePublished\":\"2023-10-22T07:01:20+00:00\",\"dateModified\":\"2023-11-05T09:59:50+00:00\",\"breadcrumb\":{\"@id\":\"https:\\\/\\\/oxygensavestheplanet.com\\\/de\\\/trove-forschung\\\/#breadcrumb\"},\"inLanguage\":\"de\",\"potentialAction\":[{\"@type\":\"ReadAction\",\"target\":[\"https:\\\/\\\/oxygensavestheplanet.com\\\/de\\\/trove-forschung\\\/\"]}]},{\"@type\":\"ImageObject\",\"inLanguage\":\"de\",\"@id\":\"https:\\\/\\\/oxygensavestheplanet.com\\\/de\\\/trove-forschung\\\/#primaryimage\",\"url\":\"https:\\\/\\\/oxygensavestheplanet.com\\\/wp-content\\\/uploads\\\/2023\\\/10\\\/Investment-Trends-Trove-1024x573.png\",\"contentUrl\":\"https:\\\/\\\/oxygensavestheplanet.com\\\/wp-content\\\/uploads\\\/2023\\\/10\\\/Investment-Trends-Trove-1024x573.png\"},{\"@type\":\"BreadcrumbList\",\"@id\":\"https:\\\/\\\/oxygensavestheplanet.com\\\/de\\\/trove-forschung\\\/#breadcrumb\",\"itemListElement\":[{\"@type\":\"ListItem\",\"position\":1,\"name\":\"Home\",\"item\":\"https:\\\/\\\/oxygensavestheplanet.com\\\/de\\\/startseite\\\/\"},{\"@type\":\"ListItem\",\"position\":2,\"name\":\"Trove-Forschung\"}]},{\"@type\":\"WebSite\",\"@id\":\"https:\\\/\\\/oxygensavestheplanet.com\\\/de\\\/#website\",\"url\":\"https:\\\/\\\/oxygensavestheplanet.com\\\/de\\\/\",\"name\":\"OxygenSavesThePlanet\",\"description\":\"Verifiable Green, Tangible Impact\",\"publisher\":{\"@id\":\"https:\\\/\\\/oxygensavestheplanet.com\\\/de\\\/#organization\"},\"potentialAction\":[{\"@type\":\"SearchAction\",\"target\":{\"@type\":\"EntryPoint\",\"urlTemplate\":\"https:\\\/\\\/oxygensavestheplanet.com\\\/de\\\/?s={search_term_string}\"},\"query-input\":{\"@type\":\"PropertyValueSpecification\",\"valueRequired\":true,\"valueName\":\"search_term_string\"}}],\"inLanguage\":\"de\"},{\"@type\":\"Organization\",\"@id\":\"https:\\\/\\\/oxygensavestheplanet.com\\\/de\\\/#organization\",\"name\":\"OxygenSavesThePlanet\",\"url\":\"https:\\\/\\\/oxygensavestheplanet.com\\\/de\\\/\",\"logo\":{\"@type\":\"ImageObject\",\"inLanguage\":\"de\",\"@id\":\"https:\\\/\\\/oxygensavestheplanet.com\\\/de\\\/#\\\/schema\\\/logo\\\/image\\\/\",\"url\":\"https:\\\/\\\/oxygensavestheplanet.com\\\/wp-content\\\/uploads\\\/2023\\\/10\\\/cropped-con-sfondo.png\",\"contentUrl\":\"https:\\\/\\\/oxygensavestheplanet.com\\\/wp-content\\\/uploads\\\/2023\\\/10\\\/cropped-con-sfondo.png\",\"width\":512,\"height\":512,\"caption\":\"OxygenSavesThePlanet\"},\"image\":{\"@id\":\"https:\\\/\\\/oxygensavestheplanet.com\\\/de\\\/#\\\/schema\\\/logo\\\/image\\\/\"}}]}<\/script>\n<!-- \/ Yoast SEO plugin. -->","yoast_head_json":{"title":"Trove-Forschung - OxygenSavesThePlanet","robots":{"index":"noindex","follow":"follow","max-snippet":"max-snippet:-1","max-image-preview":"max-image-preview:large","max-video-preview":"max-video-preview:-1"},"og_locale":"de_DE","og_type":"article","og_title":"Trove-Forschung - OxygenSavesThePlanet","og_description":"Warum jetzt handeln! Kontakt Zusammenfassung des Berichts: Aufgebrachtes\/gebundenes Kapital: Im Zeitraum zwischen Januar 2021 und Juni 2023 wurden 18 Mrd. USD f\u00fcr Investitionen in Fonds f\u00fcr Emissionsgutschriften aufgebracht oder vorgesehen. F\u00fcr 2024 und 2025 werden zus\u00e4tzliche Mittel in H\u00f6he von 3 Mrd. USD erwartet. Der gr\u00f6\u00dfte Teil dieser Mittel (15 Milliarden Dollar bzw. 80 Prozent) [&hellip;]","og_url":"https:\/\/oxygensavestheplanet.com\/de\/trove-forschung\/","og_site_name":"OxygenSavesThePlanet","article_modified_time":"2023-11-05T09:59:50+00:00","og_image":[{"url":"https:\/\/oxygensavestheplanet.com\/wp-content\/uploads\/2023\/10\/Investment-Trends-Trove-1024x573.png","type":"","width":"","height":""}],"twitter_card":"summary_large_image","twitter_misc":{"Gesch\u00e4tzte Lesezeit":"2\u00a0Minuten"},"schema":{"@context":"https:\/\/schema.org","@graph":[{"@type":"WebPage","@id":"https:\/\/oxygensavestheplanet.com\/de\/trove-forschung\/","url":"https:\/\/oxygensavestheplanet.com\/de\/trove-forschung\/","name":"Trove-Forschung - OxygenSavesThePlanet","isPartOf":{"@id":"https:\/\/oxygensavestheplanet.com\/de\/#website"},"primaryImageOfPage":{"@id":"https:\/\/oxygensavestheplanet.com\/de\/trove-forschung\/#primaryimage"},"image":{"@id":"https:\/\/oxygensavestheplanet.com\/de\/trove-forschung\/#primaryimage"},"thumbnailUrl":"https:\/\/oxygensavestheplanet.com\/wp-content\/uploads\/2023\/10\/Investment-Trends-Trove-1024x573.png","datePublished":"2023-10-22T07:01:20+00:00","dateModified":"2023-11-05T09:59:50+00:00","breadcrumb":{"@id":"https:\/\/oxygensavestheplanet.com\/de\/trove-forschung\/#breadcrumb"},"inLanguage":"de","potentialAction":[{"@type":"ReadAction","target":["https:\/\/oxygensavestheplanet.com\/de\/trove-forschung\/"]}]},{"@type":"ImageObject","inLanguage":"de","@id":"https:\/\/oxygensavestheplanet.com\/de\/trove-forschung\/#primaryimage","url":"https:\/\/oxygensavestheplanet.com\/wp-content\/uploads\/2023\/10\/Investment-Trends-Trove-1024x573.png","contentUrl":"https:\/\/oxygensavestheplanet.com\/wp-content\/uploads\/2023\/10\/Investment-Trends-Trove-1024x573.png"},{"@type":"BreadcrumbList","@id":"https:\/\/oxygensavestheplanet.com\/de\/trove-forschung\/#breadcrumb","itemListElement":[{"@type":"ListItem","position":1,"name":"Home","item":"https:\/\/oxygensavestheplanet.com\/de\/startseite\/"},{"@type":"ListItem","position":2,"name":"Trove-Forschung"}]},{"@type":"WebSite","@id":"https:\/\/oxygensavestheplanet.com\/de\/#website","url":"https:\/\/oxygensavestheplanet.com\/de\/","name":"OxygenSavesThePlanet","description":"Verifiable Green, Tangible Impact","publisher":{"@id":"https:\/\/oxygensavestheplanet.com\/de\/#organization"},"potentialAction":[{"@type":"SearchAction","target":{"@type":"EntryPoint","urlTemplate":"https:\/\/oxygensavestheplanet.com\/de\/?s={search_term_string}"},"query-input":{"@type":"PropertyValueSpecification","valueRequired":true,"valueName":"search_term_string"}}],"inLanguage":"de"},{"@type":"Organization","@id":"https:\/\/oxygensavestheplanet.com\/de\/#organization","name":"OxygenSavesThePlanet","url":"https:\/\/oxygensavestheplanet.com\/de\/","logo":{"@type":"ImageObject","inLanguage":"de","@id":"https:\/\/oxygensavestheplanet.com\/de\/#\/schema\/logo\/image\/","url":"https:\/\/oxygensavestheplanet.com\/wp-content\/uploads\/2023\/10\/cropped-con-sfondo.png","contentUrl":"https:\/\/oxygensavestheplanet.com\/wp-content\/uploads\/2023\/10\/cropped-con-sfondo.png","width":512,"height":512,"caption":"OxygenSavesThePlanet"},"image":{"@id":"https:\/\/oxygensavestheplanet.com\/de\/#\/schema\/logo\/image\/"}}]}},"_links":{"self":[{"href":"https:\/\/oxygensavestheplanet.com\/de\/wp-json\/wp\/v2\/pages\/4416","targetHints":{"allow":["GET"]}}],"collection":[{"href":"https:\/\/oxygensavestheplanet.com\/de\/wp-json\/wp\/v2\/pages"}],"about":[{"href":"https:\/\/oxygensavestheplanet.com\/de\/wp-json\/wp\/v2\/types\/page"}],"author":[{"embeddable":true,"href":"https:\/\/oxygensavestheplanet.com\/de\/wp-json\/wp\/v2\/users\/1"}],"replies":[{"embeddable":true,"href":"https:\/\/oxygensavestheplanet.com\/de\/wp-json\/wp\/v2\/comments?post=4416"}],"version-history":[{"count":1,"href":"https:\/\/oxygensavestheplanet.com\/de\/wp-json\/wp\/v2\/pages\/4416\/revisions"}],"predecessor-version":[{"id":4419,"href":"https:\/\/oxygensavestheplanet.com\/de\/wp-json\/wp\/v2\/pages\/4416\/revisions\/4419"}],"wp:attachment":[{"href":"https:\/\/oxygensavestheplanet.com\/de\/wp-json\/wp\/v2\/media?parent=4416"}],"curies":[{"name":"wp","href":"https:\/\/api.w.org\/{rel}","templated":true}]}}