{"id":5052,"date":"2024-01-17T12:51:07","date_gmt":"2024-01-17T11:51:07","guid":{"rendered":"https:\/\/oxygensavestheplanet.com\/pv-anlage-montes-claros\/"},"modified":"2024-01-17T14:48:59","modified_gmt":"2024-01-17T13:48:59","slug":"pv-anlage-montes-claros","status":"publish","type":"page","link":"https:\/\/oxygensavestheplanet.com\/de\/pv-anlage-montes-claros\/","title":{"rendered":"Montes Claros"},"content":{"rendered":"\t\t<div data-elementor-type=\"wp-page\" data-elementor-id=\"5052\" class=\"elementor elementor-5052 elementor-5030\" data-elementor-post-type=\"page\">\n\t\t\t\t<div class=\"elementor-element elementor-element-820caf3 e-flex e-con-boxed e-con e-parent\" data-id=\"820caf3\" data-element_type=\"container\" data-e-type=\"container\">\n\t\t\t\t\t<div class=\"e-con-inner\">\n\t\t<div class=\"elementor-element elementor-element-1ec545e e-con-full e-flex e-con e-child\" data-id=\"1ec545e\" data-element_type=\"container\" data-e-type=\"container\">\n\t\t\t\t<div class=\"elementor-element elementor-element-143bfce elementor-widget elementor-widget-image\" data-id=\"143bfce\" data-element_type=\"widget\" data-e-type=\"widget\" data-widget_type=\"image.default\">\n\t\t\t\t<div class=\"elementor-widget-container\">\n\t\t\t\t\t\t\t\t\t\t\t\t\t\t\t<img fetchpriority=\"high\" decoding=\"async\" width=\"800\" height=\"642\" src=\"https:\/\/oxygensavestheplanet.com\/wp-content\/uploads\/2024\/01\/1024px-MinasGerais_Municip_MontesClaros.svg.png\" class=\"attachment-large size-large wp-image-5033\" alt=\"\" srcset=\"https:\/\/oxygensavestheplanet.com\/wp-content\/uploads\/2024\/01\/1024px-MinasGerais_Municip_MontesClaros.svg.png 1024w, https:\/\/oxygensavestheplanet.com\/wp-content\/uploads\/2024\/01\/1024px-MinasGerais_Municip_MontesClaros.svg-300x241.png 300w, https:\/\/oxygensavestheplanet.com\/wp-content\/uploads\/2024\/01\/1024px-MinasGerais_Municip_MontesClaros.svg-768x617.png 768w\" sizes=\"(max-width: 800px) 100vw, 800px\" \/>\t\t\t\t\t\t\t\t\t\t\t\t\t\t\t<\/div>\n\t\t\t\t<\/div>\n\t\t\t\t<\/div>\n\t\t<div class=\"elementor-element elementor-element-38a88b4 e-con-full e-flex e-con e-child\" data-id=\"38a88b4\" data-element_type=\"container\" data-e-type=\"container\">\n\t\t\t\t<div class=\"elementor-element elementor-element-b0f8769 elementor-widget elementor-widget-text-editor\" data-id=\"b0f8769\" data-element_type=\"widget\" data-e-type=\"widget\" data-widget_type=\"text-editor.default\">\n\t\t\t\t<div class=\"elementor-widget-container\">\n\t\t\t\t\t\t\t\t\t<p class=\"p1\"><b>Einleitung:<\/b><\/p>\n<p class=\"p1\">Montes Claros, eine Gemeinde im brasilianischen Bundesstaat Minas Gerais, ist der ideale Ort f\u00fcr ein ehrgeiziges Projekt im Bereich der erneuerbaren Energien. Mit ihren 415.000 Einwohnern und ihrer strategischen Lage in der Mesoregion Norte de Minas bietet die Stadt ein g\u00fcnstiges Umfeld f\u00fcr die Entwicklung einer Photovoltaikanlage.<\/p>\n\t\t\t\t\t\t\t\t<\/div>\n\t\t\t\t<\/div>\n\t\t\t\t<\/div>\n\t\t\t\t\t<\/div>\n\t\t\t\t<\/div>\n\t\t<div class=\"elementor-element elementor-element-e2f2da6 e-flex e-con-boxed e-con e-parent\" data-id=\"e2f2da6\" data-element_type=\"container\" data-e-type=\"container\">\n\t\t\t\t\t<div class=\"e-con-inner\">\n\t\t\t\t<div class=\"elementor-element elementor-element-17e669c elementor-widget elementor-widget-heading\" data-id=\"17e669c\" data-element_type=\"widget\" data-e-type=\"widget\" data-widget_type=\"heading.default\">\n\t\t\t\t<div class=\"elementor-widget-container\">\n\t\t\t\t\t<h2 class=\"elementor-heading-title elementor-size-default\">Fotovoltaikanlage in Montes Claros, Minas Gerais, Brasilien<\/h2>\t\t\t\t<\/div>\n\t\t\t\t<\/div>\n\t\t\t\t<div class=\"elementor-element elementor-element-a47b596 elementor-widget elementor-widget-text-editor\" data-id=\"a47b596\" data-element_type=\"widget\" data-e-type=\"widget\" data-widget_type=\"text-editor.default\">\n\t\t\t\t<div class=\"elementor-widget-container\">\n\t\t\t\t\t\t\t\t\t<p class=\"p1\"><b>Einzelheiten zum Projekt:<\/b><\/p>\n<p class=\"p2\">&#8211; <b>Standort:<\/b> Montes Claros, Minas Gerais, Brasilien<\/p>\n<p class=\"p2\">&#8211; <b>Anlagenleistung:<\/b> 2,5 MW ac &#8211; 3,36 MWp<\/p>\n<p class=\"p2\">&#8211; <b>J\u00e4hrliche Erzeugung:<\/b> 6.779.231 KWh<\/p>\n<p class=\"p2\">&#8211; <b>J\u00e4hrliche Einstrahlung:<\/b> 2.018 kWh\/m\u00b2\/Jahr.<\/p>\n<p class=\"p1\"><b>Wirtschaftliche Aspekte:<\/b><\/p>\n<p class=\"p2\">&#8211; <b>Wechselkurs:<\/b> Wir verwenden den durchschnittlichen Wechselkurs der letzten 52 Wochen (5,16), nicht den aktuellen (5,35).<\/p>\n<p class=\"p2\">&#8211; <b>Anlagenkosten (Capex):<\/b> 11.800.000 BRL = 2.285.625 Euro<\/p>\n<p class=\"p2\">&#8211; <b>Einheitskosten der Anlage:<\/b> 3.511.904 BRL\/MWp = 680.245 Euro\/MWp.<\/p>\n<p class=\"p2\">&#8211; <b>Bruttoeinnahmen im ersten Jahr:<\/b> 4.590.000 BRL = 677 BRL\/MWh = 131,15 EUR\/MWh.<span class=\"Apple-converted-space\"> <\/span><\/p>\n<p class=\"p2\">&#8211; <b>Nettoeinnahmen im ersten Jahr:<\/b> BRL 3.130.000 = BRL 461\/MWh = EUR 89,43\/MWh (32% Reduzierung aufgrund von Steuern und Betriebskosten)<\/p>\n<p class=\"p1\"><b>Finanzielle Leistung:<\/b><\/p>\n<p class=\"p2\">&#8211; <b>Ertrag im ersten Jahr:<\/b> 27 %.<\/p>\n<p class=\"p2\">&#8211; <b>IRR (interner Zinsfu\u00df) nach 10 Jahren:<\/b> 23 %.<\/p>\n<p class=\"p2\">&#8211; <b>Gewinnschwelle:<\/b> 3,77 Jahre<\/p>\n<p class=\"p1\"><b>Zus\u00e4tzliche \u00dcberlegungen:<\/b><\/p>\n<p class=\"p2\">&#8211; Die Bestrahlungsdauer liegt zwischen 2.075 und 1.750 Stunden, je nach Technologie (einachsige oder feste Nachf\u00fchrung) und Standort.<\/p>\n<p class=\"p2\">&#8211; Die Werkskosten variieren je nach Vereinbarungen mit chinesischen Lieferanten, Einfuhrsteuern, Standort, Logistik und Werksgr\u00f6\u00dfe mit einer Schwankungsbreite von +\/- 7 %.<\/p>\n<p class=\"p2\">&#8211; Die Einnahmen h\u00e4ngen vom regionalen Tarif, den Vertriebskosten und dem Gesch\u00e4ftsmodell (B2B oder B2C) ab. Im B2C-Fall<span class=\"Apple-converted-space\">  <\/span>und durch den Aufbau eines eigenen Au\u00dfendienstes wird ein Anstieg der Einnahmen um 12-15 % erwartet.<\/p>\n<p class=\"p2\">&#8211; Wir sind uns der Wechselkursschwankungen bewusst und haben uns verpflichtet, uns durch spezielle Finanzinstrumente zu sch\u00fctzen, um ein umsichtiges Wechselkursrisikomanagement zu gew\u00e4hrleisten.<\/p>\n<p class=\"p2\">&#8211; Die Geb\u00fchren und Betriebskosten h\u00e4ngen sowohl von den Eventualwerten als auch von den projektspezifischen Merkmalen ab und schwanken um +\/- 4 %.<\/p>\n<p class=\"p1\"><b>Wirtschaftliche und \u00f6kologische Erw\u00e4gungen:<\/b><\/p>\n<p class=\"p1\">Das Photovoltaiksystem bietet nicht nur eine attraktive finanzielle Leistung, sondern tr\u00e4gt auch erheblich zur Verringerung der Kohlenstoffemissionen bei und unterst\u00fctzt damit die Bem\u00fchungen um einen \u00dcbergang zu nachhaltigeren und saubereren Energiequellen.<\/p>\n<p class=\"p1\">Die Ber\u00fccksichtigung einer PV-Anlage in Brasilien in der ESG-Bilanz ist m\u00f6glich und wird von den tats\u00e4chlichen Eigentumsverh\u00e4ltnissen des Unternehmens und dem Management der Energieproduktion abh\u00e4ngen. Wenn das Unternehmen die Anlage direkt besitzt und den Betrieb verwaltet, k\u00f6nnen die Emissionen und der daraus resultierende Nutzen in Scope 1 oder 2 erfasst werden, je nach Struktur des Unternehmens und seiner Aktivit\u00e4ten.<\/p>\n<p class=\"p1\"><b>Schlussfolgerungen:<\/b><\/p>\n<p class=\"p1\">Das Projekt in Montes Claros bietet eine einzigartige Gelegenheit f\u00fcr Investoren, die an einem wachsenden Markt im Bereich der erneuerbaren Energien interessiert sind. Mit einer Anfangsrendite von 27 %, einem 10-j\u00e4hrigen IRR von 23 % und einem Break Even von 3,77 Jahren verspricht dieses Projekt, \u00f6kologische Nachhaltigkeit und finanzielle Vorteile zu verbinden.<\/p>\n\t\t\t\t\t\t\t\t<\/div>\n\t\t\t\t<\/div>\n\t\t\t\t<div class=\"elementor-element elementor-element-684aba6 elementor-widget elementor-widget-heading\" data-id=\"684aba6\" data-element_type=\"widget\" data-e-type=\"widget\" data-widget_type=\"heading.default\">\n\t\t\t\t<div class=\"elementor-widget-container\">\n\t\t\t\t\t<h2 class=\"elementor-heading-title elementor-size-default\">Bitte beachten:<\/h2>\t\t\t\t<\/div>\n\t\t\t\t<\/div>\n\t\t\t\t<div class=\"elementor-element elementor-element-93892c9 elementor-widget elementor-widget-text-editor\" data-id=\"93892c9\" data-element_type=\"widget\" data-e-type=\"widget\" data-widget_type=\"text-editor.default\">\n\t\t\t\t<div class=\"elementor-widget-container\">\n\t\t\t\t\t\t\t\t\t<p><strong>Kommentare zu Kosten und Joint-Venture-M\u00f6glichkeiten f\u00fcr Photovoltaikanlagen<\/strong><\/p>\n<p>Wir m\u00f6chten betonen, dass die oben genannten Kosten reale und greifbare Kosten darstellen, die mit der Installation und dem Betrieb der Photovoltaikanlage in Brasilien verbunden sind. Es ist wichtig zu beachten, dass es sich hierbei um direkte Kosten handelt, die keinen Aufschlag des Bautr\u00e4gers enthalten.<\/p>\n<p>Diese Kostentransparenz soll zum Nachdenken anregen und die T\u00fcr f\u00fcr m\u00f6gliche Joint Ventures \u00f6ffnen. Wir sind davon \u00fcberzeugt, dass wir durch eine strategische Zusammenarbeit die Vorteile f\u00fcr beide Seiten maximieren und zur nachhaltigen Entwicklung und zum Ausbau der erneuerbaren Energien beitragen k\u00f6nnen.<\/p>\n<p>F\u00fcr diejenigen, die an einem Kauf der Photovoltaikanlage interessiert sind, wenn diese vollst\u00e4ndig angeschlossen ist, ist es wichtig zu wissen, dass der Zielpreis bei 1,2 Millionen Euro pro MWp liegt. Zu diesem Betrag kommen noch die j\u00e4hrlichen Betriebskosten hinzu, die durch Partnerschaften mit qualifizierten, von uns bereits identifizierten Unternehmen getragen werden.<\/p>\n<p>Diese Kaufperspektive bietet eine klare und strukturierte M\u00f6glichkeit f\u00fcr diejenigen, die in eine bereits in Betrieb befindliche Photovoltaikanlage investieren und sofort von einer nachhaltigen Rendite profitieren m\u00f6chten. Wir sind bereit, diese M\u00f6glichkeit weiter zu er\u00f6rtern und denjenigen, die an dieser Investitionsm\u00f6glichkeit im Bereich der erneuerbaren Energien interessiert sind, n\u00e4here Einzelheiten zu nennen.<\/p>\n\t\t\t\t\t\t\t\t<\/div>\n\t\t\t\t<\/div>\n\t\t\t\t\t<\/div>\n\t\t\t\t<\/div>\n\t\t<div class=\"elementor-element elementor-element-8ebf30b e-flex e-con-boxed e-con e-parent\" data-id=\"8ebf30b\" data-element_type=\"container\" data-e-type=\"container\">\n\t\t\t\t\t<div class=\"e-con-inner\">\n\t\t<div class=\"elementor-element elementor-element-420ef83 e-con-full e-flex e-con e-child\" data-id=\"420ef83\" data-element_type=\"container\" data-e-type=\"container\">\n\t\t\t\t<div class=\"elementor-element elementor-element-113c7ba elementor-widget elementor-widget-heading\" data-id=\"113c7ba\" data-element_type=\"widget\" data-e-type=\"widget\" data-widget_type=\"heading.default\">\n\t\t\t\t<div class=\"elementor-widget-container\">\n\t\t\t\t\t<h2 class=\"elementor-heading-title elementor-size-default\">Optimale Bestrahlung<\/h2>\t\t\t\t<\/div>\n\t\t\t\t<\/div>\n\t\t\t\t<div class=\"elementor-element elementor-element-a475741 elementor-widget elementor-widget-text-editor\" data-id=\"a475741\" data-element_type=\"widget\" data-e-type=\"widget\" data-widget_type=\"text-editor.default\">\n\t\t\t\t<div class=\"elementor-widget-container\">\n\t\t\t\t\t\t\t\t\t<p>Die Bestrahlung variiert zwischen 2.075 Stunden und 1.750 kWh\/m\u00b2\/Jahr, je nach Technologie (einachsige oder feste Nachf\u00fchrung) und Standort.<\/p>\n\t\t\t\t\t\t\t\t<\/div>\n\t\t\t\t<\/div>\n\t\t\t\t<\/div>\n\t\t<div class=\"elementor-element elementor-element-9af85ca e-con-full e-flex e-con e-child\" data-id=\"9af85ca\" data-element_type=\"container\" data-e-type=\"container\">\n\t\t\t\t<div class=\"elementor-element elementor-element-ebb4d44 elementor-widget elementor-widget-image\" data-id=\"ebb4d44\" data-element_type=\"widget\" data-e-type=\"widget\" data-widget_type=\"image.default\">\n\t\t\t\t<div class=\"elementor-widget-container\">\n\t\t\t\t\t\t\t\t\t\t\t\t\t\t\t<img decoding=\"async\" width=\"800\" height=\"933\" src=\"https:\/\/oxygensavestheplanet.com\/wp-content\/uploads\/2024\/01\/Irragiamento-Brasile-con-Valori-878x1024.png\" class=\"attachment-large size-large wp-image-5039\" alt=\"\" srcset=\"https:\/\/oxygensavestheplanet.com\/wp-content\/uploads\/2024\/01\/Irragiamento-Brasile-con-Valori-878x1024.png 878w, https:\/\/oxygensavestheplanet.com\/wp-content\/uploads\/2024\/01\/Irragiamento-Brasile-con-Valori-257x300.png 257w, https:\/\/oxygensavestheplanet.com\/wp-content\/uploads\/2024\/01\/Irragiamento-Brasile-con-Valori-768x896.png 768w, https:\/\/oxygensavestheplanet.com\/wp-content\/uploads\/2024\/01\/Irragiamento-Brasile-con-Valori.png 1080w\" sizes=\"(max-width: 800px) 100vw, 800px\" \/>\t\t\t\t\t\t\t\t\t\t\t\t\t\t\t<\/div>\n\t\t\t\t<\/div>\n\t\t\t\t<\/div>\n\t\t\t\t\t<\/div>\n\t\t\t\t<\/div>\n\t\t<div class=\"elementor-element elementor-element-ebf0f74 e-flex e-con-boxed e-con e-parent\" data-id=\"ebf0f74\" data-element_type=\"container\" data-e-type=\"container\">\n\t\t\t\t\t<div class=\"e-con-inner\">\n\t\t\t\t<div class=\"elementor-element elementor-element-051471d elementor-widget elementor-widget-image\" data-id=\"051471d\" data-element_type=\"widget\" data-e-type=\"widget\" data-widget_type=\"image.default\">\n\t\t\t\t<div class=\"elementor-widget-container\">\n\t\t\t\t\t\t\t\t\t\t\t\t\t\t\t<img decoding=\"async\" width=\"800\" height=\"265\" src=\"https:\/\/oxygensavestheplanet.com\/wp-content\/uploads\/2024\/01\/Schermata-2024-01-17-alle-14.46.32-1024x339.png\" class=\"attachment-large size-large wp-image-5194\" alt=\"\" srcset=\"https:\/\/oxygensavestheplanet.com\/wp-content\/uploads\/2024\/01\/Schermata-2024-01-17-alle-14.46.32-1024x339.png 1024w, https:\/\/oxygensavestheplanet.com\/wp-content\/uploads\/2024\/01\/Schermata-2024-01-17-alle-14.46.32-300x99.png 300w, https:\/\/oxygensavestheplanet.com\/wp-content\/uploads\/2024\/01\/Schermata-2024-01-17-alle-14.46.32-768x254.png 768w, https:\/\/oxygensavestheplanet.com\/wp-content\/uploads\/2024\/01\/Schermata-2024-01-17-alle-14.46.32.png 1246w\" sizes=\"(max-width: 800px) 100vw, 800px\" \/>\t\t\t\t\t\t\t\t\t\t\t\t\t\t\t<\/div>\n\t\t\t\t<\/div>\n\t\t\t\t\t<\/div>\n\t\t\t\t<\/div>\n\t\t\t\t<\/div>\n\t\t","protected":false},"excerpt":{"rendered":"<p>Einleitung: Montes Claros, eine Gemeinde im brasilianischen Bundesstaat Minas Gerais, ist der ideale Ort f\u00fcr ein ehrgeiziges Projekt im Bereich der erneuerbaren Energien. Mit ihren 415.000 Einwohnern und ihrer strategischen Lage in der Mesoregion Norte de Minas bietet die Stadt ein g\u00fcnstiges Umfeld f\u00fcr die Entwicklung einer Photovoltaikanlage. Fotovoltaikanlage in Montes Claros, Minas Gerais, Brasilien [&hellip;]<\/p>\n","protected":false},"author":1,"featured_media":0,"parent":0,"menu_order":0,"comment_status":"closed","ping_status":"closed","template":"","meta":{"inline_featured_image":false,"footnotes":""},"class_list":["post-5052","page","type-page","status-publish","hentry"],"yoast_head":"<!-- This site is optimized with the Yoast SEO plugin v27.5 - https:\/\/yoast.com\/product\/yoast-seo-wordpress\/ -->\n<title>Montes Claros - OxygenSavesThePlanet<\/title>\n<meta name=\"robots\" content=\"noindex, follow, max-snippet:-1, max-image-preview:large, max-video-preview:-1\" \/>\n<meta property=\"og:locale\" content=\"de_DE\" \/>\n<meta property=\"og:type\" content=\"article\" \/>\n<meta property=\"og:title\" content=\"Montes Claros - OxygenSavesThePlanet\" \/>\n<meta property=\"og:description\" content=\"Einleitung: Montes Claros, eine Gemeinde im brasilianischen Bundesstaat Minas Gerais, ist der ideale Ort f\u00fcr ein ehrgeiziges Projekt im Bereich der erneuerbaren Energien. Mit ihren 415.000 Einwohnern und ihrer strategischen Lage in der Mesoregion Norte de Minas bietet die Stadt ein g\u00fcnstiges Umfeld f\u00fcr die Entwicklung einer Photovoltaikanlage. Fotovoltaikanlage in Montes Claros, Minas Gerais, Brasilien [&hellip;]\" \/>\n<meta property=\"og:url\" content=\"https:\/\/oxygensavestheplanet.com\/de\/pv-anlage-montes-claros\/\" \/>\n<meta property=\"og:site_name\" content=\"OxygenSavesThePlanet\" \/>\n<meta property=\"article:modified_time\" content=\"2024-01-17T13:48:59+00:00\" \/>\n<meta property=\"og:image\" content=\"https:\/\/oxygensavestheplanet.com\/wp-content\/uploads\/2024\/01\/1024px-MinasGerais_Municip_MontesClaros.svg.png\" \/>\n<meta name=\"twitter:card\" content=\"summary_large_image\" \/>\n<meta name=\"twitter:label1\" content=\"Gesch\u00e4tzte Lesezeit\" \/>\n\t<meta name=\"twitter:data1\" content=\"3\u00a0Minuten\" \/>\n<script type=\"application\/ld+json\" class=\"yoast-schema-graph\">{\"@context\":\"https:\\\/\\\/schema.org\",\"@graph\":[{\"@type\":\"WebPage\",\"@id\":\"https:\\\/\\\/oxygensavestheplanet.com\\\/de\\\/pv-anlage-montes-claros\\\/\",\"url\":\"https:\\\/\\\/oxygensavestheplanet.com\\\/de\\\/pv-anlage-montes-claros\\\/\",\"name\":\"Montes Claros - OxygenSavesThePlanet\",\"isPartOf\":{\"@id\":\"https:\\\/\\\/oxygensavestheplanet.com\\\/de\\\/#website\"},\"primaryImageOfPage\":{\"@id\":\"https:\\\/\\\/oxygensavestheplanet.com\\\/de\\\/pv-anlage-montes-claros\\\/#primaryimage\"},\"image\":{\"@id\":\"https:\\\/\\\/oxygensavestheplanet.com\\\/de\\\/pv-anlage-montes-claros\\\/#primaryimage\"},\"thumbnailUrl\":\"https:\\\/\\\/oxygensavestheplanet.com\\\/wp-content\\\/uploads\\\/2024\\\/01\\\/1024px-MinasGerais_Municip_MontesClaros.svg.png\",\"datePublished\":\"2024-01-17T11:51:07+00:00\",\"dateModified\":\"2024-01-17T13:48:59+00:00\",\"breadcrumb\":{\"@id\":\"https:\\\/\\\/oxygensavestheplanet.com\\\/de\\\/pv-anlage-montes-claros\\\/#breadcrumb\"},\"inLanguage\":\"de\",\"potentialAction\":[{\"@type\":\"ReadAction\",\"target\":[\"https:\\\/\\\/oxygensavestheplanet.com\\\/de\\\/pv-anlage-montes-claros\\\/\"]}]},{\"@type\":\"ImageObject\",\"inLanguage\":\"de\",\"@id\":\"https:\\\/\\\/oxygensavestheplanet.com\\\/de\\\/pv-anlage-montes-claros\\\/#primaryimage\",\"url\":\"https:\\\/\\\/oxygensavestheplanet.com\\\/wp-content\\\/uploads\\\/2024\\\/01\\\/1024px-MinasGerais_Municip_MontesClaros.svg.png\",\"contentUrl\":\"https:\\\/\\\/oxygensavestheplanet.com\\\/wp-content\\\/uploads\\\/2024\\\/01\\\/1024px-MinasGerais_Municip_MontesClaros.svg.png\"},{\"@type\":\"BreadcrumbList\",\"@id\":\"https:\\\/\\\/oxygensavestheplanet.com\\\/de\\\/pv-anlage-montes-claros\\\/#breadcrumb\",\"itemListElement\":[{\"@type\":\"ListItem\",\"position\":1,\"name\":\"Home\",\"item\":\"https:\\\/\\\/oxygensavestheplanet.com\\\/de\\\/startseite\\\/\"},{\"@type\":\"ListItem\",\"position\":2,\"name\":\"Montes Claros\"}]},{\"@type\":\"WebSite\",\"@id\":\"https:\\\/\\\/oxygensavestheplanet.com\\\/de\\\/#website\",\"url\":\"https:\\\/\\\/oxygensavestheplanet.com\\\/de\\\/\",\"name\":\"OxygenSavesThePlanet\",\"description\":\"Verifiable Green, Tangible Impact\",\"publisher\":{\"@id\":\"https:\\\/\\\/oxygensavestheplanet.com\\\/de\\\/#organization\"},\"potentialAction\":[{\"@type\":\"SearchAction\",\"target\":{\"@type\":\"EntryPoint\",\"urlTemplate\":\"https:\\\/\\\/oxygensavestheplanet.com\\\/de\\\/?s={search_term_string}\"},\"query-input\":{\"@type\":\"PropertyValueSpecification\",\"valueRequired\":true,\"valueName\":\"search_term_string\"}}],\"inLanguage\":\"de\"},{\"@type\":\"Organization\",\"@id\":\"https:\\\/\\\/oxygensavestheplanet.com\\\/de\\\/#organization\",\"name\":\"OxygenSavesThePlanet\",\"url\":\"https:\\\/\\\/oxygensavestheplanet.com\\\/de\\\/\",\"logo\":{\"@type\":\"ImageObject\",\"inLanguage\":\"de\",\"@id\":\"https:\\\/\\\/oxygensavestheplanet.com\\\/de\\\/#\\\/schema\\\/logo\\\/image\\\/\",\"url\":\"https:\\\/\\\/oxygensavestheplanet.com\\\/wp-content\\\/uploads\\\/2023\\\/10\\\/cropped-con-sfondo.png\",\"contentUrl\":\"https:\\\/\\\/oxygensavestheplanet.com\\\/wp-content\\\/uploads\\\/2023\\\/10\\\/cropped-con-sfondo.png\",\"width\":512,\"height\":512,\"caption\":\"OxygenSavesThePlanet\"},\"image\":{\"@id\":\"https:\\\/\\\/oxygensavestheplanet.com\\\/de\\\/#\\\/schema\\\/logo\\\/image\\\/\"}}]}<\/script>\n<!-- \/ Yoast SEO plugin. -->","yoast_head_json":{"title":"Montes Claros - OxygenSavesThePlanet","robots":{"index":"noindex","follow":"follow","max-snippet":"max-snippet:-1","max-image-preview":"max-image-preview:large","max-video-preview":"max-video-preview:-1"},"og_locale":"de_DE","og_type":"article","og_title":"Montes Claros - OxygenSavesThePlanet","og_description":"Einleitung: Montes Claros, eine Gemeinde im brasilianischen Bundesstaat Minas Gerais, ist der ideale Ort f\u00fcr ein ehrgeiziges Projekt im Bereich der erneuerbaren Energien. Mit ihren 415.000 Einwohnern und ihrer strategischen Lage in der Mesoregion Norte de Minas bietet die Stadt ein g\u00fcnstiges Umfeld f\u00fcr die Entwicklung einer Photovoltaikanlage. Fotovoltaikanlage in Montes Claros, Minas Gerais, Brasilien [&hellip;]","og_url":"https:\/\/oxygensavestheplanet.com\/de\/pv-anlage-montes-claros\/","og_site_name":"OxygenSavesThePlanet","article_modified_time":"2024-01-17T13:48:59+00:00","og_image":[{"url":"https:\/\/oxygensavestheplanet.com\/wp-content\/uploads\/2024\/01\/1024px-MinasGerais_Municip_MontesClaros.svg.png","type":"","width":"","height":""}],"twitter_card":"summary_large_image","twitter_misc":{"Gesch\u00e4tzte Lesezeit":"3\u00a0Minuten"},"schema":{"@context":"https:\/\/schema.org","@graph":[{"@type":"WebPage","@id":"https:\/\/oxygensavestheplanet.com\/de\/pv-anlage-montes-claros\/","url":"https:\/\/oxygensavestheplanet.com\/de\/pv-anlage-montes-claros\/","name":"Montes Claros - OxygenSavesThePlanet","isPartOf":{"@id":"https:\/\/oxygensavestheplanet.com\/de\/#website"},"primaryImageOfPage":{"@id":"https:\/\/oxygensavestheplanet.com\/de\/pv-anlage-montes-claros\/#primaryimage"},"image":{"@id":"https:\/\/oxygensavestheplanet.com\/de\/pv-anlage-montes-claros\/#primaryimage"},"thumbnailUrl":"https:\/\/oxygensavestheplanet.com\/wp-content\/uploads\/2024\/01\/1024px-MinasGerais_Municip_MontesClaros.svg.png","datePublished":"2024-01-17T11:51:07+00:00","dateModified":"2024-01-17T13:48:59+00:00","breadcrumb":{"@id":"https:\/\/oxygensavestheplanet.com\/de\/pv-anlage-montes-claros\/#breadcrumb"},"inLanguage":"de","potentialAction":[{"@type":"ReadAction","target":["https:\/\/oxygensavestheplanet.com\/de\/pv-anlage-montes-claros\/"]}]},{"@type":"ImageObject","inLanguage":"de","@id":"https:\/\/oxygensavestheplanet.com\/de\/pv-anlage-montes-claros\/#primaryimage","url":"https:\/\/oxygensavestheplanet.com\/wp-content\/uploads\/2024\/01\/1024px-MinasGerais_Municip_MontesClaros.svg.png","contentUrl":"https:\/\/oxygensavestheplanet.com\/wp-content\/uploads\/2024\/01\/1024px-MinasGerais_Municip_MontesClaros.svg.png"},{"@type":"BreadcrumbList","@id":"https:\/\/oxygensavestheplanet.com\/de\/pv-anlage-montes-claros\/#breadcrumb","itemListElement":[{"@type":"ListItem","position":1,"name":"Home","item":"https:\/\/oxygensavestheplanet.com\/de\/startseite\/"},{"@type":"ListItem","position":2,"name":"Montes Claros"}]},{"@type":"WebSite","@id":"https:\/\/oxygensavestheplanet.com\/de\/#website","url":"https:\/\/oxygensavestheplanet.com\/de\/","name":"OxygenSavesThePlanet","description":"Verifiable Green, Tangible Impact","publisher":{"@id":"https:\/\/oxygensavestheplanet.com\/de\/#organization"},"potentialAction":[{"@type":"SearchAction","target":{"@type":"EntryPoint","urlTemplate":"https:\/\/oxygensavestheplanet.com\/de\/?s={search_term_string}"},"query-input":{"@type":"PropertyValueSpecification","valueRequired":true,"valueName":"search_term_string"}}],"inLanguage":"de"},{"@type":"Organization","@id":"https:\/\/oxygensavestheplanet.com\/de\/#organization","name":"OxygenSavesThePlanet","url":"https:\/\/oxygensavestheplanet.com\/de\/","logo":{"@type":"ImageObject","inLanguage":"de","@id":"https:\/\/oxygensavestheplanet.com\/de\/#\/schema\/logo\/image\/","url":"https:\/\/oxygensavestheplanet.com\/wp-content\/uploads\/2023\/10\/cropped-con-sfondo.png","contentUrl":"https:\/\/oxygensavestheplanet.com\/wp-content\/uploads\/2023\/10\/cropped-con-sfondo.png","width":512,"height":512,"caption":"OxygenSavesThePlanet"},"image":{"@id":"https:\/\/oxygensavestheplanet.com\/de\/#\/schema\/logo\/image\/"}}]}},"_links":{"self":[{"href":"https:\/\/oxygensavestheplanet.com\/de\/wp-json\/wp\/v2\/pages\/5052","targetHints":{"allow":["GET"]}}],"collection":[{"href":"https:\/\/oxygensavestheplanet.com\/de\/wp-json\/wp\/v2\/pages"}],"about":[{"href":"https:\/\/oxygensavestheplanet.com\/de\/wp-json\/wp\/v2\/types\/page"}],"author":[{"embeddable":true,"href":"https:\/\/oxygensavestheplanet.com\/de\/wp-json\/wp\/v2\/users\/1"}],"replies":[{"embeddable":true,"href":"https:\/\/oxygensavestheplanet.com\/de\/wp-json\/wp\/v2\/comments?post=5052"}],"version-history":[{"count":9,"href":"https:\/\/oxygensavestheplanet.com\/de\/wp-json\/wp\/v2\/pages\/5052\/revisions"}],"predecessor-version":[{"id":5205,"href":"https:\/\/oxygensavestheplanet.com\/de\/wp-json\/wp\/v2\/pages\/5052\/revisions\/5205"}],"wp:attachment":[{"href":"https:\/\/oxygensavestheplanet.com\/de\/wp-json\/wp\/v2\/media?parent=5052"}],"curies":[{"name":"wp","href":"https:\/\/api.w.org\/{rel}","templated":true}]}}