{"id":3612,"date":"2023-09-28T18:51:26","date_gmt":"2023-09-28T16:51:26","guid":{"rendered":"https:\/\/oxygensavestheplanet.com\/oportunidades\/"},"modified":"2024-01-10T14:47:45","modified_gmt":"2024-01-10T13:47:45","slug":"oportunidades","status":"publish","type":"page","link":"https:\/\/oxygensavestheplanet.com\/es\/oportunidades\/","title":{"rendered":"Oportunidades"},"content":{"rendered":"\t\t<div data-elementor-type=\"wp-page\" data-elementor-id=\"3612\" class=\"elementor elementor-3612 elementor-635\" data-elementor-post-type=\"page\">\n\t\t\t\t<div class=\"elementor-element elementor-element-7b0a291 e-flex e-con-boxed e-con e-parent\" data-id=\"7b0a291\" data-element_type=\"container\" data-e-type=\"container\">\n\t\t\t\t\t<div class=\"e-con-inner\">\n\t\t\t\t<div class=\"elementor-element elementor-element-596e861 elementor-widget elementor-widget-image\" data-id=\"596e861\" data-element_type=\"widget\" data-e-type=\"widget\" data-widget_type=\"image.default\">\n\t\t\t\t<div class=\"elementor-widget-container\">\n\t\t\t\t\t\t\t\t\t\t\t\t\t\t\t<img fetchpriority=\"high\" decoding=\"async\" width=\"2560\" height=\"1588\" src=\"https:\/\/oxygensavestheplanet.com\/wp-content\/uploads\/2023\/10\/2-Texture-ridotto-scaled.jpg\" class=\"attachment-full size-full wp-image-2624\" alt=\"\" srcset=\"https:\/\/oxygensavestheplanet.com\/wp-content\/uploads\/2023\/10\/2-Texture-ridotto-scaled.jpg 2560w, https:\/\/oxygensavestheplanet.com\/wp-content\/uploads\/2023\/10\/2-Texture-ridotto-300x186.jpg 300w, https:\/\/oxygensavestheplanet.com\/wp-content\/uploads\/2023\/10\/2-Texture-ridotto-1024x635.jpg 1024w, https:\/\/oxygensavestheplanet.com\/wp-content\/uploads\/2023\/10\/2-Texture-ridotto-768x476.jpg 768w, https:\/\/oxygensavestheplanet.com\/wp-content\/uploads\/2023\/10\/2-Texture-ridotto-1536x953.jpg 1536w, https:\/\/oxygensavestheplanet.com\/wp-content\/uploads\/2023\/10\/2-Texture-ridotto-2048x1271.jpg 2048w\" sizes=\"(max-width: 2560px) 100vw, 2560px\" \/>\t\t\t\t\t\t\t\t\t\t\t\t\t\t\t<\/div>\n\t\t\t\t<\/div>\n\t\t\t\t<div class=\"elementor-element elementor-element-442fdf01 elementor-widget elementor-widget-heading\" data-id=\"442fdf01\" data-element_type=\"widget\" data-e-type=\"widget\" data-widget_type=\"heading.default\">\n\t\t\t\t<div class=\"elementor-widget-container\">\n\t\t\t\t\t<h2 class=\"elementor-heading-title elementor-size-default\">Las oportunidades que le ofrecemos<\/h2>\t\t\t\t<\/div>\n\t\t\t\t<\/div>\n\t\t\t\t<div class=\"elementor-element elementor-element-61b935c elementor-align-center elementor-widget elementor-widget-button\" data-id=\"61b935c\" data-element_type=\"widget\" data-e-type=\"widget\" data-widget_type=\"button.default\">\n\t\t\t\t<div class=\"elementor-widget-container\">\n\t\t\t\t\t\t\t\t\t<div class=\"elementor-button-wrapper\">\n\t\t\t\t\t<a class=\"elementor-button elementor-button-link elementor-size-sm\" href=\"https:\/\/1zyzkknw4z1.typeform.com\/to\/Nzb8G5ow\">\n\t\t\t\t\t\t<span class=\"elementor-button-content-wrapper\">\n\t\t\t\t\t\t\t\t\t<span class=\"elementor-button-text\">Contacte con nosotros<\/span>\n\t\t\t\t\t<\/span>\n\t\t\t\t\t<\/a>\n\t\t\t\t<\/div>\n\t\t\t\t\t\t\t\t<\/div>\n\t\t\t\t<\/div>\n\t\t\t\t\t<\/div>\n\t\t\t\t<\/div>\n\t\t<div class=\"elementor-element elementor-element-0f14602 e-flex e-con-boxed e-con e-parent\" data-id=\"0f14602\" data-element_type=\"container\" data-e-type=\"container\">\n\t\t\t\t\t<div class=\"e-con-inner\">\n\t\t<div class=\"elementor-element elementor-element-c56218f e-con-full e-flex e-con e-child\" data-id=\"c56218f\" data-element_type=\"container\" data-e-type=\"container\">\n\t\t\t\t<div class=\"elementor-element elementor-element-7b53d13 elementor-widget__width-initial elementor-position-top elementor-widget elementor-widget-image-box\" data-id=\"7b53d13\" data-element_type=\"widget\" data-e-type=\"widget\" data-widget_type=\"image-box.default\">\n\t\t\t\t<div class=\"elementor-widget-container\">\n\t\t\t\t\t<div class=\"elementor-image-box-wrapper\"><figure class=\"elementor-image-box-img\"><a href=\"https:\/\/oxygensavestheplanet.com\/es\/creditos-carbone\/\" tabindex=\"-1\"><img decoding=\"async\" width=\"1080\" height=\"1080\" src=\"https:\/\/oxygensavestheplanet.com\/wp-content\/uploads\/2023\/10\/Carbon-Credit.jpg\" class=\"elementor-animation-grow attachment-full size-full wp-image-1403\" alt=\"\" srcset=\"https:\/\/oxygensavestheplanet.com\/wp-content\/uploads\/2023\/10\/Carbon-Credit.jpg 1080w, https:\/\/oxygensavestheplanet.com\/wp-content\/uploads\/2023\/10\/Carbon-Credit-300x300.jpg 300w, https:\/\/oxygensavestheplanet.com\/wp-content\/uploads\/2023\/10\/Carbon-Credit-1024x1024.jpg 1024w, https:\/\/oxygensavestheplanet.com\/wp-content\/uploads\/2023\/10\/Carbon-Credit-150x150.jpg 150w, https:\/\/oxygensavestheplanet.com\/wp-content\/uploads\/2023\/10\/Carbon-Credit-768x768.jpg 768w\" sizes=\"(max-width: 1080px) 100vw, 1080px\" \/><\/a><\/figure><div class=\"elementor-image-box-content\"><h3 class=\"elementor-image-box-title\"><a href=\"https:\/\/oxygensavestheplanet.com\/es\/creditos-carbone\/\">Cr\u00e9ditos de carbono<\/a><\/h3><p class=\"elementor-image-box-description\">Comercio de cr\u00e9ditos de alta calidad en REDD+ y normas ARR<\/p><\/div><\/div>\t\t\t\t<\/div>\n\t\t\t\t<\/div>\n\t\t\t\t<\/div>\n\t\t<div class=\"elementor-element elementor-element-741bcb7 e-con-full e-flex e-con e-child\" data-id=\"741bcb7\" data-element_type=\"container\" data-e-type=\"container\">\n\t\t\t\t<div class=\"elementor-element elementor-element-781d4e6 elementor-widget__width-initial elementor-position-top elementor-widget elementor-widget-image-box\" data-id=\"781d4e6\" data-element_type=\"widget\" data-e-type=\"widget\" data-widget_type=\"image-box.default\">\n\t\t\t\t<div class=\"elementor-widget-container\">\n\t\t\t\t\t<div class=\"elementor-image-box-wrapper\"><figure class=\"elementor-image-box-img\"><a href=\"https:\/\/oxygensavestheplanet.com\/es\/proyectos-forestales\/\" tabindex=\"-1\"><img decoding=\"async\" width=\"1080\" height=\"1080\" src=\"https:\/\/oxygensavestheplanet.com\/wp-content\/uploads\/2023\/10\/Foresta.jpg\" class=\"elementor-animation-grow attachment-full size-full wp-image-1399\" alt=\"\" srcset=\"https:\/\/oxygensavestheplanet.com\/wp-content\/uploads\/2023\/10\/Foresta.jpg 1080w, https:\/\/oxygensavestheplanet.com\/wp-content\/uploads\/2023\/10\/Foresta-300x300.jpg 300w, https:\/\/oxygensavestheplanet.com\/wp-content\/uploads\/2023\/10\/Foresta-1024x1024.jpg 1024w, https:\/\/oxygensavestheplanet.com\/wp-content\/uploads\/2023\/10\/Foresta-150x150.jpg 150w, https:\/\/oxygensavestheplanet.com\/wp-content\/uploads\/2023\/10\/Foresta-768x768.jpg 768w\" sizes=\"(max-width: 1080px) 100vw, 1080px\" \/><\/a><\/figure><div class=\"elementor-image-box-content\"><h3 class=\"elementor-image-box-title\"><a href=\"https:\/\/oxygensavestheplanet.com\/es\/proyectos-forestales\/\">Proyectos forestales<\/a><\/h3><p class=\"elementor-image-box-description\">Participaci\u00f3n o compra de proyectos de desarrollo forestal para la producci\u00f3n de cr\u00e9ditos de carbono<\/p><\/div><\/div>\t\t\t\t<\/div>\n\t\t\t\t<\/div>\n\t\t\t\t<\/div>\n\t\t<div class=\"elementor-element elementor-element-72b1598 e-con-full e-flex e-con e-child\" data-id=\"72b1598\" data-element_type=\"container\" data-e-type=\"container\">\n\t\t\t\t<div class=\"elementor-element elementor-element-20b15db elementor-widget__width-initial elementor-position-top elementor-widget elementor-widget-image-box\" data-id=\"20b15db\" data-element_type=\"widget\" data-e-type=\"widget\" data-widget_type=\"image-box.default\">\n\t\t\t\t<div class=\"elementor-widget-container\">\n\t\t\t\t\t<div class=\"elementor-image-box-wrapper\"><figure class=\"elementor-image-box-img\"><a href=\"https:\/\/oxygensavestheplanet.com\/es\/energia-fotovoltaica-y-eolica\/\" tabindex=\"-1\"><img loading=\"lazy\" decoding=\"async\" width=\"1080\" height=\"1080\" src=\"https:\/\/oxygensavestheplanet.com\/wp-content\/uploads\/2023\/10\/Fotovoltaico-1.jpg\" class=\"elementor-animation-grow attachment-full size-full wp-image-1402\" alt=\"\" srcset=\"https:\/\/oxygensavestheplanet.com\/wp-content\/uploads\/2023\/10\/Fotovoltaico-1.jpg 1080w, https:\/\/oxygensavestheplanet.com\/wp-content\/uploads\/2023\/10\/Fotovoltaico-1-300x300.jpg 300w, https:\/\/oxygensavestheplanet.com\/wp-content\/uploads\/2023\/10\/Fotovoltaico-1-1024x1024.jpg 1024w, https:\/\/oxygensavestheplanet.com\/wp-content\/uploads\/2023\/10\/Fotovoltaico-1-150x150.jpg 150w, https:\/\/oxygensavestheplanet.com\/wp-content\/uploads\/2023\/10\/Fotovoltaico-1-768x768.jpg 768w\" sizes=\"(max-width: 1080px) 100vw, 1080px\" \/><\/a><\/figure><div class=\"elementor-image-box-content\"><h3 class=\"elementor-image-box-title\"><a href=\"https:\/\/oxygensavestheplanet.com\/es\/energia-fotovoltaica-y-eolica\/\">Sistemas fotovoltaicos<\/a><\/h3><p class=\"elementor-image-box-description\">Participaci\u00f3n o compra de proyectos de plantas fotovoltaicas<\/p><\/div><\/div>\t\t\t\t<\/div>\n\t\t\t\t<\/div>\n\t\t\t\t<\/div>\n\t\t\t\t\t<\/div>\n\t\t\t\t<\/div>\n\t\t<div class=\"elementor-element elementor-element-609f015 e-flex e-con-boxed e-con e-parent\" data-id=\"609f015\" data-element_type=\"container\" data-e-type=\"container\">\n\t\t\t\t\t<div class=\"e-con-inner\">\n\t\t\t\t<div class=\"elementor-element elementor-element-8a961b4 elementor-widget elementor-widget-heading\" data-id=\"8a961b4\" data-element_type=\"widget\" data-e-type=\"widget\" data-widget_type=\"heading.default\">\n\t\t\t\t<div class=\"elementor-widget-container\">\n\t\t\t\t\t<h2 class=\"elementor-heading-title elementor-size-default\">Elija el tipo de inversi\u00f3n que m\u00e1s le convenga.<\/h2>\t\t\t\t<\/div>\n\t\t\t\t<\/div>\n\t\t\t\t<div class=\"elementor-element elementor-element-23aa2c9 elementor-align-center elementor-widget elementor-widget-button\" data-id=\"23aa2c9\" data-element_type=\"widget\" data-e-type=\"widget\" data-widget_type=\"button.default\">\n\t\t\t\t<div class=\"elementor-widget-container\">\n\t\t\t\t\t\t\t\t\t<div class=\"elementor-button-wrapper\">\n\t\t\t\t\t<a class=\"elementor-button elementor-button-link elementor-size-sm\" href=\"https:\/\/1zyzkknw4z1.typeform.com\/to\/Nzb8G5ow\">\n\t\t\t\t\t\t<span class=\"elementor-button-content-wrapper\">\n\t\t\t\t\t\t\t\t\t<span class=\"elementor-button-text\">Contacte con nosotros<\/span>\n\t\t\t\t\t<\/span>\n\t\t\t\t\t<\/a>\n\t\t\t\t<\/div>\n\t\t\t\t\t\t\t\t<\/div>\n\t\t\t\t<\/div>\n\t\t\t\t\t<\/div>\n\t\t\t\t<\/div>\n\t\t\t\t<\/div>\n\t\t","protected":false},"excerpt":{"rendered":"<p>Las oportunidades que le ofrecemos Contacte con nosotros Cr\u00e9ditos de carbono Comercio de cr\u00e9ditos de alta calidad en REDD+ y normas ARR Proyectos forestales Participaci\u00f3n o compra de proyectos de desarrollo forestal para la producci\u00f3n de cr\u00e9ditos de carbono Sistemas fotovoltaicos Participaci\u00f3n o compra de proyectos de plantas fotovoltaicas Elija el tipo de inversi\u00f3n que [&hellip;]<\/p>\n","protected":false},"author":1,"featured_media":0,"parent":0,"menu_order":0,"comment_status":"closed","ping_status":"closed","template":"elementor_header_footer","meta":{"inline_featured_image":false,"footnotes":""},"class_list":["post-3612","page","type-page","status-publish","hentry"],"yoast_head":"<!-- This site is optimized with the Yoast SEO plugin v27.5 - https:\/\/yoast.com\/product\/yoast-seo-wordpress\/ -->\n<title>Oportunidades - OxygenSavesThePlanet<\/title>\n<meta name=\"robots\" content=\"noindex, follow, max-snippet:-1, max-image-preview:large, max-video-preview:-1\" \/>\n<meta property=\"og:locale\" content=\"es_ES\" \/>\n<meta property=\"og:type\" content=\"article\" \/>\n<meta property=\"og:title\" content=\"Oportunidades - OxygenSavesThePlanet\" \/>\n<meta property=\"og:description\" content=\"Las oportunidades que le ofrecemos Contacte con nosotros Cr\u00e9ditos de carbono Comercio de cr\u00e9ditos de alta calidad en REDD+ y normas ARR Proyectos forestales Participaci\u00f3n o compra de proyectos de desarrollo forestal para la producci\u00f3n de cr\u00e9ditos de carbono Sistemas fotovoltaicos Participaci\u00f3n o compra de proyectos de plantas fotovoltaicas Elija el tipo de inversi\u00f3n que [&hellip;]\" \/>\n<meta property=\"og:url\" content=\"https:\/\/oxygensavestheplanet.com\/es\/oportunidades\/\" \/>\n<meta property=\"og:site_name\" content=\"OxygenSavesThePlanet\" \/>\n<meta property=\"article:modified_time\" content=\"2024-01-10T13:47:45+00:00\" \/>\n<meta property=\"og:image\" content=\"https:\/\/oxygensavestheplanet.com\/wp-content\/uploads\/2023\/10\/2-Texture-ridotto-scaled.jpg\" \/>\n<meta name=\"twitter:card\" content=\"summary_large_image\" \/>\n<script type=\"application\/ld+json\" class=\"yoast-schema-graph\">{\"@context\":\"https:\\\/\\\/schema.org\",\"@graph\":[{\"@type\":\"WebPage\",\"@id\":\"https:\\\/\\\/oxygensavestheplanet.com\\\/es\\\/oportunidades\\\/\",\"url\":\"https:\\\/\\\/oxygensavestheplanet.com\\\/es\\\/oportunidades\\\/\",\"name\":\"Oportunidades - OxygenSavesThePlanet\",\"isPartOf\":{\"@id\":\"https:\\\/\\\/oxygensavestheplanet.com\\\/es\\\/#website\"},\"primaryImageOfPage\":{\"@id\":\"https:\\\/\\\/oxygensavestheplanet.com\\\/es\\\/oportunidades\\\/#primaryimage\"},\"image\":{\"@id\":\"https:\\\/\\\/oxygensavestheplanet.com\\\/es\\\/oportunidades\\\/#primaryimage\"},\"thumbnailUrl\":\"https:\\\/\\\/oxygensavestheplanet.com\\\/wp-content\\\/uploads\\\/2023\\\/10\\\/2-Texture-ridotto-scaled.jpg\",\"datePublished\":\"2023-09-28T16:51:26+00:00\",\"dateModified\":\"2024-01-10T13:47:45+00:00\",\"breadcrumb\":{\"@id\":\"https:\\\/\\\/oxygensavestheplanet.com\\\/es\\\/oportunidades\\\/#breadcrumb\"},\"inLanguage\":\"es\",\"potentialAction\":[{\"@type\":\"ReadAction\",\"target\":[\"https:\\\/\\\/oxygensavestheplanet.com\\\/es\\\/oportunidades\\\/\"]}]},{\"@type\":\"ImageObject\",\"inLanguage\":\"es\",\"@id\":\"https:\\\/\\\/oxygensavestheplanet.com\\\/es\\\/oportunidades\\\/#primaryimage\",\"url\":\"https:\\\/\\\/oxygensavestheplanet.com\\\/wp-content\\\/uploads\\\/2023\\\/10\\\/2-Texture-ridotto-scaled.jpg\",\"contentUrl\":\"https:\\\/\\\/oxygensavestheplanet.com\\\/wp-content\\\/uploads\\\/2023\\\/10\\\/2-Texture-ridotto-scaled.jpg\"},{\"@type\":\"BreadcrumbList\",\"@id\":\"https:\\\/\\\/oxygensavestheplanet.com\\\/es\\\/oportunidades\\\/#breadcrumb\",\"itemListElement\":[{\"@type\":\"ListItem\",\"position\":1,\"name\":\"Home\",\"item\":\"https:\\\/\\\/oxygensavestheplanet.com\\\/es\\\/inicio\\\/\"},{\"@type\":\"ListItem\",\"position\":2,\"name\":\"Oportunidades\"}]},{\"@type\":\"WebSite\",\"@id\":\"https:\\\/\\\/oxygensavestheplanet.com\\\/es\\\/#website\",\"url\":\"https:\\\/\\\/oxygensavestheplanet.com\\\/es\\\/\",\"name\":\"OxygenSavesThePlanet\",\"description\":\"Verifiable Green, Tangible Impact\",\"publisher\":{\"@id\":\"https:\\\/\\\/oxygensavestheplanet.com\\\/es\\\/#organization\"},\"potentialAction\":[{\"@type\":\"SearchAction\",\"target\":{\"@type\":\"EntryPoint\",\"urlTemplate\":\"https:\\\/\\\/oxygensavestheplanet.com\\\/es\\\/?s={search_term_string}\"},\"query-input\":{\"@type\":\"PropertyValueSpecification\",\"valueRequired\":true,\"valueName\":\"search_term_string\"}}],\"inLanguage\":\"es\"},{\"@type\":\"Organization\",\"@id\":\"https:\\\/\\\/oxygensavestheplanet.com\\\/es\\\/#organization\",\"name\":\"OxygenSavesThePlanet\",\"url\":\"https:\\\/\\\/oxygensavestheplanet.com\\\/es\\\/\",\"logo\":{\"@type\":\"ImageObject\",\"inLanguage\":\"es\",\"@id\":\"https:\\\/\\\/oxygensavestheplanet.com\\\/es\\\/#\\\/schema\\\/logo\\\/image\\\/\",\"url\":\"https:\\\/\\\/oxygensavestheplanet.com\\\/wp-content\\\/uploads\\\/2023\\\/10\\\/cropped-con-sfondo.png\",\"contentUrl\":\"https:\\\/\\\/oxygensavestheplanet.com\\\/wp-content\\\/uploads\\\/2023\\\/10\\\/cropped-con-sfondo.png\",\"width\":512,\"height\":512,\"caption\":\"OxygenSavesThePlanet\"},\"image\":{\"@id\":\"https:\\\/\\\/oxygensavestheplanet.com\\\/es\\\/#\\\/schema\\\/logo\\\/image\\\/\"}}]}<\/script>\n<!-- \/ Yoast SEO plugin. -->","yoast_head_json":{"title":"Oportunidades - OxygenSavesThePlanet","robots":{"index":"noindex","follow":"follow","max-snippet":"max-snippet:-1","max-image-preview":"max-image-preview:large","max-video-preview":"max-video-preview:-1"},"og_locale":"es_ES","og_type":"article","og_title":"Oportunidades - OxygenSavesThePlanet","og_description":"Las oportunidades que le ofrecemos Contacte con nosotros Cr\u00e9ditos de carbono Comercio de cr\u00e9ditos de alta calidad en REDD+ y normas ARR Proyectos forestales Participaci\u00f3n o compra de proyectos de desarrollo forestal para la producci\u00f3n de cr\u00e9ditos de carbono Sistemas fotovoltaicos Participaci\u00f3n o compra de proyectos de plantas fotovoltaicas Elija el tipo de inversi\u00f3n que [&hellip;]","og_url":"https:\/\/oxygensavestheplanet.com\/es\/oportunidades\/","og_site_name":"OxygenSavesThePlanet","article_modified_time":"2024-01-10T13:47:45+00:00","og_image":[{"url":"https:\/\/oxygensavestheplanet.com\/wp-content\/uploads\/2023\/10\/2-Texture-ridotto-scaled.jpg","type":"","width":"","height":""}],"twitter_card":"summary_large_image","schema":{"@context":"https:\/\/schema.org","@graph":[{"@type":"WebPage","@id":"https:\/\/oxygensavestheplanet.com\/es\/oportunidades\/","url":"https:\/\/oxygensavestheplanet.com\/es\/oportunidades\/","name":"Oportunidades - OxygenSavesThePlanet","isPartOf":{"@id":"https:\/\/oxygensavestheplanet.com\/es\/#website"},"primaryImageOfPage":{"@id":"https:\/\/oxygensavestheplanet.com\/es\/oportunidades\/#primaryimage"},"image":{"@id":"https:\/\/oxygensavestheplanet.com\/es\/oportunidades\/#primaryimage"},"thumbnailUrl":"https:\/\/oxygensavestheplanet.com\/wp-content\/uploads\/2023\/10\/2-Texture-ridotto-scaled.jpg","datePublished":"2023-09-28T16:51:26+00:00","dateModified":"2024-01-10T13:47:45+00:00","breadcrumb":{"@id":"https:\/\/oxygensavestheplanet.com\/es\/oportunidades\/#breadcrumb"},"inLanguage":"es","potentialAction":[{"@type":"ReadAction","target":["https:\/\/oxygensavestheplanet.com\/es\/oportunidades\/"]}]},{"@type":"ImageObject","inLanguage":"es","@id":"https:\/\/oxygensavestheplanet.com\/es\/oportunidades\/#primaryimage","url":"https:\/\/oxygensavestheplanet.com\/wp-content\/uploads\/2023\/10\/2-Texture-ridotto-scaled.jpg","contentUrl":"https:\/\/oxygensavestheplanet.com\/wp-content\/uploads\/2023\/10\/2-Texture-ridotto-scaled.jpg"},{"@type":"BreadcrumbList","@id":"https:\/\/oxygensavestheplanet.com\/es\/oportunidades\/#breadcrumb","itemListElement":[{"@type":"ListItem","position":1,"name":"Home","item":"https:\/\/oxygensavestheplanet.com\/es\/inicio\/"},{"@type":"ListItem","position":2,"name":"Oportunidades"}]},{"@type":"WebSite","@id":"https:\/\/oxygensavestheplanet.com\/es\/#website","url":"https:\/\/oxygensavestheplanet.com\/es\/","name":"OxygenSavesThePlanet","description":"Verifiable Green, Tangible Impact","publisher":{"@id":"https:\/\/oxygensavestheplanet.com\/es\/#organization"},"potentialAction":[{"@type":"SearchAction","target":{"@type":"EntryPoint","urlTemplate":"https:\/\/oxygensavestheplanet.com\/es\/?s={search_term_string}"},"query-input":{"@type":"PropertyValueSpecification","valueRequired":true,"valueName":"search_term_string"}}],"inLanguage":"es"},{"@type":"Organization","@id":"https:\/\/oxygensavestheplanet.com\/es\/#organization","name":"OxygenSavesThePlanet","url":"https:\/\/oxygensavestheplanet.com\/es\/","logo":{"@type":"ImageObject","inLanguage":"es","@id":"https:\/\/oxygensavestheplanet.com\/es\/#\/schema\/logo\/image\/","url":"https:\/\/oxygensavestheplanet.com\/wp-content\/uploads\/2023\/10\/cropped-con-sfondo.png","contentUrl":"https:\/\/oxygensavestheplanet.com\/wp-content\/uploads\/2023\/10\/cropped-con-sfondo.png","width":512,"height":512,"caption":"OxygenSavesThePlanet"},"image":{"@id":"https:\/\/oxygensavestheplanet.com\/es\/#\/schema\/logo\/image\/"}}]}},"_links":{"self":[{"href":"https:\/\/oxygensavestheplanet.com\/es\/wp-json\/wp\/v2\/pages\/3612","targetHints":{"allow":["GET"]}}],"collection":[{"href":"https:\/\/oxygensavestheplanet.com\/es\/wp-json\/wp\/v2\/pages"}],"about":[{"href":"https:\/\/oxygensavestheplanet.com\/es\/wp-json\/wp\/v2\/types\/page"}],"author":[{"embeddable":true,"href":"https:\/\/oxygensavestheplanet.com\/es\/wp-json\/wp\/v2\/users\/1"}],"replies":[{"embeddable":true,"href":"https:\/\/oxygensavestheplanet.com\/es\/wp-json\/wp\/v2\/comments?post=3612"}],"version-history":[{"count":2,"href":"https:\/\/oxygensavestheplanet.com\/es\/wp-json\/wp\/v2\/pages\/3612\/revisions"}],"predecessor-version":[{"id":4925,"href":"https:\/\/oxygensavestheplanet.com\/es\/wp-json\/wp\/v2\/pages\/3612\/revisions\/4925"}],"wp:attachment":[{"href":"https:\/\/oxygensavestheplanet.com\/es\/wp-json\/wp\/v2\/media?parent=3612"}],"curies":[{"name":"wp","href":"https:\/\/api.w.org\/{rel}","templated":true}]}}