{"id":3628,"date":"2023-10-22T09:01:20","date_gmt":"2023-10-22T07:01:20","guid":{"rendered":"https:\/\/oxygensavestheplanet.com\/investigacion-trove\/"},"modified":"2023-10-30T18:14:22","modified_gmt":"2023-10-30T17:14:22","slug":"investigacion-trove","status":"publish","type":"page","link":"https:\/\/oxygensavestheplanet.com\/es\/investigacion-trove\/","title":{"rendered":"Investigaci\u00f3n Trove"},"content":{"rendered":"\t\t<div data-elementor-type=\"wp-page\" data-elementor-id=\"3628\" class=\"elementor elementor-3628 elementor-2458\" data-elementor-post-type=\"page\">\n\t\t\t\t<div class=\"elementor-element elementor-element-6c8183c8 e-flex e-con-boxed e-con e-parent\" data-id=\"6c8183c8\" data-element_type=\"container\" data-e-type=\"container\" data-settings=\"{&quot;background_background&quot;:&quot;classic&quot;}\">\n\t\t\t\t\t<div class=\"e-con-inner\">\n\t\t\t\t<div class=\"elementor-element elementor-element-8fe0569 elementor-widget elementor-widget-heading\" data-id=\"8fe0569\" data-element_type=\"widget\" data-e-type=\"widget\" data-widget_type=\"heading.default\">\n\t\t\t\t<div class=\"elementor-widget-container\">\n\t\t\t\t\t<h1 class=\"elementor-heading-title elementor-size-default\">\u00bfPor qu\u00e9 actuar ahora?<\/h1>\t\t\t\t<\/div>\n\t\t\t\t<\/div>\n\t\t\t\t<div class=\"elementor-element elementor-element-a30b514 elementor-align-center elementor-widget elementor-widget-button\" data-id=\"a30b514\" data-element_type=\"widget\" data-e-type=\"widget\" data-widget_type=\"button.default\">\n\t\t\t\t<div class=\"elementor-widget-container\">\n\t\t\t\t\t\t\t\t\t<div class=\"elementor-button-wrapper\">\n\t\t\t\t\t<a class=\"elementor-button elementor-button-link elementor-size-sm\" href=\"https:\/\/1zyzkknw4z1.typeform.com\/to\/Nzb8G5ow\">\n\t\t\t\t\t\t<span class=\"elementor-button-content-wrapper\">\n\t\t\t\t\t\t\t\t\t<span class=\"elementor-button-text\">P\u00f3ngase en contacto con nosotros<\/span>\n\t\t\t\t\t<\/span>\n\t\t\t\t\t<\/a>\n\t\t\t\t<\/div>\n\t\t\t\t\t\t\t\t<\/div>\n\t\t\t\t<\/div>\n\t\t\t\t\t<\/div>\n\t\t\t\t<\/div>\n\t\t<div class=\"elementor-element elementor-element-76dbe35c e-con-full e-flex e-con e-parent\" data-id=\"76dbe35c\" data-element_type=\"container\" data-e-type=\"container\" data-settings=\"{&quot;background_background&quot;:&quot;classic&quot;}\">\n\t\t\t\t<div class=\"elementor-element elementor-element-25c1ef33 elementor-widget elementor-widget-image\" data-id=\"25c1ef33\" data-element_type=\"widget\" data-e-type=\"widget\" data-widget_type=\"image.default\">\n\t\t\t\t<div class=\"elementor-widget-container\">\n\t\t\t\t\t\t\t\t\t\t\t\t\t\t\t<img fetchpriority=\"high\" decoding=\"async\" width=\"800\" height=\"448\" src=\"https:\/\/oxygensavestheplanet.com\/wp-content\/uploads\/2023\/10\/Investment-Trends-Trove-1024x573.png\" class=\"attachment-large size-large wp-image-2449\" alt=\"\" srcset=\"https:\/\/oxygensavestheplanet.com\/wp-content\/uploads\/2023\/10\/Investment-Trends-Trove-1024x573.png 1024w, https:\/\/oxygensavestheplanet.com\/wp-content\/uploads\/2023\/10\/Investment-Trends-Trove-300x168.png 300w, https:\/\/oxygensavestheplanet.com\/wp-content\/uploads\/2023\/10\/Investment-Trends-Trove-768x430.png 768w, https:\/\/oxygensavestheplanet.com\/wp-content\/uploads\/2023\/10\/Investment-Trends-Trove.png 1281w\" sizes=\"(max-width: 800px) 100vw, 800px\" \/>\t\t\t\t\t\t\t\t\t\t\t\t\t\t\t<\/div>\n\t\t\t\t<\/div>\n\t\t<div class=\"elementor-element elementor-element-3b79a9b e-flex e-con-boxed e-con e-child\" data-id=\"3b79a9b\" data-element_type=\"container\" data-e-type=\"container\">\n\t\t\t\t\t<div class=\"e-con-inner\">\n\t\t\t\t<div class=\"elementor-element elementor-element-53828ec elementor-widget elementor-widget-text-editor\" data-id=\"53828ec\" data-element_type=\"widget\" data-e-type=\"widget\" data-widget_type=\"text-editor.default\">\n\t\t\t\t<div class=\"elementor-widget-container\">\n\t\t\t\t\t\t\t\t\t<\/p>\n<p><strong>Resumen del informe:<\/strong><\/p>\n<p><strong>Capital obtenido\/comprometido:<\/strong><\/p>\n<ul>\n<li>En el periodo comprendido entre enero de 2021 y junio de 2023, se recaudaron o destinaron 18.000 millones de d\u00f3lares a inversiones en fondos relacionados con los cr\u00e9ditos de carbono. Para 2024 y 2025, se espera un compromiso adicional de 3.000 millones de d\u00f3lares. La mayor parte de esta financiaci\u00f3n (15.000 millones de d\u00f3lares, es decir, el 80%) se destina a proyectos relacionados con la naturaleza. Un tercio de esta financiaci\u00f3n procede de empresas, entre ellas algunas de las mayores del mundo, que invierten para asegurarse el acceso a largo plazo a los cr\u00e9ditos de carbono.<\/li>\n<\/ul>\n<p><strong>Inversi\u00f3n en proyectos:<\/strong><\/p>\n<ul>\n<li>En los tres a\u00f1os anteriores, casi todo el capital recaudado se invirti\u00f3 en proyectos de carbono, con 7.500 millones de d\u00f3lares invertidos s\u00f3lo en el \u00faltimo a\u00f1o. De 2012 a 2022, el total invertido en proyectos de cr\u00e9ditos de carbono fue de 36.000 millones de d\u00f3lares. De ellos, casi la mitad se dedicaron a proyectos relacionados con la naturaleza, porcentaje que aument\u00f3 hasta el 50% en los tres \u00faltimos a\u00f1os. Asia Oriental y el Pac\u00edfico concentraron la mayor parte de las inversiones, seguidas de Asia Meridional y el \u00c1frica Subsahariana. La inversi\u00f3n en los \u00faltimos tres a\u00f1os quintuplica el valor del mercado mundial de cr\u00e9ditos de carbono, se\u00f1al de un sector en r\u00e1pido crecimiento.<\/li>\n<\/ul>\n<p><strong>Futuras necesidades de capital:<\/strong><\/p>\n<ul>\n<li>Al ritmo actual, la inversi\u00f3n en proyectos de cr\u00e9ditos de carbono s\u00f3lo cubre un tercio del nivel necesario para proporcionar el volumen requerido de cr\u00e9ditos en 2030 en un escenario de 1,5 \u00baC. Esto significa que se necesitar\u00e1 una inversi\u00f3n adicional de 90.000 millones de d\u00f3lares de aqu\u00ed a 2030. En un contexto de crecimiento de la demanda m\u00e1s conservador, la inversi\u00f3n necesaria para 2030 se situar\u00eda entre 10.000 y 40.000 millones de d\u00f3lares. En 2050, la inversi\u00f3n acumulada necesaria en cr\u00e9ditos de carbono para alcanzar una senda de 1,5 \u00baC ser\u00eda de 1,6 billones de d\u00f3lares.<\/li>\n<\/ul>\n<p><strong>Resultados y beneficios clim\u00e1ticos:<\/strong><\/p>\n<ul>\n<li>Desde principios de 2020, se han desarrollado y registrado m\u00e1s de 1.500 nuevos proyectos de cr\u00e9ditos de carbono, con una capacidad de reducci\u00f3n de emisiones equivalente a la del Reino Unido. En julio de 2023, los proyectos basados en la naturaleza registrados en todo el mundo abarcaban una superficie de unos 30 millones de hect\u00e1reas, un \u00e1rea comparable a la de Italia, Polonia o Ecuador. De esta superficie, tres cuartas partes se dedican a proyectos REDD+ para proteger los bosques, sobre todo en los pa\u00edses tropicales. Tambi\u00e9n se espera que otros 80 millones de hect\u00e1reas se desarrollen como proyectos de carbono.<\/li>\n<\/ul>\n\t\t\t\t\t\t\t\t<\/div>\n\t\t\t\t<\/div>\n\t\t\t\t<div class=\"elementor-element elementor-element-3d7c845 elementor-align-center elementor-widget elementor-widget-button\" data-id=\"3d7c845\" data-element_type=\"widget\" data-e-type=\"widget\" data-widget_type=\"button.default\">\n\t\t\t\t<div class=\"elementor-widget-container\">\n\t\t\t\t\t\t\t\t\t<div class=\"elementor-button-wrapper\">\n\t\t\t\t\t<a class=\"elementor-button elementor-button-link elementor-size-sm\" href=\"https:\/\/oxygensavestheplanet.com\/wp-content\/uploads\/2023\/10\/Carbon-credit-investment-report_hG3aRPx.pdf\">\n\t\t\t\t\t\t<span class=\"elementor-button-content-wrapper\">\n\t\t\t\t\t\t\t\t\t<span class=\"elementor-button-text\">Descargar el informe completo<\/span>\n\t\t\t\t\t<\/span>\n\t\t\t\t\t<\/a>\n\t\t\t\t<\/div>\n\t\t\t\t\t\t\t\t<\/div>\n\t\t\t\t<\/div>\n\t\t\t\t\t<\/div>\n\t\t\t\t<\/div>\n\t\t\t\t<\/div>\n\t\t<div class=\"elementor-element elementor-element-347d1ed9 e-flex e-con-boxed e-con e-parent\" data-id=\"347d1ed9\" data-element_type=\"container\" data-e-type=\"container\">\n\t\t\t\t\t<div class=\"e-con-inner\">\n\t\t<div class=\"elementor-element elementor-element-67a9c806 e-con-full e-flex e-con e-child\" data-id=\"67a9c806\" data-element_type=\"container\" data-e-type=\"container\">\n\t\t\t\t<div class=\"elementor-element elementor-element-2ec669a5 elementor-widget elementor-widget-heading\" data-id=\"2ec669a5\" data-element_type=\"widget\" data-e-type=\"widget\" data-widget_type=\"heading.default\">\n\t\t\t\t<div class=\"elementor-widget-container\">\n\t\t\t\t\t<h3 class=\"elementor-heading-title elementor-size-default\">Investigaci\u00f3n Trove<\/h3>\t\t\t\t<\/div>\n\t\t\t\t<\/div>\n\t\t\t\t<div class=\"elementor-element elementor-element-90bb6b1 elementor-widget elementor-widget-text-editor\" data-id=\"90bb6b1\" data-element_type=\"widget\" data-e-type=\"widget\" data-widget_type=\"text-editor.default\">\n\t\t\t\t<div class=\"elementor-widget-container\">\n\t\t\t\t\t\t\t\t\t<p><strong>Ubicaci\u00f3n<\/strong>: Londres<\/p>\n<p><strong>Descripci\u00f3n: <\/strong>Trove Research es una empresa especializada en la investigaci\u00f3n y el an\u00e1lisis del mercado de cr\u00e9ditos y compensaciones de carbono. Ofrece servicios de consultor\u00eda, an\u00e1lisis e investigaci\u00f3n a diversas partes interesadas del sector, como promotores de proyectos, inversores y empresas que buscan neutralizar sus emisiones de carbono. Su experiencia se extiende a la comprensi\u00f3n de las tendencias del mercado, la fijaci\u00f3n de precios y la din\u00e1mica de la oferta y la demanda en el mercado de cr\u00e9ditos de carbono.<\/p>\n<p><strong>Credibilidad<\/strong>: Trove Research est\u00e1 reconocida como una de las principales fuentes de an\u00e1lisis y conocimiento del mercado de cr\u00e9ditos de carbono. Su profundo conocimiento del campo, combinado con una rigurosa metodolog\u00eda de investigaci\u00f3n, los convierte en un valioso recurso para cualquiera que trabaje en este \u00e1mbito. Su reputaci\u00f3n se basa en a\u00f1os de experiencia y un historial de an\u00e1lisis fiables y detallados.<\/p>\n\t\t\t\t\t\t\t\t<\/div>\n\t\t\t\t<\/div>\n\t\t\t\t<div class=\"elementor-element elementor-element-b734354 elementor-align-center elementor-widget elementor-widget-button\" data-id=\"b734354\" data-element_type=\"widget\" data-e-type=\"widget\" data-widget_type=\"button.default\">\n\t\t\t\t<div class=\"elementor-widget-container\">\n\t\t\t\t\t\t\t\t\t<div class=\"elementor-button-wrapper\">\n\t\t\t\t\t<a class=\"elementor-button elementor-button-link elementor-size-sm\" href=\"https:\/\/1zyzkknw4z1.typeform.com\/to\/Nzb8G5ow\">\n\t\t\t\t\t\t<span class=\"elementor-button-content-wrapper\">\n\t\t\t\t\t\t\t\t\t<span class=\"elementor-button-text\">P\u00f3ngase en contacto con nosotros<\/span>\n\t\t\t\t\t<\/span>\n\t\t\t\t\t<\/a>\n\t\t\t\t<\/div>\n\t\t\t\t\t\t\t\t<\/div>\n\t\t\t\t<\/div>\n\t\t\t\t<\/div>\n\t\t\t\t\t<\/div>\n\t\t\t\t<\/div>\n\t\t\t\t<\/div>\n\t\t","protected":false},"excerpt":{"rendered":"<p>\u00bfPor qu\u00e9 actuar ahora? P\u00f3ngase en contacto con nosotros Resumen del informe: Capital obtenido\/comprometido: En el periodo comprendido entre enero de 2021 y junio de 2023, se recaudaron o destinaron 18.000 millones de d\u00f3lares a inversiones en fondos relacionados con los cr\u00e9ditos de carbono. Para 2024 y 2025, se espera un compromiso adicional de 3.000 [&hellip;]<\/p>\n","protected":false},"author":1,"featured_media":0,"parent":0,"menu_order":0,"comment_status":"closed","ping_status":"closed","template":"","meta":{"inline_featured_image":false,"footnotes":""},"class_list":["post-3628","page","type-page","status-publish","hentry"],"yoast_head":"<!-- This site is optimized with the Yoast SEO plugin v27.5 - https:\/\/yoast.com\/product\/yoast-seo-wordpress\/ -->\n<title>Investigaci\u00f3n Trove - OxygenSavesThePlanet<\/title>\n<meta name=\"robots\" content=\"noindex, follow, max-snippet:-1, max-image-preview:large, max-video-preview:-1\" \/>\n<meta property=\"og:locale\" content=\"es_ES\" \/>\n<meta property=\"og:type\" content=\"article\" \/>\n<meta property=\"og:title\" content=\"Investigaci\u00f3n Trove - OxygenSavesThePlanet\" \/>\n<meta property=\"og:description\" content=\"\u00bfPor qu\u00e9 actuar ahora? P\u00f3ngase en contacto con nosotros Resumen del informe: Capital obtenido\/comprometido: En el periodo comprendido entre enero de 2021 y junio de 2023, se recaudaron o destinaron 18.000 millones de d\u00f3lares a inversiones en fondos relacionados con los cr\u00e9ditos de carbono. Para 2024 y 2025, se espera un compromiso adicional de 3.000 [&hellip;]\" \/>\n<meta property=\"og:url\" content=\"https:\/\/oxygensavestheplanet.com\/es\/investigacion-trove\/\" \/>\n<meta property=\"og:site_name\" content=\"OxygenSavesThePlanet\" \/>\n<meta property=\"article:modified_time\" content=\"2023-10-30T17:14:22+00:00\" \/>\n<meta property=\"og:image\" content=\"https:\/\/oxygensavestheplanet.com\/wp-content\/uploads\/2023\/10\/Investment-Trends-Trove-1024x573.png\" \/>\n<meta name=\"twitter:card\" content=\"summary_large_image\" \/>\n<meta name=\"twitter:label1\" content=\"Tiempo de lectura\" \/>\n\t<meta name=\"twitter:data1\" content=\"3 minutos\" \/>\n<script type=\"application\/ld+json\" class=\"yoast-schema-graph\">{\"@context\":\"https:\\\/\\\/schema.org\",\"@graph\":[{\"@type\":\"WebPage\",\"@id\":\"https:\\\/\\\/oxygensavestheplanet.com\\\/es\\\/investigacion-trove\\\/\",\"url\":\"https:\\\/\\\/oxygensavestheplanet.com\\\/es\\\/investigacion-trove\\\/\",\"name\":\"Investigaci\u00f3n Trove - OxygenSavesThePlanet\",\"isPartOf\":{\"@id\":\"https:\\\/\\\/oxygensavestheplanet.com\\\/es\\\/#website\"},\"primaryImageOfPage\":{\"@id\":\"https:\\\/\\\/oxygensavestheplanet.com\\\/es\\\/investigacion-trove\\\/#primaryimage\"},\"image\":{\"@id\":\"https:\\\/\\\/oxygensavestheplanet.com\\\/es\\\/investigacion-trove\\\/#primaryimage\"},\"thumbnailUrl\":\"https:\\\/\\\/oxygensavestheplanet.com\\\/wp-content\\\/uploads\\\/2023\\\/10\\\/Investment-Trends-Trove-1024x573.png\",\"datePublished\":\"2023-10-22T07:01:20+00:00\",\"dateModified\":\"2023-10-30T17:14:22+00:00\",\"breadcrumb\":{\"@id\":\"https:\\\/\\\/oxygensavestheplanet.com\\\/es\\\/investigacion-trove\\\/#breadcrumb\"},\"inLanguage\":\"es\",\"potentialAction\":[{\"@type\":\"ReadAction\",\"target\":[\"https:\\\/\\\/oxygensavestheplanet.com\\\/es\\\/investigacion-trove\\\/\"]}]},{\"@type\":\"ImageObject\",\"inLanguage\":\"es\",\"@id\":\"https:\\\/\\\/oxygensavestheplanet.com\\\/es\\\/investigacion-trove\\\/#primaryimage\",\"url\":\"https:\\\/\\\/oxygensavestheplanet.com\\\/wp-content\\\/uploads\\\/2023\\\/10\\\/Investment-Trends-Trove-1024x573.png\",\"contentUrl\":\"https:\\\/\\\/oxygensavestheplanet.com\\\/wp-content\\\/uploads\\\/2023\\\/10\\\/Investment-Trends-Trove-1024x573.png\"},{\"@type\":\"BreadcrumbList\",\"@id\":\"https:\\\/\\\/oxygensavestheplanet.com\\\/es\\\/investigacion-trove\\\/#breadcrumb\",\"itemListElement\":[{\"@type\":\"ListItem\",\"position\":1,\"name\":\"Home\",\"item\":\"https:\\\/\\\/oxygensavestheplanet.com\\\/es\\\/inicio\\\/\"},{\"@type\":\"ListItem\",\"position\":2,\"name\":\"Investigaci\u00f3n Trove\"}]},{\"@type\":\"WebSite\",\"@id\":\"https:\\\/\\\/oxygensavestheplanet.com\\\/es\\\/#website\",\"url\":\"https:\\\/\\\/oxygensavestheplanet.com\\\/es\\\/\",\"name\":\"OxygenSavesThePlanet\",\"description\":\"Verifiable Green, Tangible Impact\",\"publisher\":{\"@id\":\"https:\\\/\\\/oxygensavestheplanet.com\\\/es\\\/#organization\"},\"potentialAction\":[{\"@type\":\"SearchAction\",\"target\":{\"@type\":\"EntryPoint\",\"urlTemplate\":\"https:\\\/\\\/oxygensavestheplanet.com\\\/es\\\/?s={search_term_string}\"},\"query-input\":{\"@type\":\"PropertyValueSpecification\",\"valueRequired\":true,\"valueName\":\"search_term_string\"}}],\"inLanguage\":\"es\"},{\"@type\":\"Organization\",\"@id\":\"https:\\\/\\\/oxygensavestheplanet.com\\\/es\\\/#organization\",\"name\":\"OxygenSavesThePlanet\",\"url\":\"https:\\\/\\\/oxygensavestheplanet.com\\\/es\\\/\",\"logo\":{\"@type\":\"ImageObject\",\"inLanguage\":\"es\",\"@id\":\"https:\\\/\\\/oxygensavestheplanet.com\\\/es\\\/#\\\/schema\\\/logo\\\/image\\\/\",\"url\":\"https:\\\/\\\/oxygensavestheplanet.com\\\/wp-content\\\/uploads\\\/2023\\\/10\\\/cropped-con-sfondo.png\",\"contentUrl\":\"https:\\\/\\\/oxygensavestheplanet.com\\\/wp-content\\\/uploads\\\/2023\\\/10\\\/cropped-con-sfondo.png\",\"width\":512,\"height\":512,\"caption\":\"OxygenSavesThePlanet\"},\"image\":{\"@id\":\"https:\\\/\\\/oxygensavestheplanet.com\\\/es\\\/#\\\/schema\\\/logo\\\/image\\\/\"}}]}<\/script>\n<!-- \/ Yoast SEO plugin. -->","yoast_head_json":{"title":"Investigaci\u00f3n Trove - OxygenSavesThePlanet","robots":{"index":"noindex","follow":"follow","max-snippet":"max-snippet:-1","max-image-preview":"max-image-preview:large","max-video-preview":"max-video-preview:-1"},"og_locale":"es_ES","og_type":"article","og_title":"Investigaci\u00f3n Trove - OxygenSavesThePlanet","og_description":"\u00bfPor qu\u00e9 actuar ahora? P\u00f3ngase en contacto con nosotros Resumen del informe: Capital obtenido\/comprometido: En el periodo comprendido entre enero de 2021 y junio de 2023, se recaudaron o destinaron 18.000 millones de d\u00f3lares a inversiones en fondos relacionados con los cr\u00e9ditos de carbono. Para 2024 y 2025, se espera un compromiso adicional de 3.000 [&hellip;]","og_url":"https:\/\/oxygensavestheplanet.com\/es\/investigacion-trove\/","og_site_name":"OxygenSavesThePlanet","article_modified_time":"2023-10-30T17:14:22+00:00","og_image":[{"url":"https:\/\/oxygensavestheplanet.com\/wp-content\/uploads\/2023\/10\/Investment-Trends-Trove-1024x573.png","type":"","width":"","height":""}],"twitter_card":"summary_large_image","twitter_misc":{"Tiempo de lectura":"3 minutos"},"schema":{"@context":"https:\/\/schema.org","@graph":[{"@type":"WebPage","@id":"https:\/\/oxygensavestheplanet.com\/es\/investigacion-trove\/","url":"https:\/\/oxygensavestheplanet.com\/es\/investigacion-trove\/","name":"Investigaci\u00f3n Trove - OxygenSavesThePlanet","isPartOf":{"@id":"https:\/\/oxygensavestheplanet.com\/es\/#website"},"primaryImageOfPage":{"@id":"https:\/\/oxygensavestheplanet.com\/es\/investigacion-trove\/#primaryimage"},"image":{"@id":"https:\/\/oxygensavestheplanet.com\/es\/investigacion-trove\/#primaryimage"},"thumbnailUrl":"https:\/\/oxygensavestheplanet.com\/wp-content\/uploads\/2023\/10\/Investment-Trends-Trove-1024x573.png","datePublished":"2023-10-22T07:01:20+00:00","dateModified":"2023-10-30T17:14:22+00:00","breadcrumb":{"@id":"https:\/\/oxygensavestheplanet.com\/es\/investigacion-trove\/#breadcrumb"},"inLanguage":"es","potentialAction":[{"@type":"ReadAction","target":["https:\/\/oxygensavestheplanet.com\/es\/investigacion-trove\/"]}]},{"@type":"ImageObject","inLanguage":"es","@id":"https:\/\/oxygensavestheplanet.com\/es\/investigacion-trove\/#primaryimage","url":"https:\/\/oxygensavestheplanet.com\/wp-content\/uploads\/2023\/10\/Investment-Trends-Trove-1024x573.png","contentUrl":"https:\/\/oxygensavestheplanet.com\/wp-content\/uploads\/2023\/10\/Investment-Trends-Trove-1024x573.png"},{"@type":"BreadcrumbList","@id":"https:\/\/oxygensavestheplanet.com\/es\/investigacion-trove\/#breadcrumb","itemListElement":[{"@type":"ListItem","position":1,"name":"Home","item":"https:\/\/oxygensavestheplanet.com\/es\/inicio\/"},{"@type":"ListItem","position":2,"name":"Investigaci\u00f3n Trove"}]},{"@type":"WebSite","@id":"https:\/\/oxygensavestheplanet.com\/es\/#website","url":"https:\/\/oxygensavestheplanet.com\/es\/","name":"OxygenSavesThePlanet","description":"Verifiable Green, Tangible Impact","publisher":{"@id":"https:\/\/oxygensavestheplanet.com\/es\/#organization"},"potentialAction":[{"@type":"SearchAction","target":{"@type":"EntryPoint","urlTemplate":"https:\/\/oxygensavestheplanet.com\/es\/?s={search_term_string}"},"query-input":{"@type":"PropertyValueSpecification","valueRequired":true,"valueName":"search_term_string"}}],"inLanguage":"es"},{"@type":"Organization","@id":"https:\/\/oxygensavestheplanet.com\/es\/#organization","name":"OxygenSavesThePlanet","url":"https:\/\/oxygensavestheplanet.com\/es\/","logo":{"@type":"ImageObject","inLanguage":"es","@id":"https:\/\/oxygensavestheplanet.com\/es\/#\/schema\/logo\/image\/","url":"https:\/\/oxygensavestheplanet.com\/wp-content\/uploads\/2023\/10\/cropped-con-sfondo.png","contentUrl":"https:\/\/oxygensavestheplanet.com\/wp-content\/uploads\/2023\/10\/cropped-con-sfondo.png","width":512,"height":512,"caption":"OxygenSavesThePlanet"},"image":{"@id":"https:\/\/oxygensavestheplanet.com\/es\/#\/schema\/logo\/image\/"}}]}},"_links":{"self":[{"href":"https:\/\/oxygensavestheplanet.com\/es\/wp-json\/wp\/v2\/pages\/3628","targetHints":{"allow":["GET"]}}],"collection":[{"href":"https:\/\/oxygensavestheplanet.com\/es\/wp-json\/wp\/v2\/pages"}],"about":[{"href":"https:\/\/oxygensavestheplanet.com\/es\/wp-json\/wp\/v2\/types\/page"}],"author":[{"embeddable":true,"href":"https:\/\/oxygensavestheplanet.com\/es\/wp-json\/wp\/v2\/users\/1"}],"replies":[{"embeddable":true,"href":"https:\/\/oxygensavestheplanet.com\/es\/wp-json\/wp\/v2\/comments?post=3628"}],"version-history":[{"count":1,"href":"https:\/\/oxygensavestheplanet.com\/es\/wp-json\/wp\/v2\/pages\/3628\/revisions"}],"predecessor-version":[{"id":3630,"href":"https:\/\/oxygensavestheplanet.com\/es\/wp-json\/wp\/v2\/pages\/3628\/revisions\/3630"}],"wp:attachment":[{"href":"https:\/\/oxygensavestheplanet.com\/es\/wp-json\/wp\/v2\/media?parent=3628"}],"curies":[{"name":"wp","href":"https:\/\/api.w.org\/{rel}","templated":true}]}}