{"id":5054,"date":"2024-01-17T12:51:07","date_gmt":"2024-01-17T11:51:07","guid":{"rendered":"https:\/\/oxygensavestheplanet.com\/planta-fv-montes-claros\/"},"modified":"2024-01-17T14:48:59","modified_gmt":"2024-01-17T13:48:59","slug":"planta-fv-montes-claros","status":"publish","type":"page","link":"https:\/\/oxygensavestheplanet.com\/es\/planta-fv-montes-claros\/","title":{"rendered":"Montes Claros"},"content":{"rendered":"\t\t<div data-elementor-type=\"wp-page\" data-elementor-id=\"5054\" class=\"elementor elementor-5054 elementor-5030\" data-elementor-post-type=\"page\">\n\t\t\t\t<div class=\"elementor-element elementor-element-820caf3 e-flex e-con-boxed e-con e-parent\" data-id=\"820caf3\" data-element_type=\"container\" data-e-type=\"container\">\n\t\t\t\t\t<div class=\"e-con-inner\">\n\t\t<div class=\"elementor-element elementor-element-1ec545e e-con-full e-flex e-con e-child\" data-id=\"1ec545e\" data-element_type=\"container\" data-e-type=\"container\">\n\t\t\t\t<div class=\"elementor-element elementor-element-143bfce elementor-widget elementor-widget-image\" data-id=\"143bfce\" data-element_type=\"widget\" data-e-type=\"widget\" data-widget_type=\"image.default\">\n\t\t\t\t<div class=\"elementor-widget-container\">\n\t\t\t\t\t\t\t\t\t\t\t\t\t\t\t<img fetchpriority=\"high\" decoding=\"async\" width=\"800\" height=\"642\" src=\"https:\/\/oxygensavestheplanet.com\/wp-content\/uploads\/2024\/01\/1024px-MinasGerais_Municip_MontesClaros.svg.png\" class=\"attachment-large size-large wp-image-5033\" alt=\"\" srcset=\"https:\/\/oxygensavestheplanet.com\/wp-content\/uploads\/2024\/01\/1024px-MinasGerais_Municip_MontesClaros.svg.png 1024w, https:\/\/oxygensavestheplanet.com\/wp-content\/uploads\/2024\/01\/1024px-MinasGerais_Municip_MontesClaros.svg-300x241.png 300w, https:\/\/oxygensavestheplanet.com\/wp-content\/uploads\/2024\/01\/1024px-MinasGerais_Municip_MontesClaros.svg-768x617.png 768w\" sizes=\"(max-width: 800px) 100vw, 800px\" \/>\t\t\t\t\t\t\t\t\t\t\t\t\t\t\t<\/div>\n\t\t\t\t<\/div>\n\t\t\t\t<\/div>\n\t\t<div class=\"elementor-element elementor-element-38a88b4 e-con-full e-flex e-con e-child\" data-id=\"38a88b4\" data-element_type=\"container\" data-e-type=\"container\">\n\t\t\t\t<div class=\"elementor-element elementor-element-b0f8769 elementor-widget elementor-widget-text-editor\" data-id=\"b0f8769\" data-element_type=\"widget\" data-e-type=\"widget\" data-widget_type=\"text-editor.default\">\n\t\t\t\t<div class=\"elementor-widget-container\">\n\t\t\t\t\t\t\t\t\t<p class=\"p1\"><b>Introducci\u00f3n:<\/b><\/p>\n<p class=\"p1\">Montes Claros, municipio situado en el estado de Minas Gerais (Brasil), es el escenario ideal para un ambicioso proyecto de energ\u00edas renovables. Con una poblaci\u00f3n de 415.000 habitantes y una ubicaci\u00f3n estrat\u00e9gica en la mesorregi\u00f3n de Norte de Minas, la ciudad ofrece un entorno favorable para el desarrollo de una planta fotovoltaica.<\/p>\n\t\t\t\t\t\t\t\t<\/div>\n\t\t\t\t<\/div>\n\t\t\t\t<\/div>\n\t\t\t\t\t<\/div>\n\t\t\t\t<\/div>\n\t\t<div class=\"elementor-element elementor-element-e2f2da6 e-flex e-con-boxed e-con e-parent\" data-id=\"e2f2da6\" data-element_type=\"container\" data-e-type=\"container\">\n\t\t\t\t\t<div class=\"e-con-inner\">\n\t\t\t\t<div class=\"elementor-element elementor-element-17e669c elementor-widget elementor-widget-heading\" data-id=\"17e669c\" data-element_type=\"widget\" data-e-type=\"widget\" data-widget_type=\"heading.default\">\n\t\t\t\t<div class=\"elementor-widget-container\">\n\t\t\t\t\t<h2 class=\"elementor-heading-title elementor-size-default\">Planta fotovoltaica en Montes Claros, Minas Gerais, Brasil<\/h2>\t\t\t\t<\/div>\n\t\t\t\t<\/div>\n\t\t\t\t<div class=\"elementor-element elementor-element-a47b596 elementor-widget elementor-widget-text-editor\" data-id=\"a47b596\" data-element_type=\"widget\" data-e-type=\"widget\" data-widget_type=\"text-editor.default\">\n\t\t\t\t<div class=\"elementor-widget-container\">\n\t\t\t\t\t\t\t\t\t<p class=\"p1\"><b>Detalles del proyecto:<\/b><\/p>\n<p class=\"p2\">&#8211; <b>Ubicaci\u00f3n:<\/b> Montes Claros, Minas Gerais, Brasil<\/p>\n<p class=\"p2\">&#8211; <b>Capacidad de la planta:<\/b> 2,5 MW ac &#8211; 3,36 MWp<\/p>\n<p class=\"p2\">&#8211; <b>Generaci\u00f3n anual:<\/b> 6.779.231 KWh<\/p>\n<p class=\"p2\">&#8211; <b>Irradiaci\u00f3n anual:<\/b> 2.018 kWh\/m\u00b2\/a\u00f1o.<\/p>\n<p class=\"p1\"><b>Aspectos econ\u00f3micos:<\/b><\/p>\n<p class=\"p2\">&#8211; Tipo de <b>cambio:<\/b> utilizamos el tipo de cambio medio de las \u00faltimas 52 semanas (5,16), no el actual (5,35).<\/p>\n<p class=\"p2\">&#8211; <b>Coste de la planta (Capex):<\/b> 11.800.000 BRL = 2.285.625 euros<\/p>\n<p class=\"p2\">&#8211; <b>Coste unitario de la central:<\/b> 3.511.904 BRL\/MWp = 680.245 Euro\/MWp.<\/p>\n<p class=\"p2\">&#8211; <b>Ingresos brutos del primer a\u00f1o:<\/b> 4.590.000 BRL = 677 BRL\/MWh = 131,15 EUR\/MWh.<span class=\"Apple-converted-space\"> <\/span><\/p>\n<p class=\"p2\">&#8211; <b>Ingresos netos del primer a\u00f1o:<\/b> 3.130.000 BRL = 461 BRL\/MWh = 89,43 EUR\/MWh (reducci\u00f3n del 32% por impuestos y gastos de explotaci\u00f3n)<\/p>\n<p class=\"p1\"><b>Rendimiento financiero:<\/b><\/p>\n<p class=\"p2\">&#8211; <b>Rendimiento del primer a\u00f1o:<\/b> 27%.<\/p>\n<p class=\"p2\">&#8211; <b>TIR (Tasa Interna de Retorno) a 10 a\u00f1os:<\/b> 23%.<\/p>\n<p class=\"p2\">&#8211; Punto de <b>equilibrio:<\/b> 3,77 a\u00f1os<\/p>\n<p class=\"p1\"><b>Consideraciones adicionales:<\/b><\/p>\n<p class=\"p2\">&#8211; La irradiaci\u00f3n es variable, de 2.075 horas a 1.750 horas, seg\u00fan la tecnolog\u00eda (eje \u00fanico o seguidor fijo) y la ubicaci\u00f3n.<\/p>\n<p class=\"p2\">&#8211; El coste de la planta var\u00eda en funci\u00f3n de los acuerdos con los proveedores chinos, los impuestos de importaci\u00f3n, la ubicaci\u00f3n, la log\u00edstica y el tama\u00f1o de la planta, con una variaci\u00f3n de +\/- 7%.<\/p>\n<p class=\"p2\">&#8211; Los ingresos dependen de la tarifa regional, los costes de distribuci\u00f3n y el modelo de negocio (B2B o B2C). En el caso del B2C<span class=\"Apple-converted-space\">  <\/span>y desarrollando su propia fuerza de ventas, se espera un aumento de los ingresos del 12-15%.<\/p>\n<p class=\"p2\">&#8211; Somos conscientes de las fluctuaciones de los tipos de cambio y nos comprometemos a proporcionar protecci\u00f3n mediante instrumentos financieros espec\u00edficos para garantizar una gesti\u00f3n prudente del riesgo de cambio.<\/p>\n<p class=\"p2\">&#8211; Las tasas y los costes de explotaci\u00f3n dependen tanto de los valores contingentes como de las caracter\u00edsticas espec\u00edficas del proyecto, con una variaci\u00f3n de +\/- 4%.<\/p>\n<p class=\"p1\"><b>Consideraciones econ\u00f3micas y medioambientales:<\/b><\/p>\n<p class=\"p1\">El sistema fotovoltaico no s\u00f3lo presenta un rendimiento financiero atractivo, sino que tambi\u00e9n contribuye significativamente a la reducci\u00f3n de las emisiones de carbono, apoyando los esfuerzos de transici\u00f3n hacia fuentes de energ\u00eda m\u00e1s sostenibles y limpias.<\/p>\n<p class=\"p1\">La consideraci\u00f3n de una planta fotovoltaica en Brasil en el balance ESG es posible y depender\u00e1 de la propiedad real de la empresa y de la gesti\u00f3n de la producci\u00f3n de energ\u00eda. Cuando la empresa es propietaria directa de la planta y gestiona sus operaciones, las emisiones y los beneficios resultantes pueden incluirse en el Alcance 1 o 2, dependiendo de la estructura de la empresa y de sus actividades.<\/p>\n<p class=\"p1\"><b>Conclusiones:<\/b><\/p>\n<p class=\"p1\">El proyecto de Montes Claros ofrece una oportunidad \u00fanica a los inversores interesados en un mercado en expansi\u00f3n en el sector de las energ\u00edas renovables. Con un rendimiento inicial del 27%, una TIR a 10 a\u00f1os del 23% y un Break Even de 3,77 a\u00f1os, este proyecto promete combinar sostenibilidad medioambiental y beneficios financieros.<\/p>\n\t\t\t\t\t\t\t\t<\/div>\n\t\t\t\t<\/div>\n\t\t\t\t<div class=\"elementor-element elementor-element-684aba6 elementor-widget elementor-widget-heading\" data-id=\"684aba6\" data-element_type=\"widget\" data-e-type=\"widget\" data-widget_type=\"heading.default\">\n\t\t\t\t<div class=\"elementor-widget-container\">\n\t\t\t\t\t<h2 class=\"elementor-heading-title elementor-size-default\">Tenga en cuenta lo siguiente:<\/h2>\t\t\t\t<\/div>\n\t\t\t\t<\/div>\n\t\t\t\t<div class=\"elementor-element elementor-element-93892c9 elementor-widget elementor-widget-text-editor\" data-id=\"93892c9\" data-element_type=\"widget\" data-e-type=\"widget\" data-widget_type=\"text-editor.default\">\n\t\t\t\t<div class=\"elementor-widget-container\">\n\t\t\t\t\t\t\t\t\t<p><strong>Comentarios sobre costes y oportunidades de empresas conjuntas para una planta fotovoltaica<\/strong><\/p>\n<p>Deseamos subrayar que los costes indicados representan costes reales y tangibles asociados a la instalaci\u00f3n y explotaci\u00f3n del sistema fotovoltaico en Brasil. Es esencial tener en cuenta que estos costes son directos y no incluyen ning\u00fan recargo por parte del promotor.<\/p>\n<p>Esta transparencia en los costes pretende estimular la reflexi\u00f3n y abrir la puerta a posibles empresas conjuntas. Creemos que, mediante la colaboraci\u00f3n estrat\u00e9gica, se pueden maximizar los beneficios para ambas partes implicadas, contribuyendo al desarrollo sostenible y a la expansi\u00f3n de las energ\u00edas renovables.<\/p>\n<p>Para los interesados en adquirir el sistema fotovoltaico cuando est\u00e9 totalmente conectado, es importante se\u00f1alar que el precio objetivo es de 1,2 millones de euros por MWp. A esta cantidad hay que a\u00f1adir los costes anuales de funcionamiento, que se sufragar\u00e1n mediante asociaciones con empresas cualificadas ya identificadas por nosotros.<\/p>\n<p>Esta perspectiva de compra ofrece una oportunidad clara y estructurada para quienes deseen invertir en un sistema fotovoltaico ya operativo y beneficiarse inmediatamente de rendimientos sostenibles. Estamos dispuestos a discutir m\u00e1s a fondo esta posibilidad y a proporcionar detalles m\u00e1s pormenorizados a quienes est\u00e9n interesados en explorar esta oportunidad de inversi\u00f3n en el sector de las energ\u00edas renovables.<\/p>\n\t\t\t\t\t\t\t\t<\/div>\n\t\t\t\t<\/div>\n\t\t\t\t\t<\/div>\n\t\t\t\t<\/div>\n\t\t<div class=\"elementor-element elementor-element-8ebf30b e-flex e-con-boxed e-con e-parent\" data-id=\"8ebf30b\" data-element_type=\"container\" data-e-type=\"container\">\n\t\t\t\t\t<div class=\"e-con-inner\">\n\t\t<div class=\"elementor-element elementor-element-420ef83 e-con-full e-flex e-con e-child\" data-id=\"420ef83\" data-element_type=\"container\" data-e-type=\"container\">\n\t\t\t\t<div class=\"elementor-element elementor-element-113c7ba elementor-widget elementor-widget-heading\" data-id=\"113c7ba\" data-element_type=\"widget\" data-e-type=\"widget\" data-widget_type=\"heading.default\">\n\t\t\t\t<div class=\"elementor-widget-container\">\n\t\t\t\t\t<h2 class=\"elementor-heading-title elementor-size-default\">Irradiaci\u00f3n \u00f3ptima<\/h2>\t\t\t\t<\/div>\n\t\t\t\t<\/div>\n\t\t\t\t<div class=\"elementor-element elementor-element-a475741 elementor-widget elementor-widget-text-editor\" data-id=\"a475741\" data-element_type=\"widget\" data-e-type=\"widget\" data-widget_type=\"text-editor.default\">\n\t\t\t\t<div class=\"elementor-widget-container\">\n\t\t\t\t\t\t\t\t\t<p>La irradiaci\u00f3n var\u00eda entre 2.075 horas y 1.750 kWh\/m\u00b2\/a\u00f1o, en funci\u00f3n de la tecnolog\u00eda (un eje o seguidor fijo) y la ubicaci\u00f3n.<\/p>\n\t\t\t\t\t\t\t\t<\/div>\n\t\t\t\t<\/div>\n\t\t\t\t<\/div>\n\t\t<div class=\"elementor-element elementor-element-9af85ca e-con-full e-flex e-con e-child\" data-id=\"9af85ca\" data-element_type=\"container\" data-e-type=\"container\">\n\t\t\t\t<div class=\"elementor-element elementor-element-ebb4d44 elementor-widget elementor-widget-image\" data-id=\"ebb4d44\" data-element_type=\"widget\" data-e-type=\"widget\" data-widget_type=\"image.default\">\n\t\t\t\t<div class=\"elementor-widget-container\">\n\t\t\t\t\t\t\t\t\t\t\t\t\t\t\t<img decoding=\"async\" width=\"800\" height=\"933\" src=\"https:\/\/oxygensavestheplanet.com\/wp-content\/uploads\/2024\/01\/Irragiamento-Brasile-con-Valori-878x1024.png\" class=\"attachment-large size-large wp-image-5039\" alt=\"\" srcset=\"https:\/\/oxygensavestheplanet.com\/wp-content\/uploads\/2024\/01\/Irragiamento-Brasile-con-Valori-878x1024.png 878w, https:\/\/oxygensavestheplanet.com\/wp-content\/uploads\/2024\/01\/Irragiamento-Brasile-con-Valori-257x300.png 257w, https:\/\/oxygensavestheplanet.com\/wp-content\/uploads\/2024\/01\/Irragiamento-Brasile-con-Valori-768x896.png 768w, https:\/\/oxygensavestheplanet.com\/wp-content\/uploads\/2024\/01\/Irragiamento-Brasile-con-Valori.png 1080w\" sizes=\"(max-width: 800px) 100vw, 800px\" \/>\t\t\t\t\t\t\t\t\t\t\t\t\t\t\t<\/div>\n\t\t\t\t<\/div>\n\t\t\t\t<\/div>\n\t\t\t\t\t<\/div>\n\t\t\t\t<\/div>\n\t\t<div class=\"elementor-element elementor-element-ebf0f74 e-flex e-con-boxed e-con e-parent\" data-id=\"ebf0f74\" data-element_type=\"container\" data-e-type=\"container\">\n\t\t\t\t\t<div class=\"e-con-inner\">\n\t\t\t\t<div class=\"elementor-element elementor-element-051471d elementor-widget elementor-widget-image\" data-id=\"051471d\" data-element_type=\"widget\" data-e-type=\"widget\" data-widget_type=\"image.default\">\n\t\t\t\t<div class=\"elementor-widget-container\">\n\t\t\t\t\t\t\t\t\t\t\t\t\t\t\t<img decoding=\"async\" width=\"800\" height=\"265\" src=\"https:\/\/oxygensavestheplanet.com\/wp-content\/uploads\/2024\/01\/Schermata-2024-01-17-alle-14.46.32-1024x339.png\" class=\"attachment-large size-large wp-image-5194\" alt=\"\" srcset=\"https:\/\/oxygensavestheplanet.com\/wp-content\/uploads\/2024\/01\/Schermata-2024-01-17-alle-14.46.32-1024x339.png 1024w, https:\/\/oxygensavestheplanet.com\/wp-content\/uploads\/2024\/01\/Schermata-2024-01-17-alle-14.46.32-300x99.png 300w, https:\/\/oxygensavestheplanet.com\/wp-content\/uploads\/2024\/01\/Schermata-2024-01-17-alle-14.46.32-768x254.png 768w, https:\/\/oxygensavestheplanet.com\/wp-content\/uploads\/2024\/01\/Schermata-2024-01-17-alle-14.46.32.png 1246w\" sizes=\"(max-width: 800px) 100vw, 800px\" \/>\t\t\t\t\t\t\t\t\t\t\t\t\t\t\t<\/div>\n\t\t\t\t<\/div>\n\t\t\t\t\t<\/div>\n\t\t\t\t<\/div>\n\t\t\t\t<\/div>\n\t\t","protected":false},"excerpt":{"rendered":"<p>Introducci\u00f3n: Montes Claros, municipio situado en el estado de Minas Gerais (Brasil), es el escenario ideal para un ambicioso proyecto de energ\u00edas renovables. Con una poblaci\u00f3n de 415.000 habitantes y una ubicaci\u00f3n estrat\u00e9gica en la mesorregi\u00f3n de Norte de Minas, la ciudad ofrece un entorno favorable para el desarrollo de una planta fotovoltaica. Planta fotovoltaica [&hellip;]<\/p>\n","protected":false},"author":1,"featured_media":0,"parent":0,"menu_order":0,"comment_status":"closed","ping_status":"closed","template":"","meta":{"inline_featured_image":false,"footnotes":""},"class_list":["post-5054","page","type-page","status-publish","hentry"],"yoast_head":"<!-- This site is optimized with the Yoast SEO plugin v27.5 - https:\/\/yoast.com\/product\/yoast-seo-wordpress\/ -->\n<title>Montes Claros - OxygenSavesThePlanet<\/title>\n<meta name=\"robots\" content=\"noindex, follow, max-snippet:-1, max-image-preview:large, max-video-preview:-1\" \/>\n<meta property=\"og:locale\" content=\"es_ES\" \/>\n<meta property=\"og:type\" content=\"article\" \/>\n<meta property=\"og:title\" content=\"Montes Claros - OxygenSavesThePlanet\" \/>\n<meta property=\"og:description\" content=\"Introducci\u00f3n: Montes Claros, municipio situado en el estado de Minas Gerais (Brasil), es el escenario ideal para un ambicioso proyecto de energ\u00edas renovables. Con una poblaci\u00f3n de 415.000 habitantes y una ubicaci\u00f3n estrat\u00e9gica en la mesorregi\u00f3n de Norte de Minas, la ciudad ofrece un entorno favorable para el desarrollo de una planta fotovoltaica. Planta fotovoltaica [&hellip;]\" \/>\n<meta property=\"og:url\" content=\"https:\/\/oxygensavestheplanet.com\/es\/planta-fv-montes-claros\/\" \/>\n<meta property=\"og:site_name\" content=\"OxygenSavesThePlanet\" \/>\n<meta property=\"article:modified_time\" content=\"2024-01-17T13:48:59+00:00\" \/>\n<meta property=\"og:image\" content=\"https:\/\/oxygensavestheplanet.com\/wp-content\/uploads\/2024\/01\/1024px-MinasGerais_Municip_MontesClaros.svg.png\" \/>\n<meta name=\"twitter:card\" content=\"summary_large_image\" \/>\n<meta name=\"twitter:label1\" content=\"Tiempo de lectura\" \/>\n\t<meta name=\"twitter:data1\" content=\"4 minutos\" \/>\n<script type=\"application\/ld+json\" class=\"yoast-schema-graph\">{\"@context\":\"https:\\\/\\\/schema.org\",\"@graph\":[{\"@type\":\"WebPage\",\"@id\":\"https:\\\/\\\/oxygensavestheplanet.com\\\/es\\\/planta-fv-montes-claros\\\/\",\"url\":\"https:\\\/\\\/oxygensavestheplanet.com\\\/es\\\/planta-fv-montes-claros\\\/\",\"name\":\"Montes Claros - OxygenSavesThePlanet\",\"isPartOf\":{\"@id\":\"https:\\\/\\\/oxygensavestheplanet.com\\\/es\\\/#website\"},\"primaryImageOfPage\":{\"@id\":\"https:\\\/\\\/oxygensavestheplanet.com\\\/es\\\/planta-fv-montes-claros\\\/#primaryimage\"},\"image\":{\"@id\":\"https:\\\/\\\/oxygensavestheplanet.com\\\/es\\\/planta-fv-montes-claros\\\/#primaryimage\"},\"thumbnailUrl\":\"https:\\\/\\\/oxygensavestheplanet.com\\\/wp-content\\\/uploads\\\/2024\\\/01\\\/1024px-MinasGerais_Municip_MontesClaros.svg.png\",\"datePublished\":\"2024-01-17T11:51:07+00:00\",\"dateModified\":\"2024-01-17T13:48:59+00:00\",\"breadcrumb\":{\"@id\":\"https:\\\/\\\/oxygensavestheplanet.com\\\/es\\\/planta-fv-montes-claros\\\/#breadcrumb\"},\"inLanguage\":\"es\",\"potentialAction\":[{\"@type\":\"ReadAction\",\"target\":[\"https:\\\/\\\/oxygensavestheplanet.com\\\/es\\\/planta-fv-montes-claros\\\/\"]}]},{\"@type\":\"ImageObject\",\"inLanguage\":\"es\",\"@id\":\"https:\\\/\\\/oxygensavestheplanet.com\\\/es\\\/planta-fv-montes-claros\\\/#primaryimage\",\"url\":\"https:\\\/\\\/oxygensavestheplanet.com\\\/wp-content\\\/uploads\\\/2024\\\/01\\\/1024px-MinasGerais_Municip_MontesClaros.svg.png\",\"contentUrl\":\"https:\\\/\\\/oxygensavestheplanet.com\\\/wp-content\\\/uploads\\\/2024\\\/01\\\/1024px-MinasGerais_Municip_MontesClaros.svg.png\"},{\"@type\":\"BreadcrumbList\",\"@id\":\"https:\\\/\\\/oxygensavestheplanet.com\\\/es\\\/planta-fv-montes-claros\\\/#breadcrumb\",\"itemListElement\":[{\"@type\":\"ListItem\",\"position\":1,\"name\":\"Home\",\"item\":\"https:\\\/\\\/oxygensavestheplanet.com\\\/es\\\/inicio\\\/\"},{\"@type\":\"ListItem\",\"position\":2,\"name\":\"Montes Claros\"}]},{\"@type\":\"WebSite\",\"@id\":\"https:\\\/\\\/oxygensavestheplanet.com\\\/es\\\/#website\",\"url\":\"https:\\\/\\\/oxygensavestheplanet.com\\\/es\\\/\",\"name\":\"OxygenSavesThePlanet\",\"description\":\"Verifiable Green, Tangible Impact\",\"publisher\":{\"@id\":\"https:\\\/\\\/oxygensavestheplanet.com\\\/es\\\/#organization\"},\"potentialAction\":[{\"@type\":\"SearchAction\",\"target\":{\"@type\":\"EntryPoint\",\"urlTemplate\":\"https:\\\/\\\/oxygensavestheplanet.com\\\/es\\\/?s={search_term_string}\"},\"query-input\":{\"@type\":\"PropertyValueSpecification\",\"valueRequired\":true,\"valueName\":\"search_term_string\"}}],\"inLanguage\":\"es\"},{\"@type\":\"Organization\",\"@id\":\"https:\\\/\\\/oxygensavestheplanet.com\\\/es\\\/#organization\",\"name\":\"OxygenSavesThePlanet\",\"url\":\"https:\\\/\\\/oxygensavestheplanet.com\\\/es\\\/\",\"logo\":{\"@type\":\"ImageObject\",\"inLanguage\":\"es\",\"@id\":\"https:\\\/\\\/oxygensavestheplanet.com\\\/es\\\/#\\\/schema\\\/logo\\\/image\\\/\",\"url\":\"https:\\\/\\\/oxygensavestheplanet.com\\\/wp-content\\\/uploads\\\/2023\\\/10\\\/cropped-con-sfondo.png\",\"contentUrl\":\"https:\\\/\\\/oxygensavestheplanet.com\\\/wp-content\\\/uploads\\\/2023\\\/10\\\/cropped-con-sfondo.png\",\"width\":512,\"height\":512,\"caption\":\"OxygenSavesThePlanet\"},\"image\":{\"@id\":\"https:\\\/\\\/oxygensavestheplanet.com\\\/es\\\/#\\\/schema\\\/logo\\\/image\\\/\"}}]}<\/script>\n<!-- \/ Yoast SEO plugin. -->","yoast_head_json":{"title":"Montes Claros - OxygenSavesThePlanet","robots":{"index":"noindex","follow":"follow","max-snippet":"max-snippet:-1","max-image-preview":"max-image-preview:large","max-video-preview":"max-video-preview:-1"},"og_locale":"es_ES","og_type":"article","og_title":"Montes Claros - OxygenSavesThePlanet","og_description":"Introducci\u00f3n: Montes Claros, municipio situado en el estado de Minas Gerais (Brasil), es el escenario ideal para un ambicioso proyecto de energ\u00edas renovables. Con una poblaci\u00f3n de 415.000 habitantes y una ubicaci\u00f3n estrat\u00e9gica en la mesorregi\u00f3n de Norte de Minas, la ciudad ofrece un entorno favorable para el desarrollo de una planta fotovoltaica. Planta fotovoltaica [&hellip;]","og_url":"https:\/\/oxygensavestheplanet.com\/es\/planta-fv-montes-claros\/","og_site_name":"OxygenSavesThePlanet","article_modified_time":"2024-01-17T13:48:59+00:00","og_image":[{"url":"https:\/\/oxygensavestheplanet.com\/wp-content\/uploads\/2024\/01\/1024px-MinasGerais_Municip_MontesClaros.svg.png","type":"","width":"","height":""}],"twitter_card":"summary_large_image","twitter_misc":{"Tiempo de lectura":"4 minutos"},"schema":{"@context":"https:\/\/schema.org","@graph":[{"@type":"WebPage","@id":"https:\/\/oxygensavestheplanet.com\/es\/planta-fv-montes-claros\/","url":"https:\/\/oxygensavestheplanet.com\/es\/planta-fv-montes-claros\/","name":"Montes Claros - OxygenSavesThePlanet","isPartOf":{"@id":"https:\/\/oxygensavestheplanet.com\/es\/#website"},"primaryImageOfPage":{"@id":"https:\/\/oxygensavestheplanet.com\/es\/planta-fv-montes-claros\/#primaryimage"},"image":{"@id":"https:\/\/oxygensavestheplanet.com\/es\/planta-fv-montes-claros\/#primaryimage"},"thumbnailUrl":"https:\/\/oxygensavestheplanet.com\/wp-content\/uploads\/2024\/01\/1024px-MinasGerais_Municip_MontesClaros.svg.png","datePublished":"2024-01-17T11:51:07+00:00","dateModified":"2024-01-17T13:48:59+00:00","breadcrumb":{"@id":"https:\/\/oxygensavestheplanet.com\/es\/planta-fv-montes-claros\/#breadcrumb"},"inLanguage":"es","potentialAction":[{"@type":"ReadAction","target":["https:\/\/oxygensavestheplanet.com\/es\/planta-fv-montes-claros\/"]}]},{"@type":"ImageObject","inLanguage":"es","@id":"https:\/\/oxygensavestheplanet.com\/es\/planta-fv-montes-claros\/#primaryimage","url":"https:\/\/oxygensavestheplanet.com\/wp-content\/uploads\/2024\/01\/1024px-MinasGerais_Municip_MontesClaros.svg.png","contentUrl":"https:\/\/oxygensavestheplanet.com\/wp-content\/uploads\/2024\/01\/1024px-MinasGerais_Municip_MontesClaros.svg.png"},{"@type":"BreadcrumbList","@id":"https:\/\/oxygensavestheplanet.com\/es\/planta-fv-montes-claros\/#breadcrumb","itemListElement":[{"@type":"ListItem","position":1,"name":"Home","item":"https:\/\/oxygensavestheplanet.com\/es\/inicio\/"},{"@type":"ListItem","position":2,"name":"Montes Claros"}]},{"@type":"WebSite","@id":"https:\/\/oxygensavestheplanet.com\/es\/#website","url":"https:\/\/oxygensavestheplanet.com\/es\/","name":"OxygenSavesThePlanet","description":"Verifiable Green, Tangible Impact","publisher":{"@id":"https:\/\/oxygensavestheplanet.com\/es\/#organization"},"potentialAction":[{"@type":"SearchAction","target":{"@type":"EntryPoint","urlTemplate":"https:\/\/oxygensavestheplanet.com\/es\/?s={search_term_string}"},"query-input":{"@type":"PropertyValueSpecification","valueRequired":true,"valueName":"search_term_string"}}],"inLanguage":"es"},{"@type":"Organization","@id":"https:\/\/oxygensavestheplanet.com\/es\/#organization","name":"OxygenSavesThePlanet","url":"https:\/\/oxygensavestheplanet.com\/es\/","logo":{"@type":"ImageObject","inLanguage":"es","@id":"https:\/\/oxygensavestheplanet.com\/es\/#\/schema\/logo\/image\/","url":"https:\/\/oxygensavestheplanet.com\/wp-content\/uploads\/2023\/10\/cropped-con-sfondo.png","contentUrl":"https:\/\/oxygensavestheplanet.com\/wp-content\/uploads\/2023\/10\/cropped-con-sfondo.png","width":512,"height":512,"caption":"OxygenSavesThePlanet"},"image":{"@id":"https:\/\/oxygensavestheplanet.com\/es\/#\/schema\/logo\/image\/"}}]}},"_links":{"self":[{"href":"https:\/\/oxygensavestheplanet.com\/es\/wp-json\/wp\/v2\/pages\/5054","targetHints":{"allow":["GET"]}}],"collection":[{"href":"https:\/\/oxygensavestheplanet.com\/es\/wp-json\/wp\/v2\/pages"}],"about":[{"href":"https:\/\/oxygensavestheplanet.com\/es\/wp-json\/wp\/v2\/types\/page"}],"author":[{"embeddable":true,"href":"https:\/\/oxygensavestheplanet.com\/es\/wp-json\/wp\/v2\/users\/1"}],"replies":[{"embeddable":true,"href":"https:\/\/oxygensavestheplanet.com\/es\/wp-json\/wp\/v2\/comments?post=5054"}],"version-history":[{"count":11,"href":"https:\/\/oxygensavestheplanet.com\/es\/wp-json\/wp\/v2\/pages\/5054\/revisions"}],"predecessor-version":[{"id":5206,"href":"https:\/\/oxygensavestheplanet.com\/es\/wp-json\/wp\/v2\/pages\/5054\/revisions\/5206"}],"wp:attachment":[{"href":"https:\/\/oxygensavestheplanet.com\/es\/wp-json\/wp\/v2\/media?parent=5054"}],"curies":[{"name":"wp","href":"https:\/\/api.w.org\/{rel}","templated":true}]}}