{"id":5116,"date":"2024-01-17T13:25:28","date_gmt":"2024-01-17T12:25:28","guid":{"rendered":"https:\/\/oxygensavestheplanet.com\/casos-practicos\/"},"modified":"2024-01-17T13:33:31","modified_gmt":"2024-01-17T12:33:31","slug":"casos-practicos","status":"publish","type":"page","link":"https:\/\/oxygensavestheplanet.com\/es\/casos-practicos\/","title":{"rendered":"Casos pr\u00e1cticos"},"content":{"rendered":"\t\t<div data-elementor-type=\"wp-page\" data-elementor-id=\"5116\" class=\"elementor elementor-5116 elementor-5095\" data-elementor-post-type=\"page\">\n\t\t\t\t<div class=\"elementor-element elementor-element-5ef4b62 e-flex e-con-boxed e-con e-parent\" data-id=\"5ef4b62\" data-element_type=\"container\" data-e-type=\"container\">\n\t\t\t\t\t<div class=\"e-con-inner\">\n\t\t\t\t<div class=\"elementor-element elementor-element-b00e179 elementor-widget elementor-widget-heading\" data-id=\"b00e179\" data-element_type=\"widget\" data-e-type=\"widget\" data-widget_type=\"heading.default\">\n\t\t\t\t<div class=\"elementor-widget-container\">\n\t\t\t\t\t<h2 class=\"elementor-heading-title elementor-size-default\">Casos pr\u00e1cticos y proyectos<\/h2>\t\t\t\t<\/div>\n\t\t\t\t<\/div>\n\t\t\t\t<div class=\"elementor-element elementor-element-0da1dd3 elementor-align-center elementor-widget elementor-widget-button\" data-id=\"0da1dd3\" data-element_type=\"widget\" data-e-type=\"widget\" data-widget_type=\"button.default\">\n\t\t\t\t<div class=\"elementor-widget-container\">\n\t\t\t\t\t\t\t\t\t<div class=\"elementor-button-wrapper\">\n\t\t\t\t\t<a class=\"elementor-button elementor-button-link elementor-size-sm\" href=\"https:\/\/1zyzkknw4z1.typeform.com\/to\/Nzb8G5ow\">\n\t\t\t\t\t\t<span class=\"elementor-button-content-wrapper\">\n\t\t\t\t\t\t\t\t\t<span class=\"elementor-button-text\">Contacte con nosotros<\/span>\n\t\t\t\t\t<\/span>\n\t\t\t\t\t<\/a>\n\t\t\t\t<\/div>\n\t\t\t\t\t\t\t\t<\/div>\n\t\t\t\t<\/div>\n\t\t\t\t\t<\/div>\n\t\t\t\t<\/div>\n\t\t<div class=\"elementor-element elementor-element-871410f e-flex e-con-boxed e-con e-parent\" data-id=\"871410f\" data-element_type=\"container\" data-e-type=\"container\">\n\t\t\t\t\t<div class=\"e-con-inner\">\n\t\t<div class=\"elementor-element elementor-element-03fe344 e-con-full e-flex e-con e-child\" data-id=\"03fe344\" data-element_type=\"container\" data-e-type=\"container\">\n\t\t\t\t<div class=\"elementor-element elementor-element-3240276 elementor-widget__width-initial elementor-position-top elementor-widget elementor-widget-image-box\" data-id=\"3240276\" data-element_type=\"widget\" data-e-type=\"widget\" data-widget_type=\"image-box.default\">\n\t\t\t\t<div class=\"elementor-widget-container\">\n\t\t\t\t\t<div class=\"elementor-image-box-wrapper\"><figure class=\"elementor-image-box-img\"><a href=\"https:\/\/oxygensavestheplanet.com\/es\/creditos-carbone\/\" tabindex=\"-1\"><img fetchpriority=\"high\" decoding=\"async\" width=\"2000\" height=\"2000\" src=\"https:\/\/oxygensavestheplanet.com\/wp-content\/uploads\/2023\/10\/Foresta-1.jpg\" class=\"elementor-animation-grow attachment-full size-full wp-image-3026\" alt=\"\" srcset=\"https:\/\/oxygensavestheplanet.com\/wp-content\/uploads\/2023\/10\/Foresta-1.jpg 2000w, https:\/\/oxygensavestheplanet.com\/wp-content\/uploads\/2023\/10\/Foresta-1-300x300.jpg 300w, https:\/\/oxygensavestheplanet.com\/wp-content\/uploads\/2023\/10\/Foresta-1-1024x1024.jpg 1024w, https:\/\/oxygensavestheplanet.com\/wp-content\/uploads\/2023\/10\/Foresta-1-150x150.jpg 150w, https:\/\/oxygensavestheplanet.com\/wp-content\/uploads\/2023\/10\/Foresta-1-768x768.jpg 768w, https:\/\/oxygensavestheplanet.com\/wp-content\/uploads\/2023\/10\/Foresta-1-1536x1536.jpg 1536w\" sizes=\"(max-width: 2000px) 100vw, 2000px\" \/><\/a><\/figure><div class=\"elementor-image-box-content\"><h3 class=\"elementor-image-box-title\"><a href=\"https:\/\/oxygensavestheplanet.com\/es\/creditos-carbone\/\">Macapa<\/a><\/h3><p class=\"elementor-image-box-description\">ARR = Forestaci\u00f3n, reforestaci\u00f3n y revegetaci\u00f3n:<\/p><\/div><\/div>\t\t\t\t<\/div>\n\t\t\t\t<\/div>\n\t\t\t\t<\/div>\n\t\t<div class=\"elementor-element elementor-element-dc1dc9d e-con-full e-flex e-con e-child\" data-id=\"dc1dc9d\" data-element_type=\"container\" data-e-type=\"container\">\n\t\t\t\t<div class=\"elementor-element elementor-element-9b67c8e elementor-widget__width-initial elementor-position-top elementor-widget elementor-widget-image-box\" data-id=\"9b67c8e\" data-element_type=\"widget\" data-e-type=\"widget\" data-widget_type=\"image-box.default\">\n\t\t\t\t<div class=\"elementor-widget-container\">\n\t\t\t\t\t<div class=\"elementor-image-box-wrapper\"><figure class=\"elementor-image-box-img\"><a href=\"https:\/\/oxygensavestheplanet.com\/es\/estudio-de-caso-ivs-vending\/\" tabindex=\"-1\"><img decoding=\"async\" width=\"800\" height=\"600\" src=\"https:\/\/oxygensavestheplanet.com\/wp-content\/uploads\/2023\/10\/IVS-Italia.webp\" class=\"elementor-animation-grow attachment-full size-full wp-image-3764\" alt=\"\" srcset=\"https:\/\/oxygensavestheplanet.com\/wp-content\/uploads\/2023\/10\/IVS-Italia.webp 800w, https:\/\/oxygensavestheplanet.com\/wp-content\/uploads\/2023\/10\/IVS-Italia-300x225.webp 300w, https:\/\/oxygensavestheplanet.com\/wp-content\/uploads\/2023\/10\/IVS-Italia-768x576.webp 768w\" sizes=\"(max-width: 800px) 100vw, 800px\" \/><\/a><\/figure><div class=\"elementor-image-box-content\"><h3 class=\"elementor-image-box-title\"><a href=\"https:\/\/oxygensavestheplanet.com\/es\/estudio-de-caso-ivs-vending\/\">IVS<\/a><\/h3><p class=\"elementor-image-box-description\">Estudio de un caso empresarial<\/p><\/div><\/div>\t\t\t\t<\/div>\n\t\t\t\t<\/div>\n\t\t\t\t<\/div>\n\t\t<div class=\"elementor-element elementor-element-76bc226 e-con-full e-flex e-con e-child\" data-id=\"76bc226\" data-element_type=\"container\" data-e-type=\"container\">\n\t\t\t\t<div class=\"elementor-element elementor-element-027097d elementor-widget__width-initial elementor-position-top elementor-widget elementor-widget-image-box\" data-id=\"027097d\" data-element_type=\"widget\" data-e-type=\"widget\" data-widget_type=\"image-box.default\">\n\t\t\t\t<div class=\"elementor-widget-container\">\n\t\t\t\t\t<div class=\"elementor-image-box-wrapper\"><figure class=\"elementor-image-box-img\"><a href=\"https:\/\/oxygensavestheplanet.com\/es\/planta-fv-montes-claros\/\" tabindex=\"-1\"><img decoding=\"async\" width=\"1080\" height=\"1080\" src=\"https:\/\/oxygensavestheplanet.com\/wp-content\/uploads\/2023\/10\/Fotovoltaico-1.jpg\" class=\"elementor-animation-grow attachment-full size-full wp-image-1402\" alt=\"\" srcset=\"https:\/\/oxygensavestheplanet.com\/wp-content\/uploads\/2023\/10\/Fotovoltaico-1.jpg 1080w, https:\/\/oxygensavestheplanet.com\/wp-content\/uploads\/2023\/10\/Fotovoltaico-1-300x300.jpg 300w, https:\/\/oxygensavestheplanet.com\/wp-content\/uploads\/2023\/10\/Fotovoltaico-1-1024x1024.jpg 1024w, https:\/\/oxygensavestheplanet.com\/wp-content\/uploads\/2023\/10\/Fotovoltaico-1-150x150.jpg 150w, https:\/\/oxygensavestheplanet.com\/wp-content\/uploads\/2023\/10\/Fotovoltaico-1-768x768.jpg 768w\" sizes=\"(max-width: 1080px) 100vw, 1080px\" \/><\/a><\/figure><div class=\"elementor-image-box-content\"><h3 class=\"elementor-image-box-title\"><a href=\"https:\/\/oxygensavestheplanet.com\/es\/planta-fv-montes-claros\/\">Montes Claros<\/a><\/h3><p class=\"elementor-image-box-description\">Potencia de la planta:\n2,5 MW ac - 3,36 MWp<\/p><\/div><\/div>\t\t\t\t<\/div>\n\t\t\t\t<\/div>\n\t\t\t\t<\/div>\n\t\t\t\t\t<\/div>\n\t\t\t\t<\/div>\n\t\t\t\t<\/div>\n\t\t","protected":false},"excerpt":{"rendered":"<p>Casos pr\u00e1cticos y proyectos Contacte con nosotros Macapa ARR = Forestaci\u00f3n, reforestaci\u00f3n y revegetaci\u00f3n: IVS Estudio de un caso empresarial Montes Claros Potencia de la planta: 2,5 MW ac &#8211; 3,36 MWp<\/p>\n","protected":false},"author":1,"featured_media":0,"parent":0,"menu_order":0,"comment_status":"closed","ping_status":"closed","template":"","meta":{"inline_featured_image":false,"footnotes":""},"class_list":["post-5116","page","type-page","status-publish","hentry"],"yoast_head":"<!-- This site is optimized with the Yoast SEO plugin v27.5 - https:\/\/yoast.com\/product\/yoast-seo-wordpress\/ -->\n<title>Casos pr\u00e1cticos - OxygenSavesThePlanet<\/title>\n<meta name=\"robots\" content=\"noindex, follow, max-snippet:-1, max-image-preview:large, max-video-preview:-1\" \/>\n<meta property=\"og:locale\" content=\"es_ES\" \/>\n<meta property=\"og:type\" content=\"article\" \/>\n<meta property=\"og:title\" content=\"Casos pr\u00e1cticos - OxygenSavesThePlanet\" \/>\n<meta property=\"og:description\" content=\"Casos pr\u00e1cticos y proyectos Contacte con nosotros Macapa ARR = Forestaci\u00f3n, reforestaci\u00f3n y revegetaci\u00f3n: IVS Estudio de un caso empresarial Montes Claros Potencia de la planta: 2,5 MW ac &#8211; 3,36 MWp\" \/>\n<meta property=\"og:url\" content=\"https:\/\/oxygensavestheplanet.com\/es\/casos-practicos\/\" \/>\n<meta property=\"og:site_name\" content=\"OxygenSavesThePlanet\" \/>\n<meta property=\"article:modified_time\" content=\"2024-01-17T12:33:31+00:00\" \/>\n<meta property=\"og:image\" content=\"https:\/\/oxygensavestheplanet.com\/wp-content\/uploads\/2023\/10\/Foresta-1.jpg\" \/>\n<meta name=\"twitter:card\" content=\"summary_large_image\" \/>\n<script type=\"application\/ld+json\" class=\"yoast-schema-graph\">{\"@context\":\"https:\\\/\\\/schema.org\",\"@graph\":[{\"@type\":\"WebPage\",\"@id\":\"https:\\\/\\\/oxygensavestheplanet.com\\\/es\\\/casos-practicos\\\/\",\"url\":\"https:\\\/\\\/oxygensavestheplanet.com\\\/es\\\/casos-practicos\\\/\",\"name\":\"Casos pr\u00e1cticos - OxygenSavesThePlanet\",\"isPartOf\":{\"@id\":\"https:\\\/\\\/oxygensavestheplanet.com\\\/es\\\/#website\"},\"primaryImageOfPage\":{\"@id\":\"https:\\\/\\\/oxygensavestheplanet.com\\\/es\\\/casos-practicos\\\/#primaryimage\"},\"image\":{\"@id\":\"https:\\\/\\\/oxygensavestheplanet.com\\\/es\\\/casos-practicos\\\/#primaryimage\"},\"thumbnailUrl\":\"https:\\\/\\\/oxygensavestheplanet.com\\\/wp-content\\\/uploads\\\/2023\\\/10\\\/Foresta-1.jpg\",\"datePublished\":\"2024-01-17T12:25:28+00:00\",\"dateModified\":\"2024-01-17T12:33:31+00:00\",\"breadcrumb\":{\"@id\":\"https:\\\/\\\/oxygensavestheplanet.com\\\/es\\\/casos-practicos\\\/#breadcrumb\"},\"inLanguage\":\"es\",\"potentialAction\":[{\"@type\":\"ReadAction\",\"target\":[\"https:\\\/\\\/oxygensavestheplanet.com\\\/es\\\/casos-practicos\\\/\"]}]},{\"@type\":\"ImageObject\",\"inLanguage\":\"es\",\"@id\":\"https:\\\/\\\/oxygensavestheplanet.com\\\/es\\\/casos-practicos\\\/#primaryimage\",\"url\":\"https:\\\/\\\/oxygensavestheplanet.com\\\/wp-content\\\/uploads\\\/2023\\\/10\\\/Foresta-1.jpg\",\"contentUrl\":\"https:\\\/\\\/oxygensavestheplanet.com\\\/wp-content\\\/uploads\\\/2023\\\/10\\\/Foresta-1.jpg\"},{\"@type\":\"BreadcrumbList\",\"@id\":\"https:\\\/\\\/oxygensavestheplanet.com\\\/es\\\/casos-practicos\\\/#breadcrumb\",\"itemListElement\":[{\"@type\":\"ListItem\",\"position\":1,\"name\":\"Home\",\"item\":\"https:\\\/\\\/oxygensavestheplanet.com\\\/es\\\/inicio\\\/\"},{\"@type\":\"ListItem\",\"position\":2,\"name\":\"Casos pr\u00e1cticos\"}]},{\"@type\":\"WebSite\",\"@id\":\"https:\\\/\\\/oxygensavestheplanet.com\\\/es\\\/#website\",\"url\":\"https:\\\/\\\/oxygensavestheplanet.com\\\/es\\\/\",\"name\":\"OxygenSavesThePlanet\",\"description\":\"Verifiable Green, Tangible Impact\",\"publisher\":{\"@id\":\"https:\\\/\\\/oxygensavestheplanet.com\\\/es\\\/#organization\"},\"potentialAction\":[{\"@type\":\"SearchAction\",\"target\":{\"@type\":\"EntryPoint\",\"urlTemplate\":\"https:\\\/\\\/oxygensavestheplanet.com\\\/es\\\/?s={search_term_string}\"},\"query-input\":{\"@type\":\"PropertyValueSpecification\",\"valueRequired\":true,\"valueName\":\"search_term_string\"}}],\"inLanguage\":\"es\"},{\"@type\":\"Organization\",\"@id\":\"https:\\\/\\\/oxygensavestheplanet.com\\\/es\\\/#organization\",\"name\":\"OxygenSavesThePlanet\",\"url\":\"https:\\\/\\\/oxygensavestheplanet.com\\\/es\\\/\",\"logo\":{\"@type\":\"ImageObject\",\"inLanguage\":\"es\",\"@id\":\"https:\\\/\\\/oxygensavestheplanet.com\\\/es\\\/#\\\/schema\\\/logo\\\/image\\\/\",\"url\":\"https:\\\/\\\/oxygensavestheplanet.com\\\/wp-content\\\/uploads\\\/2023\\\/10\\\/cropped-con-sfondo.png\",\"contentUrl\":\"https:\\\/\\\/oxygensavestheplanet.com\\\/wp-content\\\/uploads\\\/2023\\\/10\\\/cropped-con-sfondo.png\",\"width\":512,\"height\":512,\"caption\":\"OxygenSavesThePlanet\"},\"image\":{\"@id\":\"https:\\\/\\\/oxygensavestheplanet.com\\\/es\\\/#\\\/schema\\\/logo\\\/image\\\/\"}}]}<\/script>\n<!-- \/ Yoast SEO plugin. -->","yoast_head_json":{"title":"Casos pr\u00e1cticos - OxygenSavesThePlanet","robots":{"index":"noindex","follow":"follow","max-snippet":"max-snippet:-1","max-image-preview":"max-image-preview:large","max-video-preview":"max-video-preview:-1"},"og_locale":"es_ES","og_type":"article","og_title":"Casos pr\u00e1cticos - OxygenSavesThePlanet","og_description":"Casos pr\u00e1cticos y proyectos Contacte con nosotros Macapa ARR = Forestaci\u00f3n, reforestaci\u00f3n y revegetaci\u00f3n: IVS Estudio de un caso empresarial Montes Claros Potencia de la planta: 2,5 MW ac &#8211; 3,36 MWp","og_url":"https:\/\/oxygensavestheplanet.com\/es\/casos-practicos\/","og_site_name":"OxygenSavesThePlanet","article_modified_time":"2024-01-17T12:33:31+00:00","og_image":[{"url":"https:\/\/oxygensavestheplanet.com\/wp-content\/uploads\/2023\/10\/Foresta-1.jpg","type":"","width":"","height":""}],"twitter_card":"summary_large_image","schema":{"@context":"https:\/\/schema.org","@graph":[{"@type":"WebPage","@id":"https:\/\/oxygensavestheplanet.com\/es\/casos-practicos\/","url":"https:\/\/oxygensavestheplanet.com\/es\/casos-practicos\/","name":"Casos pr\u00e1cticos - OxygenSavesThePlanet","isPartOf":{"@id":"https:\/\/oxygensavestheplanet.com\/es\/#website"},"primaryImageOfPage":{"@id":"https:\/\/oxygensavestheplanet.com\/es\/casos-practicos\/#primaryimage"},"image":{"@id":"https:\/\/oxygensavestheplanet.com\/es\/casos-practicos\/#primaryimage"},"thumbnailUrl":"https:\/\/oxygensavestheplanet.com\/wp-content\/uploads\/2023\/10\/Foresta-1.jpg","datePublished":"2024-01-17T12:25:28+00:00","dateModified":"2024-01-17T12:33:31+00:00","breadcrumb":{"@id":"https:\/\/oxygensavestheplanet.com\/es\/casos-practicos\/#breadcrumb"},"inLanguage":"es","potentialAction":[{"@type":"ReadAction","target":["https:\/\/oxygensavestheplanet.com\/es\/casos-practicos\/"]}]},{"@type":"ImageObject","inLanguage":"es","@id":"https:\/\/oxygensavestheplanet.com\/es\/casos-practicos\/#primaryimage","url":"https:\/\/oxygensavestheplanet.com\/wp-content\/uploads\/2023\/10\/Foresta-1.jpg","contentUrl":"https:\/\/oxygensavestheplanet.com\/wp-content\/uploads\/2023\/10\/Foresta-1.jpg"},{"@type":"BreadcrumbList","@id":"https:\/\/oxygensavestheplanet.com\/es\/casos-practicos\/#breadcrumb","itemListElement":[{"@type":"ListItem","position":1,"name":"Home","item":"https:\/\/oxygensavestheplanet.com\/es\/inicio\/"},{"@type":"ListItem","position":2,"name":"Casos pr\u00e1cticos"}]},{"@type":"WebSite","@id":"https:\/\/oxygensavestheplanet.com\/es\/#website","url":"https:\/\/oxygensavestheplanet.com\/es\/","name":"OxygenSavesThePlanet","description":"Verifiable Green, Tangible Impact","publisher":{"@id":"https:\/\/oxygensavestheplanet.com\/es\/#organization"},"potentialAction":[{"@type":"SearchAction","target":{"@type":"EntryPoint","urlTemplate":"https:\/\/oxygensavestheplanet.com\/es\/?s={search_term_string}"},"query-input":{"@type":"PropertyValueSpecification","valueRequired":true,"valueName":"search_term_string"}}],"inLanguage":"es"},{"@type":"Organization","@id":"https:\/\/oxygensavestheplanet.com\/es\/#organization","name":"OxygenSavesThePlanet","url":"https:\/\/oxygensavestheplanet.com\/es\/","logo":{"@type":"ImageObject","inLanguage":"es","@id":"https:\/\/oxygensavestheplanet.com\/es\/#\/schema\/logo\/image\/","url":"https:\/\/oxygensavestheplanet.com\/wp-content\/uploads\/2023\/10\/cropped-con-sfondo.png","contentUrl":"https:\/\/oxygensavestheplanet.com\/wp-content\/uploads\/2023\/10\/cropped-con-sfondo.png","width":512,"height":512,"caption":"OxygenSavesThePlanet"},"image":{"@id":"https:\/\/oxygensavestheplanet.com\/es\/#\/schema\/logo\/image\/"}}]}},"_links":{"self":[{"href":"https:\/\/oxygensavestheplanet.com\/es\/wp-json\/wp\/v2\/pages\/5116","targetHints":{"allow":["GET"]}}],"collection":[{"href":"https:\/\/oxygensavestheplanet.com\/es\/wp-json\/wp\/v2\/pages"}],"about":[{"href":"https:\/\/oxygensavestheplanet.com\/es\/wp-json\/wp\/v2\/types\/page"}],"author":[{"embeddable":true,"href":"https:\/\/oxygensavestheplanet.com\/es\/wp-json\/wp\/v2\/users\/1"}],"replies":[{"embeddable":true,"href":"https:\/\/oxygensavestheplanet.com\/es\/wp-json\/wp\/v2\/comments?post=5116"}],"version-history":[{"count":2,"href":"https:\/\/oxygensavestheplanet.com\/es\/wp-json\/wp\/v2\/pages\/5116\/revisions"}],"predecessor-version":[{"id":5125,"href":"https:\/\/oxygensavestheplanet.com\/es\/wp-json\/wp\/v2\/pages\/5116\/revisions\/5125"}],"wp:attachment":[{"href":"https:\/\/oxygensavestheplanet.com\/es\/wp-json\/wp\/v2\/media?parent=5116"}],"curies":[{"name":"wp","href":"https:\/\/api.w.org\/{rel}","templated":true}]}}