{"id":3881,"date":"2023-09-28T18:51:26","date_gmt":"2023-09-28T16:51:26","guid":{"rendered":"https:\/\/oxygensavestheplanet.com\/opportunites\/"},"modified":"2024-01-10T14:47:43","modified_gmt":"2024-01-10T13:47:43","slug":"opportunites","status":"publish","type":"page","link":"https:\/\/oxygensavestheplanet.com\/fr\/opportunites\/","title":{"rendered":"Opportunit\u00e9s"},"content":{"rendered":"\t\t<div data-elementor-type=\"wp-page\" data-elementor-id=\"3881\" class=\"elementor elementor-3881 elementor-635\" data-elementor-post-type=\"page\">\n\t\t\t\t<div class=\"elementor-element elementor-element-7b0a291 e-flex e-con-boxed e-con e-parent\" data-id=\"7b0a291\" data-element_type=\"container\" data-e-type=\"container\">\n\t\t\t\t\t<div class=\"e-con-inner\">\n\t\t\t\t<div class=\"elementor-element elementor-element-596e861 elementor-widget elementor-widget-image\" data-id=\"596e861\" data-element_type=\"widget\" data-e-type=\"widget\" data-widget_type=\"image.default\">\n\t\t\t\t<div class=\"elementor-widget-container\">\n\t\t\t\t\t\t\t\t\t\t\t\t\t\t\t<img fetchpriority=\"high\" decoding=\"async\" width=\"2560\" height=\"1588\" src=\"https:\/\/oxygensavestheplanet.com\/wp-content\/uploads\/2023\/10\/2-Texture-ridotto-scaled.jpg\" class=\"attachment-full size-full wp-image-2624\" alt=\"\" srcset=\"https:\/\/oxygensavestheplanet.com\/wp-content\/uploads\/2023\/10\/2-Texture-ridotto-scaled.jpg 2560w, https:\/\/oxygensavestheplanet.com\/wp-content\/uploads\/2023\/10\/2-Texture-ridotto-300x186.jpg 300w, https:\/\/oxygensavestheplanet.com\/wp-content\/uploads\/2023\/10\/2-Texture-ridotto-1024x635.jpg 1024w, https:\/\/oxygensavestheplanet.com\/wp-content\/uploads\/2023\/10\/2-Texture-ridotto-768x476.jpg 768w, https:\/\/oxygensavestheplanet.com\/wp-content\/uploads\/2023\/10\/2-Texture-ridotto-1536x953.jpg 1536w, https:\/\/oxygensavestheplanet.com\/wp-content\/uploads\/2023\/10\/2-Texture-ridotto-2048x1271.jpg 2048w\" sizes=\"(max-width: 2560px) 100vw, 2560px\" \/>\t\t\t\t\t\t\t\t\t\t\t\t\t\t\t<\/div>\n\t\t\t\t<\/div>\n\t\t\t\t<div class=\"elementor-element elementor-element-442fdf01 elementor-widget elementor-widget-heading\" data-id=\"442fdf01\" data-element_type=\"widget\" data-e-type=\"widget\" data-widget_type=\"heading.default\">\n\t\t\t\t<div class=\"elementor-widget-container\">\n\t\t\t\t\t<h2 class=\"elementor-heading-title elementor-size-default\">Les opportunit\u00e9s que nous vous offrons<\/h2>\t\t\t\t<\/div>\n\t\t\t\t<\/div>\n\t\t\t\t<div class=\"elementor-element elementor-element-61b935c elementor-align-center elementor-widget elementor-widget-button\" data-id=\"61b935c\" data-element_type=\"widget\" data-e-type=\"widget\" data-widget_type=\"button.default\">\n\t\t\t\t<div class=\"elementor-widget-container\">\n\t\t\t\t\t\t\t\t\t<div class=\"elementor-button-wrapper\">\n\t\t\t\t\t<a class=\"elementor-button elementor-button-link elementor-size-sm\" href=\"https:\/\/1zyzkknw4z1.typeform.com\/to\/Nzb8G5ow\">\n\t\t\t\t\t\t<span class=\"elementor-button-content-wrapper\">\n\t\t\t\t\t\t\t\t\t<span class=\"elementor-button-text\">Nous contacter<\/span>\n\t\t\t\t\t<\/span>\n\t\t\t\t\t<\/a>\n\t\t\t\t<\/div>\n\t\t\t\t\t\t\t\t<\/div>\n\t\t\t\t<\/div>\n\t\t\t\t\t<\/div>\n\t\t\t\t<\/div>\n\t\t<div class=\"elementor-element elementor-element-0f14602 e-flex e-con-boxed e-con e-parent\" data-id=\"0f14602\" data-element_type=\"container\" data-e-type=\"container\">\n\t\t\t\t\t<div class=\"e-con-inner\">\n\t\t<div class=\"elementor-element elementor-element-c56218f e-con-full e-flex e-con e-child\" data-id=\"c56218f\" data-element_type=\"container\" data-e-type=\"container\">\n\t\t\t\t<div class=\"elementor-element elementor-element-7b53d13 elementor-widget__width-initial elementor-position-top elementor-widget elementor-widget-image-box\" data-id=\"7b53d13\" data-element_type=\"widget\" data-e-type=\"widget\" data-widget_type=\"image-box.default\">\n\t\t\t\t<div class=\"elementor-widget-container\">\n\t\t\t\t\t<div class=\"elementor-image-box-wrapper\"><figure class=\"elementor-image-box-img\"><a href=\"https:\/\/oxygensavestheplanet.com\/fr\/credits-carbone\/\" tabindex=\"-1\"><img decoding=\"async\" width=\"1080\" height=\"1080\" src=\"https:\/\/oxygensavestheplanet.com\/wp-content\/uploads\/2023\/10\/Carbon-Credit.jpg\" class=\"elementor-animation-grow attachment-full size-full wp-image-1403\" alt=\"\" srcset=\"https:\/\/oxygensavestheplanet.com\/wp-content\/uploads\/2023\/10\/Carbon-Credit.jpg 1080w, https:\/\/oxygensavestheplanet.com\/wp-content\/uploads\/2023\/10\/Carbon-Credit-300x300.jpg 300w, https:\/\/oxygensavestheplanet.com\/wp-content\/uploads\/2023\/10\/Carbon-Credit-1024x1024.jpg 1024w, https:\/\/oxygensavestheplanet.com\/wp-content\/uploads\/2023\/10\/Carbon-Credit-150x150.jpg 150w, https:\/\/oxygensavestheplanet.com\/wp-content\/uploads\/2023\/10\/Carbon-Credit-768x768.jpg 768w\" sizes=\"(max-width: 1080px) 100vw, 1080px\" \/><\/a><\/figure><div class=\"elementor-image-box-content\"><h3 class=\"elementor-image-box-title\"><a href=\"https:\/\/oxygensavestheplanet.com\/fr\/credits-carbone\/\">Cr\u00e9dits carbone<\/a><\/h3><p class=\"elementor-image-box-description\">\u00c9change de cr\u00e9dits de haute qualit\u00e9 dans le cadre des normes REDD+ et ARR<\/p><\/div><\/div>\t\t\t\t<\/div>\n\t\t\t\t<\/div>\n\t\t\t\t<\/div>\n\t\t<div class=\"elementor-element elementor-element-741bcb7 e-con-full e-flex e-con e-child\" data-id=\"741bcb7\" data-element_type=\"container\" data-e-type=\"container\">\n\t\t\t\t<div class=\"elementor-element elementor-element-781d4e6 elementor-widget__width-initial elementor-position-top elementor-widget elementor-widget-image-box\" data-id=\"781d4e6\" data-element_type=\"widget\" data-e-type=\"widget\" data-widget_type=\"image-box.default\">\n\t\t\t\t<div class=\"elementor-widget-container\">\n\t\t\t\t\t<div class=\"elementor-image-box-wrapper\"><figure class=\"elementor-image-box-img\"><a href=\"https:\/\/oxygensavestheplanet.com\/fr\/projets-forestiers\/\" tabindex=\"-1\"><img decoding=\"async\" width=\"1080\" height=\"1080\" src=\"https:\/\/oxygensavestheplanet.com\/wp-content\/uploads\/2023\/10\/Foresta.jpg\" class=\"elementor-animation-grow attachment-full size-full wp-image-1399\" alt=\"\" srcset=\"https:\/\/oxygensavestheplanet.com\/wp-content\/uploads\/2023\/10\/Foresta.jpg 1080w, https:\/\/oxygensavestheplanet.com\/wp-content\/uploads\/2023\/10\/Foresta-300x300.jpg 300w, https:\/\/oxygensavestheplanet.com\/wp-content\/uploads\/2023\/10\/Foresta-1024x1024.jpg 1024w, https:\/\/oxygensavestheplanet.com\/wp-content\/uploads\/2023\/10\/Foresta-150x150.jpg 150w, https:\/\/oxygensavestheplanet.com\/wp-content\/uploads\/2023\/10\/Foresta-768x768.jpg 768w\" sizes=\"(max-width: 1080px) 100vw, 1080px\" \/><\/a><\/figure><div class=\"elementor-image-box-content\"><h3 class=\"elementor-image-box-title\"><a href=\"https:\/\/oxygensavestheplanet.com\/fr\/projets-forestiers\/\">Projets forestiers<\/a><\/h3><p class=\"elementor-image-box-description\">Participation ou achat de projets de d\u00e9veloppement forestier pour la production de cr\u00e9dits carbone<\/p><\/div><\/div>\t\t\t\t<\/div>\n\t\t\t\t<\/div>\n\t\t\t\t<\/div>\n\t\t<div class=\"elementor-element elementor-element-72b1598 e-con-full e-flex e-con e-child\" data-id=\"72b1598\" data-element_type=\"container\" data-e-type=\"container\">\n\t\t\t\t<div class=\"elementor-element elementor-element-20b15db elementor-widget__width-initial elementor-position-top elementor-widget elementor-widget-image-box\" data-id=\"20b15db\" data-element_type=\"widget\" data-e-type=\"widget\" data-widget_type=\"image-box.default\">\n\t\t\t\t<div class=\"elementor-widget-container\">\n\t\t\t\t\t<div class=\"elementor-image-box-wrapper\"><figure class=\"elementor-image-box-img\"><a href=\"https:\/\/oxygensavestheplanet.com\/fr\/photovoltaique-et-energie-eolienne\/\" tabindex=\"-1\"><img loading=\"lazy\" decoding=\"async\" width=\"1080\" height=\"1080\" src=\"https:\/\/oxygensavestheplanet.com\/wp-content\/uploads\/2023\/10\/Fotovoltaico-1.jpg\" class=\"elementor-animation-grow attachment-full size-full wp-image-1402\" alt=\"\" srcset=\"https:\/\/oxygensavestheplanet.com\/wp-content\/uploads\/2023\/10\/Fotovoltaico-1.jpg 1080w, https:\/\/oxygensavestheplanet.com\/wp-content\/uploads\/2023\/10\/Fotovoltaico-1-300x300.jpg 300w, https:\/\/oxygensavestheplanet.com\/wp-content\/uploads\/2023\/10\/Fotovoltaico-1-1024x1024.jpg 1024w, https:\/\/oxygensavestheplanet.com\/wp-content\/uploads\/2023\/10\/Fotovoltaico-1-150x150.jpg 150w, https:\/\/oxygensavestheplanet.com\/wp-content\/uploads\/2023\/10\/Fotovoltaico-1-768x768.jpg 768w\" sizes=\"(max-width: 1080px) 100vw, 1080px\" \/><\/a><\/figure><div class=\"elementor-image-box-content\"><h3 class=\"elementor-image-box-title\"><a href=\"https:\/\/oxygensavestheplanet.com\/fr\/photovoltaique-et-energie-eolienne\/\">Syst\u00e8mes photovolta\u00efques<\/a><\/h3><p class=\"elementor-image-box-description\">Participation \u00e0 des projets de centrales photovolta\u00efques ou achat de telles centrales<\/p><\/div><\/div>\t\t\t\t<\/div>\n\t\t\t\t<\/div>\n\t\t\t\t<\/div>\n\t\t\t\t\t<\/div>\n\t\t\t\t<\/div>\n\t\t<div class=\"elementor-element elementor-element-609f015 e-flex e-con-boxed e-con e-parent\" data-id=\"609f015\" data-element_type=\"container\" data-e-type=\"container\">\n\t\t\t\t\t<div class=\"e-con-inner\">\n\t\t\t\t<div class=\"elementor-element elementor-element-8a961b4 elementor-widget elementor-widget-heading\" data-id=\"8a961b4\" data-element_type=\"widget\" data-e-type=\"widget\" data-widget_type=\"heading.default\">\n\t\t\t\t<div class=\"elementor-widget-container\">\n\t\t\t\t\t<h2 class=\"elementor-heading-title elementor-size-default\">Choisissez le type d'investissement qui vous convient.<\/h2>\t\t\t\t<\/div>\n\t\t\t\t<\/div>\n\t\t\t\t<div class=\"elementor-element elementor-element-23aa2c9 elementor-align-center elementor-widget elementor-widget-button\" data-id=\"23aa2c9\" data-element_type=\"widget\" data-e-type=\"widget\" data-widget_type=\"button.default\">\n\t\t\t\t<div class=\"elementor-widget-container\">\n\t\t\t\t\t\t\t\t\t<div class=\"elementor-button-wrapper\">\n\t\t\t\t\t<a class=\"elementor-button elementor-button-link elementor-size-sm\" href=\"https:\/\/1zyzkknw4z1.typeform.com\/to\/Nzb8G5ow\">\n\t\t\t\t\t\t<span class=\"elementor-button-content-wrapper\">\n\t\t\t\t\t\t\t\t\t<span class=\"elementor-button-text\">Nous contacter<\/span>\n\t\t\t\t\t<\/span>\n\t\t\t\t\t<\/a>\n\t\t\t\t<\/div>\n\t\t\t\t\t\t\t\t<\/div>\n\t\t\t\t<\/div>\n\t\t\t\t\t<\/div>\n\t\t\t\t<\/div>\n\t\t\t\t<\/div>\n\t\t","protected":false},"excerpt":{"rendered":"<p>Les opportunit\u00e9s que nous vous offrons Nous contacter Cr\u00e9dits carbone \u00c9change de cr\u00e9dits de haute qualit\u00e9 dans le cadre des normes REDD+ et ARR Projets forestiers Participation ou achat de projets de d\u00e9veloppement forestier pour la production de cr\u00e9dits carbone Syst\u00e8mes photovolta\u00efques Participation \u00e0 des projets de centrales photovolta\u00efques ou achat de telles centrales Choisissez [&hellip;]<\/p>\n","protected":false},"author":1,"featured_media":0,"parent":0,"menu_order":0,"comment_status":"closed","ping_status":"closed","template":"elementor_header_footer","meta":{"inline_featured_image":false,"footnotes":""},"class_list":["post-3881","page","type-page","status-publish","hentry"],"yoast_head":"<!-- This site is optimized with the Yoast SEO plugin v27.5 - https:\/\/yoast.com\/product\/yoast-seo-wordpress\/ -->\n<title>Opportunit\u00e9s - OxygenSavesThePlanet<\/title>\n<meta name=\"robots\" content=\"noindex, follow, max-snippet:-1, max-image-preview:large, max-video-preview:-1\" \/>\n<meta property=\"og:locale\" content=\"fr_FR\" \/>\n<meta property=\"og:type\" content=\"article\" \/>\n<meta property=\"og:title\" content=\"Opportunit\u00e9s - OxygenSavesThePlanet\" \/>\n<meta property=\"og:description\" content=\"Les opportunit\u00e9s que nous vous offrons Nous contacter Cr\u00e9dits carbone \u00c9change de cr\u00e9dits de haute qualit\u00e9 dans le cadre des normes REDD+ et ARR Projets forestiers Participation ou achat de projets de d\u00e9veloppement forestier pour la production de cr\u00e9dits carbone Syst\u00e8mes photovolta\u00efques Participation \u00e0 des projets de centrales photovolta\u00efques ou achat de telles centrales Choisissez [&hellip;]\" \/>\n<meta property=\"og:url\" content=\"https:\/\/oxygensavestheplanet.com\/fr\/opportunites\/\" \/>\n<meta property=\"og:site_name\" content=\"OxygenSavesThePlanet\" \/>\n<meta property=\"article:modified_time\" content=\"2024-01-10T13:47:43+00:00\" \/>\n<meta property=\"og:image\" content=\"https:\/\/oxygensavestheplanet.com\/wp-content\/uploads\/2023\/10\/2-Texture-ridotto-scaled.jpg\" \/>\n<meta name=\"twitter:card\" content=\"summary_large_image\" \/>\n<script type=\"application\/ld+json\" class=\"yoast-schema-graph\">{\"@context\":\"https:\\\/\\\/schema.org\",\"@graph\":[{\"@type\":\"WebPage\",\"@id\":\"https:\\\/\\\/oxygensavestheplanet.com\\\/fr\\\/opportunites\\\/\",\"url\":\"https:\\\/\\\/oxygensavestheplanet.com\\\/fr\\\/opportunites\\\/\",\"name\":\"Opportunit\u00e9s - OxygenSavesThePlanet\",\"isPartOf\":{\"@id\":\"https:\\\/\\\/oxygensavestheplanet.com\\\/fr\\\/#website\"},\"primaryImageOfPage\":{\"@id\":\"https:\\\/\\\/oxygensavestheplanet.com\\\/fr\\\/opportunites\\\/#primaryimage\"},\"image\":{\"@id\":\"https:\\\/\\\/oxygensavestheplanet.com\\\/fr\\\/opportunites\\\/#primaryimage\"},\"thumbnailUrl\":\"https:\\\/\\\/oxygensavestheplanet.com\\\/wp-content\\\/uploads\\\/2023\\\/10\\\/2-Texture-ridotto-scaled.jpg\",\"datePublished\":\"2023-09-28T16:51:26+00:00\",\"dateModified\":\"2024-01-10T13:47:43+00:00\",\"breadcrumb\":{\"@id\":\"https:\\\/\\\/oxygensavestheplanet.com\\\/fr\\\/opportunites\\\/#breadcrumb\"},\"inLanguage\":\"fr-FR\",\"potentialAction\":[{\"@type\":\"ReadAction\",\"target\":[\"https:\\\/\\\/oxygensavestheplanet.com\\\/fr\\\/opportunites\\\/\"]}]},{\"@type\":\"ImageObject\",\"inLanguage\":\"fr-FR\",\"@id\":\"https:\\\/\\\/oxygensavestheplanet.com\\\/fr\\\/opportunites\\\/#primaryimage\",\"url\":\"https:\\\/\\\/oxygensavestheplanet.com\\\/wp-content\\\/uploads\\\/2023\\\/10\\\/2-Texture-ridotto-scaled.jpg\",\"contentUrl\":\"https:\\\/\\\/oxygensavestheplanet.com\\\/wp-content\\\/uploads\\\/2023\\\/10\\\/2-Texture-ridotto-scaled.jpg\"},{\"@type\":\"BreadcrumbList\",\"@id\":\"https:\\\/\\\/oxygensavestheplanet.com\\\/fr\\\/opportunites\\\/#breadcrumb\",\"itemListElement\":[{\"@type\":\"ListItem\",\"position\":1,\"name\":\"Home\",\"item\":\"https:\\\/\\\/oxygensavestheplanet.com\\\/fr\\\/accueil\\\/\"},{\"@type\":\"ListItem\",\"position\":2,\"name\":\"Opportunit\u00e9s\"}]},{\"@type\":\"WebSite\",\"@id\":\"https:\\\/\\\/oxygensavestheplanet.com\\\/fr\\\/#website\",\"url\":\"https:\\\/\\\/oxygensavestheplanet.com\\\/fr\\\/\",\"name\":\"OxygenSavesThePlanet\",\"description\":\"Verifiable Green, Tangible Impact\",\"publisher\":{\"@id\":\"https:\\\/\\\/oxygensavestheplanet.com\\\/fr\\\/#organization\"},\"potentialAction\":[{\"@type\":\"SearchAction\",\"target\":{\"@type\":\"EntryPoint\",\"urlTemplate\":\"https:\\\/\\\/oxygensavestheplanet.com\\\/fr\\\/?s={search_term_string}\"},\"query-input\":{\"@type\":\"PropertyValueSpecification\",\"valueRequired\":true,\"valueName\":\"search_term_string\"}}],\"inLanguage\":\"fr-FR\"},{\"@type\":\"Organization\",\"@id\":\"https:\\\/\\\/oxygensavestheplanet.com\\\/fr\\\/#organization\",\"name\":\"OxygenSavesThePlanet\",\"url\":\"https:\\\/\\\/oxygensavestheplanet.com\\\/fr\\\/\",\"logo\":{\"@type\":\"ImageObject\",\"inLanguage\":\"fr-FR\",\"@id\":\"https:\\\/\\\/oxygensavestheplanet.com\\\/fr\\\/#\\\/schema\\\/logo\\\/image\\\/\",\"url\":\"https:\\\/\\\/oxygensavestheplanet.com\\\/wp-content\\\/uploads\\\/2023\\\/10\\\/cropped-con-sfondo.png\",\"contentUrl\":\"https:\\\/\\\/oxygensavestheplanet.com\\\/wp-content\\\/uploads\\\/2023\\\/10\\\/cropped-con-sfondo.png\",\"width\":512,\"height\":512,\"caption\":\"OxygenSavesThePlanet\"},\"image\":{\"@id\":\"https:\\\/\\\/oxygensavestheplanet.com\\\/fr\\\/#\\\/schema\\\/logo\\\/image\\\/\"}}]}<\/script>\n<!-- \/ Yoast SEO plugin. -->","yoast_head_json":{"title":"Opportunit\u00e9s - OxygenSavesThePlanet","robots":{"index":"noindex","follow":"follow","max-snippet":"max-snippet:-1","max-image-preview":"max-image-preview:large","max-video-preview":"max-video-preview:-1"},"og_locale":"fr_FR","og_type":"article","og_title":"Opportunit\u00e9s - OxygenSavesThePlanet","og_description":"Les opportunit\u00e9s que nous vous offrons Nous contacter Cr\u00e9dits carbone \u00c9change de cr\u00e9dits de haute qualit\u00e9 dans le cadre des normes REDD+ et ARR Projets forestiers Participation ou achat de projets de d\u00e9veloppement forestier pour la production de cr\u00e9dits carbone Syst\u00e8mes photovolta\u00efques Participation \u00e0 des projets de centrales photovolta\u00efques ou achat de telles centrales Choisissez [&hellip;]","og_url":"https:\/\/oxygensavestheplanet.com\/fr\/opportunites\/","og_site_name":"OxygenSavesThePlanet","article_modified_time":"2024-01-10T13:47:43+00:00","og_image":[{"url":"https:\/\/oxygensavestheplanet.com\/wp-content\/uploads\/2023\/10\/2-Texture-ridotto-scaled.jpg","type":"","width":"","height":""}],"twitter_card":"summary_large_image","schema":{"@context":"https:\/\/schema.org","@graph":[{"@type":"WebPage","@id":"https:\/\/oxygensavestheplanet.com\/fr\/opportunites\/","url":"https:\/\/oxygensavestheplanet.com\/fr\/opportunites\/","name":"Opportunit\u00e9s - OxygenSavesThePlanet","isPartOf":{"@id":"https:\/\/oxygensavestheplanet.com\/fr\/#website"},"primaryImageOfPage":{"@id":"https:\/\/oxygensavestheplanet.com\/fr\/opportunites\/#primaryimage"},"image":{"@id":"https:\/\/oxygensavestheplanet.com\/fr\/opportunites\/#primaryimage"},"thumbnailUrl":"https:\/\/oxygensavestheplanet.com\/wp-content\/uploads\/2023\/10\/2-Texture-ridotto-scaled.jpg","datePublished":"2023-09-28T16:51:26+00:00","dateModified":"2024-01-10T13:47:43+00:00","breadcrumb":{"@id":"https:\/\/oxygensavestheplanet.com\/fr\/opportunites\/#breadcrumb"},"inLanguage":"fr-FR","potentialAction":[{"@type":"ReadAction","target":["https:\/\/oxygensavestheplanet.com\/fr\/opportunites\/"]}]},{"@type":"ImageObject","inLanguage":"fr-FR","@id":"https:\/\/oxygensavestheplanet.com\/fr\/opportunites\/#primaryimage","url":"https:\/\/oxygensavestheplanet.com\/wp-content\/uploads\/2023\/10\/2-Texture-ridotto-scaled.jpg","contentUrl":"https:\/\/oxygensavestheplanet.com\/wp-content\/uploads\/2023\/10\/2-Texture-ridotto-scaled.jpg"},{"@type":"BreadcrumbList","@id":"https:\/\/oxygensavestheplanet.com\/fr\/opportunites\/#breadcrumb","itemListElement":[{"@type":"ListItem","position":1,"name":"Home","item":"https:\/\/oxygensavestheplanet.com\/fr\/accueil\/"},{"@type":"ListItem","position":2,"name":"Opportunit\u00e9s"}]},{"@type":"WebSite","@id":"https:\/\/oxygensavestheplanet.com\/fr\/#website","url":"https:\/\/oxygensavestheplanet.com\/fr\/","name":"OxygenSavesThePlanet","description":"Verifiable Green, Tangible Impact","publisher":{"@id":"https:\/\/oxygensavestheplanet.com\/fr\/#organization"},"potentialAction":[{"@type":"SearchAction","target":{"@type":"EntryPoint","urlTemplate":"https:\/\/oxygensavestheplanet.com\/fr\/?s={search_term_string}"},"query-input":{"@type":"PropertyValueSpecification","valueRequired":true,"valueName":"search_term_string"}}],"inLanguage":"fr-FR"},{"@type":"Organization","@id":"https:\/\/oxygensavestheplanet.com\/fr\/#organization","name":"OxygenSavesThePlanet","url":"https:\/\/oxygensavestheplanet.com\/fr\/","logo":{"@type":"ImageObject","inLanguage":"fr-FR","@id":"https:\/\/oxygensavestheplanet.com\/fr\/#\/schema\/logo\/image\/","url":"https:\/\/oxygensavestheplanet.com\/wp-content\/uploads\/2023\/10\/cropped-con-sfondo.png","contentUrl":"https:\/\/oxygensavestheplanet.com\/wp-content\/uploads\/2023\/10\/cropped-con-sfondo.png","width":512,"height":512,"caption":"OxygenSavesThePlanet"},"image":{"@id":"https:\/\/oxygensavestheplanet.com\/fr\/#\/schema\/logo\/image\/"}}]}},"_links":{"self":[{"href":"https:\/\/oxygensavestheplanet.com\/fr\/wp-json\/wp\/v2\/pages\/3881","targetHints":{"allow":["GET"]}}],"collection":[{"href":"https:\/\/oxygensavestheplanet.com\/fr\/wp-json\/wp\/v2\/pages"}],"about":[{"href":"https:\/\/oxygensavestheplanet.com\/fr\/wp-json\/wp\/v2\/types\/page"}],"author":[{"embeddable":true,"href":"https:\/\/oxygensavestheplanet.com\/fr\/wp-json\/wp\/v2\/users\/1"}],"replies":[{"embeddable":true,"href":"https:\/\/oxygensavestheplanet.com\/fr\/wp-json\/wp\/v2\/comments?post=3881"}],"version-history":[{"count":2,"href":"https:\/\/oxygensavestheplanet.com\/fr\/wp-json\/wp\/v2\/pages\/3881\/revisions"}],"predecessor-version":[{"id":4922,"href":"https:\/\/oxygensavestheplanet.com\/fr\/wp-json\/wp\/v2\/pages\/3881\/revisions\/4922"}],"wp:attachment":[{"href":"https:\/\/oxygensavestheplanet.com\/fr\/wp-json\/wp\/v2\/media?parent=3881"}],"curies":[{"name":"wp","href":"https:\/\/api.w.org\/{rel}","templated":true}]}}