{"id":3886,"date":"2023-10-22T09:01:20","date_gmt":"2023-10-22T07:01:20","guid":{"rendered":"https:\/\/oxygensavestheplanet.com\/recherche-dans-trove\/"},"modified":"2023-10-31T06:16:13","modified_gmt":"2023-10-31T05:16:13","slug":"recherche-dans-trove","status":"publish","type":"page","link":"https:\/\/oxygensavestheplanet.com\/fr\/recherche-dans-trove\/","title":{"rendered":"Recherche dans Trove"},"content":{"rendered":"\t\t<div data-elementor-type=\"wp-page\" data-elementor-id=\"3886\" class=\"elementor elementor-3886 elementor-2458\" data-elementor-post-type=\"page\">\n\t\t\t\t<div class=\"elementor-element elementor-element-6c8183c8 e-flex e-con-boxed e-con e-parent\" data-id=\"6c8183c8\" data-element_type=\"container\" data-e-type=\"container\" data-settings=\"{&quot;background_background&quot;:&quot;classic&quot;}\">\n\t\t\t\t\t<div class=\"e-con-inner\">\n\t\t\t\t<div class=\"elementor-element elementor-element-8fe0569 elementor-widget elementor-widget-heading\" data-id=\"8fe0569\" data-element_type=\"widget\" data-e-type=\"widget\" data-widget_type=\"heading.default\">\n\t\t\t\t<div class=\"elementor-widget-container\">\n\t\t\t\t\t<h1 class=\"elementor-heading-title elementor-size-default\">Pourquoi agir maintenant !<\/h1>\t\t\t\t<\/div>\n\t\t\t\t<\/div>\n\t\t\t\t<div class=\"elementor-element elementor-element-a30b514 elementor-align-center elementor-widget elementor-widget-button\" data-id=\"a30b514\" data-element_type=\"widget\" data-e-type=\"widget\" data-widget_type=\"button.default\">\n\t\t\t\t<div class=\"elementor-widget-container\">\n\t\t\t\t\t\t\t\t\t<div class=\"elementor-button-wrapper\">\n\t\t\t\t\t<a class=\"elementor-button elementor-button-link elementor-size-sm\" href=\"https:\/\/1zyzkknw4z1.typeform.com\/to\/Nzb8G5ow\">\n\t\t\t\t\t\t<span class=\"elementor-button-content-wrapper\">\n\t\t\t\t\t\t\t\t\t<span class=\"elementor-button-text\">Contactez nous<\/span>\n\t\t\t\t\t<\/span>\n\t\t\t\t\t<\/a>\n\t\t\t\t<\/div>\n\t\t\t\t\t\t\t\t<\/div>\n\t\t\t\t<\/div>\n\t\t\t\t\t<\/div>\n\t\t\t\t<\/div>\n\t\t<div class=\"elementor-element elementor-element-76dbe35c e-con-full e-flex e-con e-parent\" data-id=\"76dbe35c\" data-element_type=\"container\" data-e-type=\"container\" data-settings=\"{&quot;background_background&quot;:&quot;classic&quot;}\">\n\t\t\t\t<div class=\"elementor-element elementor-element-25c1ef33 elementor-widget elementor-widget-image\" data-id=\"25c1ef33\" data-element_type=\"widget\" data-e-type=\"widget\" data-widget_type=\"image.default\">\n\t\t\t\t<div class=\"elementor-widget-container\">\n\t\t\t\t\t\t\t\t\t\t\t\t\t\t\t<img fetchpriority=\"high\" decoding=\"async\" width=\"800\" height=\"448\" src=\"https:\/\/oxygensavestheplanet.com\/wp-content\/uploads\/2023\/10\/Investment-Trends-Trove-1024x573.png\" class=\"attachment-large size-large wp-image-2449\" alt=\"\" srcset=\"https:\/\/oxygensavestheplanet.com\/wp-content\/uploads\/2023\/10\/Investment-Trends-Trove-1024x573.png 1024w, https:\/\/oxygensavestheplanet.com\/wp-content\/uploads\/2023\/10\/Investment-Trends-Trove-300x168.png 300w, https:\/\/oxygensavestheplanet.com\/wp-content\/uploads\/2023\/10\/Investment-Trends-Trove-768x430.png 768w, https:\/\/oxygensavestheplanet.com\/wp-content\/uploads\/2023\/10\/Investment-Trends-Trove.png 1281w\" sizes=\"(max-width: 800px) 100vw, 800px\" \/>\t\t\t\t\t\t\t\t\t\t\t\t\t\t\t<\/div>\n\t\t\t\t<\/div>\n\t\t<div class=\"elementor-element elementor-element-3b79a9b e-flex e-con-boxed e-con e-child\" data-id=\"3b79a9b\" data-element_type=\"container\" data-e-type=\"container\">\n\t\t\t\t\t<div class=\"e-con-inner\">\n\t\t\t\t<div class=\"elementor-element elementor-element-53828ec elementor-widget elementor-widget-text-editor\" data-id=\"53828ec\" data-element_type=\"widget\" data-e-type=\"widget\" data-widget_type=\"text-editor.default\">\n\t\t\t\t<div class=\"elementor-widget-container\">\n\t\t\t\t\t\t\t\t\t<\/p>\n<p><strong>R\u00e9sum\u00e9 du rapport :<\/strong><\/p>\n<p><strong>Capital lev\u00e9\/engag\u00e9 :<\/strong><\/p>\n<ul>\n<li>Entre janvier 2021 et juin 2023, 18 milliards de dollars ont \u00e9t\u00e9 lev\u00e9s ou affect\u00e9s \u00e0 des investissements dans des fonds li\u00e9s aux cr\u00e9dits carbone. Pour 2024 et 2025, un engagement suppl\u00e9mentaire de 3 milliards de dollars est attendu. La majeure partie de ce financement (15 milliards de dollars, soit 80 %) est destin\u00e9e \u00e0 des projets li\u00e9s \u00e0 la nature. Un tiers de ce financement provient d&rsquo;entreprises, dont certaines des plus grandes au monde, qui investissent pour s&rsquo;assurer un acc\u00e8s \u00e0 long terme aux cr\u00e9dits carbone.<\/li>\n<\/ul>\n<p><strong>Investissement dans des projets :<\/strong><\/p>\n<ul>\n<li>Au cours des trois derni\u00e8res ann\u00e9es, la quasi-totalit\u00e9 des capitaux lev\u00e9s a \u00e9t\u00e9 investie dans des projets li\u00e9s au carbone, avec 7,5 milliards de dollars investis rien que l&rsquo;ann\u00e9e derni\u00e8re. Entre 2012 et 2022, le montant total investi dans des projets de cr\u00e9dits carbone s&rsquo;\u00e9l\u00e8ve \u00e0 36 milliards de dollars. Pr\u00e8s de la moiti\u00e9 d&rsquo;entre eux \u00e9taient consacr\u00e9s \u00e0 des projets li\u00e9s \u00e0 la nature, cette proportion atteignant 50 % au cours des trois derni\u00e8res ann\u00e9es. L&rsquo;Asie de l&rsquo;Est et le Pacifique ont re\u00e7u la plus grande part des investissements, suivis par l&rsquo;Asie du Sud et l&rsquo;Afrique subsaharienne. Les investissements r\u00e9alis\u00e9s au cours des trois derni\u00e8res ann\u00e9es repr\u00e9sentent cinq fois la valeur du march\u00e9 mondial des cr\u00e9dits carbone, signe d&rsquo;un secteur en pleine expansion.<\/li>\n<\/ul>\n<p><strong>Besoins futurs en capitaux :<\/strong><\/p>\n<ul>\n<li>Au rythme actuel, les investissements dans les projets de cr\u00e9dits carbone ne couvrent qu&rsquo;un tiers du niveau n\u00e9cessaire pour fournir le volume de cr\u00e9dits requis d&rsquo;ici 2030 dans un sc\u00e9nario de 1,5\u00b0C. Cela signifie qu&rsquo;un investissement suppl\u00e9mentaire de 90 milliards de dollars sera n\u00e9cessaire d&rsquo;ici 2030. Dans un contexte plus prudent de croissance de la demande, l&rsquo;investissement n\u00e9cessaire d&rsquo;ici 2030 se situerait entre 10 et 40 milliards de dollars. D&rsquo;ici \u00e0 2050, l&rsquo;investissement cumul\u00e9 n\u00e9cessaire en cr\u00e9dits carbone pour atteindre une trajectoire de 1,5\u00b0C serait de 1,6 trillion de dollars.<\/li>\n<\/ul>\n<p><strong>R\u00e9sultats et avantages en mati\u00e8re de climat :<\/strong><\/p>\n<ul>\n<li>Depuis le d\u00e9but de l&rsquo;ann\u00e9e 2020, plus de 1 500 nouveaux projets de cr\u00e9dits carbone ont \u00e9t\u00e9 d\u00e9velopp\u00e9s et enregistr\u00e9s, avec une capacit\u00e9 de r\u00e9duction des \u00e9missions \u00e9quivalente \u00e0 celle du Royaume-Uni. En juillet 2023, les projets enregistr\u00e9s dans le monde entier et fond\u00e9s sur la nature couvraient une superficie d&rsquo;environ 30 millions d&rsquo;hectares, soit une superficie comparable \u00e0 celle de l&rsquo;Italie, de la Pologne ou de l&rsquo;\u00c9quateur. Les trois quarts de cette superficie sont consacr\u00e9s \u00e0 des projets REDD+ visant \u00e0 prot\u00e9ger les for\u00eats, en particulier dans les pays tropicaux. Il est \u00e9galement pr\u00e9vu de d\u00e9velopper 80 millions d&rsquo;hectares suppl\u00e9mentaires dans le cadre de projets carbone.<\/li>\n<\/ul>\n\t\t\t\t\t\t\t\t<\/div>\n\t\t\t\t<\/div>\n\t\t\t\t<div class=\"elementor-element elementor-element-3d7c845 elementor-align-center elementor-widget elementor-widget-button\" data-id=\"3d7c845\" data-element_type=\"widget\" data-e-type=\"widget\" data-widget_type=\"button.default\">\n\t\t\t\t<div class=\"elementor-widget-container\">\n\t\t\t\t\t\t\t\t\t<div class=\"elementor-button-wrapper\">\n\t\t\t\t\t<a class=\"elementor-button elementor-button-link elementor-size-sm\" href=\"https:\/\/oxygensavestheplanet.com\/wp-content\/uploads\/2023\/10\/Carbon-credit-investment-report_hG3aRPx.pdf\">\n\t\t\t\t\t\t<span class=\"elementor-button-content-wrapper\">\n\t\t\t\t\t\t\t\t\t<span class=\"elementor-button-text\">T\u00e9l\u00e9charger le rapport complet<\/span>\n\t\t\t\t\t<\/span>\n\t\t\t\t\t<\/a>\n\t\t\t\t<\/div>\n\t\t\t\t\t\t\t\t<\/div>\n\t\t\t\t<\/div>\n\t\t\t\t\t<\/div>\n\t\t\t\t<\/div>\n\t\t\t\t<\/div>\n\t\t<div class=\"elementor-element elementor-element-347d1ed9 e-flex e-con-boxed e-con e-parent\" data-id=\"347d1ed9\" data-element_type=\"container\" data-e-type=\"container\">\n\t\t\t\t\t<div class=\"e-con-inner\">\n\t\t<div class=\"elementor-element elementor-element-67a9c806 e-con-full e-flex e-con e-child\" data-id=\"67a9c806\" data-element_type=\"container\" data-e-type=\"container\">\n\t\t\t\t<div class=\"elementor-element elementor-element-2ec669a5 elementor-widget elementor-widget-heading\" data-id=\"2ec669a5\" data-element_type=\"widget\" data-e-type=\"widget\" data-widget_type=\"heading.default\">\n\t\t\t\t<div class=\"elementor-widget-container\">\n\t\t\t\t\t<h3 class=\"elementor-heading-title elementor-size-default\">Recherche dans Trove<\/h3>\t\t\t\t<\/div>\n\t\t\t\t<\/div>\n\t\t\t\t<div class=\"elementor-element elementor-element-90bb6b1 elementor-widget elementor-widget-text-editor\" data-id=\"90bb6b1\" data-element_type=\"widget\" data-e-type=\"widget\" data-widget_type=\"text-editor.default\">\n\t\t\t\t<div class=\"elementor-widget-container\">\n\t\t\t\t\t\t\t\t\t<p><strong>Lieu<\/strong>: Londres<\/p>\n<p><strong>Description : <\/strong>Trove Research est une soci\u00e9t\u00e9 sp\u00e9cialis\u00e9e dans la recherche et l&rsquo;analyse du march\u00e9 des cr\u00e9dits et des compensations carbone. Elle offre des services de conseil, d&rsquo;analyse et de recherche aux diff\u00e9rentes parties prenantes du secteur, notamment aux d\u00e9veloppeurs de projets, aux investisseurs et aux entreprises qui cherchent \u00e0 neutraliser leurs \u00e9missions de carbone. Leur expertise s&rsquo;\u00e9tend \u00e0 la compr\u00e9hension des tendances du march\u00e9, \u00e0 la fixation des prix et \u00e0 la dynamique de l&rsquo;offre et de la demande sur le march\u00e9 des cr\u00e9dits carbone.<\/p>\n<p><strong>Cr\u00e9dibilit\u00e9<\/strong>: Trove Research est reconnu comme une source majeure d&rsquo;analyse et d&rsquo;information sur le march\u00e9 des cr\u00e9dits carbone. Leur connaissance approfondie du domaine, associ\u00e9e \u00e0 une m\u00e9thodologie de recherche rigoureuse, en fait une ressource pr\u00e9cieuse pour tous ceux qui travaillent dans ce domaine. Leur r\u00e9putation repose sur des ann\u00e9es d&rsquo;exp\u00e9rience et sur leur capacit\u00e9 \u00e0 fournir des analyses fiables et d\u00e9taill\u00e9es.<\/p>\n\t\t\t\t\t\t\t\t<\/div>\n\t\t\t\t<\/div>\n\t\t\t\t<div class=\"elementor-element elementor-element-b734354 elementor-align-center elementor-widget elementor-widget-button\" data-id=\"b734354\" data-element_type=\"widget\" data-e-type=\"widget\" data-widget_type=\"button.default\">\n\t\t\t\t<div class=\"elementor-widget-container\">\n\t\t\t\t\t\t\t\t\t<div class=\"elementor-button-wrapper\">\n\t\t\t\t\t<a class=\"elementor-button elementor-button-link elementor-size-sm\" href=\"https:\/\/1zyzkknw4z1.typeform.com\/to\/Nzb8G5ow\">\n\t\t\t\t\t\t<span class=\"elementor-button-content-wrapper\">\n\t\t\t\t\t\t\t\t\t<span class=\"elementor-button-text\">Contactez nous<\/span>\n\t\t\t\t\t<\/span>\n\t\t\t\t\t<\/a>\n\t\t\t\t<\/div>\n\t\t\t\t\t\t\t\t<\/div>\n\t\t\t\t<\/div>\n\t\t\t\t<\/div>\n\t\t\t\t\t<\/div>\n\t\t\t\t<\/div>\n\t\t\t\t<\/div>\n\t\t","protected":false},"excerpt":{"rendered":"<p>Pourquoi agir maintenant ! Contactez nous R\u00e9sum\u00e9 du rapport : Capital lev\u00e9\/engag\u00e9 : Entre janvier 2021 et juin 2023, 18 milliards de dollars ont \u00e9t\u00e9 lev\u00e9s ou affect\u00e9s \u00e0 des investissements dans des fonds li\u00e9s aux cr\u00e9dits carbone. Pour 2024 et 2025, un engagement suppl\u00e9mentaire de 3 milliards de dollars est attendu. La majeure partie [&hellip;]<\/p>\n","protected":false},"author":1,"featured_media":0,"parent":0,"menu_order":0,"comment_status":"closed","ping_status":"closed","template":"","meta":{"inline_featured_image":false,"footnotes":""},"class_list":["post-3886","page","type-page","status-publish","hentry"],"yoast_head":"<!-- This site is optimized with the Yoast SEO plugin v27.5 - https:\/\/yoast.com\/product\/yoast-seo-wordpress\/ -->\n<title>Recherche dans Trove - OxygenSavesThePlanet<\/title>\n<meta name=\"robots\" content=\"noindex, follow, max-snippet:-1, max-image-preview:large, max-video-preview:-1\" \/>\n<meta property=\"og:locale\" content=\"fr_FR\" \/>\n<meta property=\"og:type\" content=\"article\" \/>\n<meta property=\"og:title\" content=\"Recherche dans Trove - OxygenSavesThePlanet\" \/>\n<meta property=\"og:description\" content=\"Pourquoi agir maintenant ! Contactez nous R\u00e9sum\u00e9 du rapport : Capital lev\u00e9\/engag\u00e9 : Entre janvier 2021 et juin 2023, 18 milliards de dollars ont \u00e9t\u00e9 lev\u00e9s ou affect\u00e9s \u00e0 des investissements dans des fonds li\u00e9s aux cr\u00e9dits carbone. Pour 2024 et 2025, un engagement suppl\u00e9mentaire de 3 milliards de dollars est attendu. La majeure partie [&hellip;]\" \/>\n<meta property=\"og:url\" content=\"https:\/\/oxygensavestheplanet.com\/fr\/recherche-dans-trove\/\" \/>\n<meta property=\"og:site_name\" content=\"OxygenSavesThePlanet\" \/>\n<meta property=\"article:modified_time\" content=\"2023-10-31T05:16:13+00:00\" \/>\n<meta property=\"og:image\" content=\"https:\/\/oxygensavestheplanet.com\/wp-content\/uploads\/2023\/10\/Investment-Trends-Trove-1024x573.png\" \/>\n<meta name=\"twitter:card\" content=\"summary_large_image\" \/>\n<meta name=\"twitter:label1\" content=\"Dur\u00e9e de lecture estim\u00e9e\" \/>\n\t<meta name=\"twitter:data1\" content=\"3 minutes\" \/>\n<script type=\"application\/ld+json\" class=\"yoast-schema-graph\">{\"@context\":\"https:\\\/\\\/schema.org\",\"@graph\":[{\"@type\":\"WebPage\",\"@id\":\"https:\\\/\\\/oxygensavestheplanet.com\\\/fr\\\/recherche-dans-trove\\\/\",\"url\":\"https:\\\/\\\/oxygensavestheplanet.com\\\/fr\\\/recherche-dans-trove\\\/\",\"name\":\"Recherche dans Trove - OxygenSavesThePlanet\",\"isPartOf\":{\"@id\":\"https:\\\/\\\/oxygensavestheplanet.com\\\/fr\\\/#website\"},\"primaryImageOfPage\":{\"@id\":\"https:\\\/\\\/oxygensavestheplanet.com\\\/fr\\\/recherche-dans-trove\\\/#primaryimage\"},\"image\":{\"@id\":\"https:\\\/\\\/oxygensavestheplanet.com\\\/fr\\\/recherche-dans-trove\\\/#primaryimage\"},\"thumbnailUrl\":\"https:\\\/\\\/oxygensavestheplanet.com\\\/wp-content\\\/uploads\\\/2023\\\/10\\\/Investment-Trends-Trove-1024x573.png\",\"datePublished\":\"2023-10-22T07:01:20+00:00\",\"dateModified\":\"2023-10-31T05:16:13+00:00\",\"breadcrumb\":{\"@id\":\"https:\\\/\\\/oxygensavestheplanet.com\\\/fr\\\/recherche-dans-trove\\\/#breadcrumb\"},\"inLanguage\":\"fr-FR\",\"potentialAction\":[{\"@type\":\"ReadAction\",\"target\":[\"https:\\\/\\\/oxygensavestheplanet.com\\\/fr\\\/recherche-dans-trove\\\/\"]}]},{\"@type\":\"ImageObject\",\"inLanguage\":\"fr-FR\",\"@id\":\"https:\\\/\\\/oxygensavestheplanet.com\\\/fr\\\/recherche-dans-trove\\\/#primaryimage\",\"url\":\"https:\\\/\\\/oxygensavestheplanet.com\\\/wp-content\\\/uploads\\\/2023\\\/10\\\/Investment-Trends-Trove-1024x573.png\",\"contentUrl\":\"https:\\\/\\\/oxygensavestheplanet.com\\\/wp-content\\\/uploads\\\/2023\\\/10\\\/Investment-Trends-Trove-1024x573.png\"},{\"@type\":\"BreadcrumbList\",\"@id\":\"https:\\\/\\\/oxygensavestheplanet.com\\\/fr\\\/recherche-dans-trove\\\/#breadcrumb\",\"itemListElement\":[{\"@type\":\"ListItem\",\"position\":1,\"name\":\"Home\",\"item\":\"https:\\\/\\\/oxygensavestheplanet.com\\\/fr\\\/accueil\\\/\"},{\"@type\":\"ListItem\",\"position\":2,\"name\":\"Recherche dans Trove\"}]},{\"@type\":\"WebSite\",\"@id\":\"https:\\\/\\\/oxygensavestheplanet.com\\\/fr\\\/#website\",\"url\":\"https:\\\/\\\/oxygensavestheplanet.com\\\/fr\\\/\",\"name\":\"OxygenSavesThePlanet\",\"description\":\"Verifiable Green, Tangible Impact\",\"publisher\":{\"@id\":\"https:\\\/\\\/oxygensavestheplanet.com\\\/fr\\\/#organization\"},\"potentialAction\":[{\"@type\":\"SearchAction\",\"target\":{\"@type\":\"EntryPoint\",\"urlTemplate\":\"https:\\\/\\\/oxygensavestheplanet.com\\\/fr\\\/?s={search_term_string}\"},\"query-input\":{\"@type\":\"PropertyValueSpecification\",\"valueRequired\":true,\"valueName\":\"search_term_string\"}}],\"inLanguage\":\"fr-FR\"},{\"@type\":\"Organization\",\"@id\":\"https:\\\/\\\/oxygensavestheplanet.com\\\/fr\\\/#organization\",\"name\":\"OxygenSavesThePlanet\",\"url\":\"https:\\\/\\\/oxygensavestheplanet.com\\\/fr\\\/\",\"logo\":{\"@type\":\"ImageObject\",\"inLanguage\":\"fr-FR\",\"@id\":\"https:\\\/\\\/oxygensavestheplanet.com\\\/fr\\\/#\\\/schema\\\/logo\\\/image\\\/\",\"url\":\"https:\\\/\\\/oxygensavestheplanet.com\\\/wp-content\\\/uploads\\\/2023\\\/10\\\/cropped-con-sfondo.png\",\"contentUrl\":\"https:\\\/\\\/oxygensavestheplanet.com\\\/wp-content\\\/uploads\\\/2023\\\/10\\\/cropped-con-sfondo.png\",\"width\":512,\"height\":512,\"caption\":\"OxygenSavesThePlanet\"},\"image\":{\"@id\":\"https:\\\/\\\/oxygensavestheplanet.com\\\/fr\\\/#\\\/schema\\\/logo\\\/image\\\/\"}}]}<\/script>\n<!-- \/ Yoast SEO plugin. -->","yoast_head_json":{"title":"Recherche dans Trove - OxygenSavesThePlanet","robots":{"index":"noindex","follow":"follow","max-snippet":"max-snippet:-1","max-image-preview":"max-image-preview:large","max-video-preview":"max-video-preview:-1"},"og_locale":"fr_FR","og_type":"article","og_title":"Recherche dans Trove - OxygenSavesThePlanet","og_description":"Pourquoi agir maintenant ! Contactez nous R\u00e9sum\u00e9 du rapport : Capital lev\u00e9\/engag\u00e9 : Entre janvier 2021 et juin 2023, 18 milliards de dollars ont \u00e9t\u00e9 lev\u00e9s ou affect\u00e9s \u00e0 des investissements dans des fonds li\u00e9s aux cr\u00e9dits carbone. Pour 2024 et 2025, un engagement suppl\u00e9mentaire de 3 milliards de dollars est attendu. La majeure partie [&hellip;]","og_url":"https:\/\/oxygensavestheplanet.com\/fr\/recherche-dans-trove\/","og_site_name":"OxygenSavesThePlanet","article_modified_time":"2023-10-31T05:16:13+00:00","og_image":[{"url":"https:\/\/oxygensavestheplanet.com\/wp-content\/uploads\/2023\/10\/Investment-Trends-Trove-1024x573.png","type":"","width":"","height":""}],"twitter_card":"summary_large_image","twitter_misc":{"Dur\u00e9e de lecture estim\u00e9e":"3 minutes"},"schema":{"@context":"https:\/\/schema.org","@graph":[{"@type":"WebPage","@id":"https:\/\/oxygensavestheplanet.com\/fr\/recherche-dans-trove\/","url":"https:\/\/oxygensavestheplanet.com\/fr\/recherche-dans-trove\/","name":"Recherche dans Trove - OxygenSavesThePlanet","isPartOf":{"@id":"https:\/\/oxygensavestheplanet.com\/fr\/#website"},"primaryImageOfPage":{"@id":"https:\/\/oxygensavestheplanet.com\/fr\/recherche-dans-trove\/#primaryimage"},"image":{"@id":"https:\/\/oxygensavestheplanet.com\/fr\/recherche-dans-trove\/#primaryimage"},"thumbnailUrl":"https:\/\/oxygensavestheplanet.com\/wp-content\/uploads\/2023\/10\/Investment-Trends-Trove-1024x573.png","datePublished":"2023-10-22T07:01:20+00:00","dateModified":"2023-10-31T05:16:13+00:00","breadcrumb":{"@id":"https:\/\/oxygensavestheplanet.com\/fr\/recherche-dans-trove\/#breadcrumb"},"inLanguage":"fr-FR","potentialAction":[{"@type":"ReadAction","target":["https:\/\/oxygensavestheplanet.com\/fr\/recherche-dans-trove\/"]}]},{"@type":"ImageObject","inLanguage":"fr-FR","@id":"https:\/\/oxygensavestheplanet.com\/fr\/recherche-dans-trove\/#primaryimage","url":"https:\/\/oxygensavestheplanet.com\/wp-content\/uploads\/2023\/10\/Investment-Trends-Trove-1024x573.png","contentUrl":"https:\/\/oxygensavestheplanet.com\/wp-content\/uploads\/2023\/10\/Investment-Trends-Trove-1024x573.png"},{"@type":"BreadcrumbList","@id":"https:\/\/oxygensavestheplanet.com\/fr\/recherche-dans-trove\/#breadcrumb","itemListElement":[{"@type":"ListItem","position":1,"name":"Home","item":"https:\/\/oxygensavestheplanet.com\/fr\/accueil\/"},{"@type":"ListItem","position":2,"name":"Recherche dans Trove"}]},{"@type":"WebSite","@id":"https:\/\/oxygensavestheplanet.com\/fr\/#website","url":"https:\/\/oxygensavestheplanet.com\/fr\/","name":"OxygenSavesThePlanet","description":"Verifiable Green, Tangible Impact","publisher":{"@id":"https:\/\/oxygensavestheplanet.com\/fr\/#organization"},"potentialAction":[{"@type":"SearchAction","target":{"@type":"EntryPoint","urlTemplate":"https:\/\/oxygensavestheplanet.com\/fr\/?s={search_term_string}"},"query-input":{"@type":"PropertyValueSpecification","valueRequired":true,"valueName":"search_term_string"}}],"inLanguage":"fr-FR"},{"@type":"Organization","@id":"https:\/\/oxygensavestheplanet.com\/fr\/#organization","name":"OxygenSavesThePlanet","url":"https:\/\/oxygensavestheplanet.com\/fr\/","logo":{"@type":"ImageObject","inLanguage":"fr-FR","@id":"https:\/\/oxygensavestheplanet.com\/fr\/#\/schema\/logo\/image\/","url":"https:\/\/oxygensavestheplanet.com\/wp-content\/uploads\/2023\/10\/cropped-con-sfondo.png","contentUrl":"https:\/\/oxygensavestheplanet.com\/wp-content\/uploads\/2023\/10\/cropped-con-sfondo.png","width":512,"height":512,"caption":"OxygenSavesThePlanet"},"image":{"@id":"https:\/\/oxygensavestheplanet.com\/fr\/#\/schema\/logo\/image\/"}}]}},"_links":{"self":[{"href":"https:\/\/oxygensavestheplanet.com\/fr\/wp-json\/wp\/v2\/pages\/3886","targetHints":{"allow":["GET"]}}],"collection":[{"href":"https:\/\/oxygensavestheplanet.com\/fr\/wp-json\/wp\/v2\/pages"}],"about":[{"href":"https:\/\/oxygensavestheplanet.com\/fr\/wp-json\/wp\/v2\/types\/page"}],"author":[{"embeddable":true,"href":"https:\/\/oxygensavestheplanet.com\/fr\/wp-json\/wp\/v2\/users\/1"}],"replies":[{"embeddable":true,"href":"https:\/\/oxygensavestheplanet.com\/fr\/wp-json\/wp\/v2\/comments?post=3886"}],"version-history":[{"count":1,"href":"https:\/\/oxygensavestheplanet.com\/fr\/wp-json\/wp\/v2\/pages\/3886\/revisions"}],"predecessor-version":[{"id":3887,"href":"https:\/\/oxygensavestheplanet.com\/fr\/wp-json\/wp\/v2\/pages\/3886\/revisions\/3887"}],"wp:attachment":[{"href":"https:\/\/oxygensavestheplanet.com\/fr\/wp-json\/wp\/v2\/media?parent=3886"}],"curies":[{"name":"wp","href":"https:\/\/api.w.org\/{rel}","templated":true}]}}