{"id":2465,"date":"2023-10-22T09:01:20","date_gmt":"2023-10-22T07:01:20","guid":{"rendered":"https:\/\/oxygensavestheplanet.com\/pesquisa-trove\/"},"modified":"2023-10-23T20:17:53","modified_gmt":"2023-10-23T18:17:53","slug":"pesquisa-trove","status":"publish","type":"page","link":"https:\/\/oxygensavestheplanet.com\/pt-br\/pesquisa-trove\/","title":{"rendered":"Pesquisa Trove"},"content":{"rendered":"\t\t<div data-elementor-type=\"wp-page\" data-elementor-id=\"2465\" class=\"elementor elementor-2465 elementor-2458\" data-elementor-post-type=\"page\">\n\t\t\t\t<div class=\"elementor-element elementor-element-6c8183c8 e-flex e-con-boxed e-con e-parent\" data-id=\"6c8183c8\" data-element_type=\"container\" data-e-type=\"container\" data-settings=\"{&quot;background_background&quot;:&quot;classic&quot;}\">\n\t\t\t\t\t<div class=\"e-con-inner\">\n\t\t\t\t<div class=\"elementor-element elementor-element-8fe0569 elementor-widget elementor-widget-heading\" data-id=\"8fe0569\" data-element_type=\"widget\" data-e-type=\"widget\" data-widget_type=\"heading.default\">\n\t\t\t\t<div class=\"elementor-widget-container\">\n\t\t\t\t\t<h1 class=\"elementor-heading-title elementor-size-default\">Porqu\u00ea agir agora!<\/h1>\t\t\t\t<\/div>\n\t\t\t\t<\/div>\n\t\t\t\t<div class=\"elementor-element elementor-element-a30b514 elementor-align-center elementor-widget elementor-widget-button\" data-id=\"a30b514\" data-element_type=\"widget\" data-e-type=\"widget\" data-widget_type=\"button.default\">\n\t\t\t\t<div class=\"elementor-widget-container\">\n\t\t\t\t\t\t\t\t\t<div class=\"elementor-button-wrapper\">\n\t\t\t\t\t<a class=\"elementor-button elementor-button-link elementor-size-sm\" href=\"https:\/\/1zyzkknw4z1.typeform.com\/to\/Nzb8G5ow\">\n\t\t\t\t\t\t<span class=\"elementor-button-content-wrapper\">\n\t\t\t\t\t\t\t\t\t<span class=\"elementor-button-text\">Contactar-nos<\/span>\n\t\t\t\t\t<\/span>\n\t\t\t\t\t<\/a>\n\t\t\t\t<\/div>\n\t\t\t\t\t\t\t\t<\/div>\n\t\t\t\t<\/div>\n\t\t\t\t\t<\/div>\n\t\t\t\t<\/div>\n\t\t<div class=\"elementor-element elementor-element-76dbe35c e-con-full e-flex e-con e-parent\" data-id=\"76dbe35c\" data-element_type=\"container\" data-e-type=\"container\" data-settings=\"{&quot;background_background&quot;:&quot;classic&quot;}\">\n\t\t\t\t<div class=\"elementor-element elementor-element-25c1ef33 elementor-widget elementor-widget-image\" data-id=\"25c1ef33\" data-element_type=\"widget\" data-e-type=\"widget\" data-widget_type=\"image.default\">\n\t\t\t\t<div class=\"elementor-widget-container\">\n\t\t\t\t\t\t\t\t\t\t\t\t\t\t\t<img fetchpriority=\"high\" decoding=\"async\" width=\"800\" height=\"448\" src=\"https:\/\/oxygensavestheplanet.com\/wp-content\/uploads\/2023\/10\/Investment-Trends-Trove-1024x573.png\" class=\"attachment-large size-large wp-image-2449\" alt=\"\" srcset=\"https:\/\/oxygensavestheplanet.com\/wp-content\/uploads\/2023\/10\/Investment-Trends-Trove-1024x573.png 1024w, https:\/\/oxygensavestheplanet.com\/wp-content\/uploads\/2023\/10\/Investment-Trends-Trove-300x168.png 300w, https:\/\/oxygensavestheplanet.com\/wp-content\/uploads\/2023\/10\/Investment-Trends-Trove-768x430.png 768w, https:\/\/oxygensavestheplanet.com\/wp-content\/uploads\/2023\/10\/Investment-Trends-Trove.png 1281w\" sizes=\"(max-width: 800px) 100vw, 800px\" \/>\t\t\t\t\t\t\t\t\t\t\t\t\t\t\t<\/div>\n\t\t\t\t<\/div>\n\t\t<div class=\"elementor-element elementor-element-3b79a9b e-flex e-con-boxed e-con e-child\" data-id=\"3b79a9b\" data-element_type=\"container\" data-e-type=\"container\">\n\t\t\t\t\t<div class=\"e-con-inner\">\n\t\t\t\t<div class=\"elementor-element elementor-element-53828ec elementor-widget elementor-widget-text-editor\" data-id=\"53828ec\" data-element_type=\"widget\" data-e-type=\"widget\" data-widget_type=\"text-editor.default\">\n\t\t\t\t<div class=\"elementor-widget-container\">\n\t\t\t\t\t\t\t\t\t<\/p>\n<p><strong>Resumo do relat\u00f3rio:<\/strong><\/p>\n<p><strong>Capital angariado\/comprometido:<\/strong><\/p>\n<ul>\n<li>No per\u00edodo entre janeiro de 2021 e junho de 2023, foram angariados ou afectados 18 mil milh\u00f5es de d\u00f3lares para investimento em fundos relacionados com cr\u00e9ditos de carbono. Para 2024 e 2025, est\u00e1 prevista uma autoriza\u00e7\u00e3o adicional de 3 mil milh\u00f5es de d\u00f3lares. A maior parte deste financiamento (15 mil milh\u00f5es de d\u00f3lares, ou seja, 80%) destina-se a projectos relacionados com a natureza. Um ter\u00e7o deste financiamento prov\u00e9m de empresas, incluindo algumas das maiores do mundo, que investem para garantir o acesso a longo prazo a cr\u00e9ditos de carbono.<\/li>\n<\/ul>\n<p><strong>Investimento em projectos:<\/strong><\/p>\n<ul>\n<li>Nos tr\u00eas anos anteriores, quase todo o capital angariado foi investido em projectos de carbono, com 7,5 mil milh\u00f5es de d\u00f3lares investidos s\u00f3 no \u00faltimo ano. De 2012 a 2022, o total investido em projectos de cr\u00e9ditos de carbono foi de 36 mil milh\u00f5es de d\u00f3lares. Destes, quase metade foram dedicados a projectos relacionados com a natureza, tendo a percentagem aumentado para 50% nos \u00faltimos tr\u00eas anos. A \u00c1sia Oriental e o Pac\u00edfico registaram a maior parte dos investimentos, seguidos da \u00c1sia Meridional e da \u00c1frica Subsariana. O investimento realizado nos \u00faltimos tr\u00eas anos \u00e9 cinco vezes superior ao valor do mercado global de cr\u00e9ditos de carbono, o que constitui um sinal de um sector em r\u00e1pido crescimento.<\/li>\n<\/ul>\n<p><strong>Necessidades futuras de capital:<\/strong><\/p>\n<ul>\n<li>Ao ritmo atual, o investimento em projectos de cr\u00e9ditos de carbono cobre apenas um ter\u00e7o do n\u00edvel necess\u00e1rio para fornecer o volume de cr\u00e9ditos exigido at\u00e9 2030 num cen\u00e1rio de 1,5\u00b0C. Isto significa que ser\u00e1 necess\u00e1rio um investimento adicional de 90 mil milh\u00f5es de d\u00f3lares at\u00e9 2030. Num contexto mais conservador de crescimento da procura, o investimento necess\u00e1rio at\u00e9 2030 situar-se-ia entre 10 e 40 mil milh\u00f5es de d\u00f3lares. At\u00e9 2050, o investimento cumulativo necess\u00e1rio em cr\u00e9ditos de carbono para alcan\u00e7ar uma trajet\u00f3ria de 1,5\u00b0C seria de 1,6 bili\u00f5es de d\u00f3lares.<\/li>\n<\/ul>\n<p><strong>Resultados e benef\u00edcios clim\u00e1ticos:<\/strong><\/p>\n<ul>\n<li>Desde o in\u00edcio de 2020, foram desenvolvidos e registados mais de 1 500 novos projectos de cr\u00e9ditos de carbono, com uma capacidade de redu\u00e7\u00e3o de emiss\u00f5es equivalente \u00e0 do Reino Unido. Em julho de 2023, os projectos baseados na natureza registados em todo o mundo cobriam uma \u00e1rea de cerca de 30 milh\u00f5es de hectares, uma \u00e1rea compar\u00e1vel \u00e0 de It\u00e1lia, Pol\u00f3nia ou Equador. Desta \u00e1rea, tr\u00eas quartos s\u00e3o dedicados a projectos REDD+ para proteger as florestas, especialmente nos pa\u00edses tropicais. Est\u00e1 igualmente previsto que mais 80 milh\u00f5es de hectares sejam desenvolvidos como projectos de carbono.<\/li>\n<\/ul>\n\t\t\t\t\t\t\t\t<\/div>\n\t\t\t\t<\/div>\n\t\t\t\t<div class=\"elementor-element elementor-element-3d7c845 elementor-align-center elementor-widget elementor-widget-button\" data-id=\"3d7c845\" data-element_type=\"widget\" data-e-type=\"widget\" data-widget_type=\"button.default\">\n\t\t\t\t<div class=\"elementor-widget-container\">\n\t\t\t\t\t\t\t\t\t<div class=\"elementor-button-wrapper\">\n\t\t\t\t\t<a class=\"elementor-button elementor-button-link elementor-size-sm\" href=\"https:\/\/oxygensavestheplanet.com\/wp-content\/uploads\/2023\/10\/Carbon-credit-investment-report_hG3aRPx.pdf\">\n\t\t\t\t\t\t<span class=\"elementor-button-content-wrapper\">\n\t\t\t\t\t\t\t\t\t<span class=\"elementor-button-text\">Descarregar o relat\u00f3rio completo<\/span>\n\t\t\t\t\t<\/span>\n\t\t\t\t\t<\/a>\n\t\t\t\t<\/div>\n\t\t\t\t\t\t\t\t<\/div>\n\t\t\t\t<\/div>\n\t\t\t\t\t<\/div>\n\t\t\t\t<\/div>\n\t\t\t\t<\/div>\n\t\t<div class=\"elementor-element elementor-element-347d1ed9 e-flex e-con-boxed e-con e-parent\" data-id=\"347d1ed9\" data-element_type=\"container\" data-e-type=\"container\">\n\t\t\t\t\t<div class=\"e-con-inner\">\n\t\t<div class=\"elementor-element elementor-element-67a9c806 e-con-full e-flex e-con e-child\" data-id=\"67a9c806\" data-element_type=\"container\" data-e-type=\"container\">\n\t\t\t\t<div class=\"elementor-element elementor-element-2ec669a5 elementor-widget elementor-widget-heading\" data-id=\"2ec669a5\" data-element_type=\"widget\" data-e-type=\"widget\" data-widget_type=\"heading.default\">\n\t\t\t\t<div class=\"elementor-widget-container\">\n\t\t\t\t\t<h3 class=\"elementor-heading-title elementor-size-default\">Pesquisa Trove<\/h3>\t\t\t\t<\/div>\n\t\t\t\t<\/div>\n\t\t\t\t<div class=\"elementor-element elementor-element-90bb6b1 elementor-widget elementor-widget-text-editor\" data-id=\"90bb6b1\" data-element_type=\"widget\" data-e-type=\"widget\" data-widget_type=\"text-editor.default\">\n\t\t\t\t<div class=\"elementor-widget-container\">\n\t\t\t\t\t\t\t\t\t<p><strong>Localiza\u00e7\u00e3o<\/strong>: Londres<\/p>\n<p><strong>Descri\u00e7\u00e3o: <\/strong>A Trove Research \u00e9 uma empresa especializada na investiga\u00e7\u00e3o e an\u00e1lise do mercado de cr\u00e9ditos de carbono e de compensa\u00e7\u00f5es de carbono. Oferece servi\u00e7os de consultoria, an\u00e1lise e investiga\u00e7\u00e3o a v\u00e1rias partes interessadas do sector, incluindo promotores de projectos, investidores e empresas que procuram neutralizar as suas emiss\u00f5es de carbono. As suas compet\u00eancias abrangem a compreens\u00e3o das tend\u00eancias do mercado, a fixa\u00e7\u00e3o de pre\u00e7os e a din\u00e2mica da oferta e da procura no mercado de cr\u00e9ditos de carbono.<\/p>\n<p><strong>Credibilidade<\/strong>: A Trove Research \u00e9 reconhecida como uma das principais fontes de an\u00e1lise e de conhecimento do mercado de cr\u00e9ditos de carbono. O seu profundo conhecimento da \u00e1rea, combinado com uma metodologia de investiga\u00e7\u00e3o rigorosa, torna-os um recurso valioso para qualquer pessoa que trabalhe neste dom\u00ednio. A sua reputa\u00e7\u00e3o baseia-se em anos de experi\u00eancia e num historial de fornecimento de an\u00e1lises fi\u00e1veis e pormenorizadas.<\/p>\n\t\t\t\t\t\t\t\t<\/div>\n\t\t\t\t<\/div>\n\t\t\t\t<div class=\"elementor-element elementor-element-b734354 elementor-align-center elementor-widget elementor-widget-button\" data-id=\"b734354\" data-element_type=\"widget\" data-e-type=\"widget\" data-widget_type=\"button.default\">\n\t\t\t\t<div class=\"elementor-widget-container\">\n\t\t\t\t\t\t\t\t\t<div class=\"elementor-button-wrapper\">\n\t\t\t\t\t<a class=\"elementor-button elementor-button-link elementor-size-sm\" href=\"https:\/\/1zyzkknw4z1.typeform.com\/to\/Nzb8G5ow\">\n\t\t\t\t\t\t<span class=\"elementor-button-content-wrapper\">\n\t\t\t\t\t\t\t\t\t<span class=\"elementor-button-text\">Contactar-nos<\/span>\n\t\t\t\t\t<\/span>\n\t\t\t\t\t<\/a>\n\t\t\t\t<\/div>\n\t\t\t\t\t\t\t\t<\/div>\n\t\t\t\t<\/div>\n\t\t\t\t<\/div>\n\t\t\t\t\t<\/div>\n\t\t\t\t<\/div>\n\t\t\t\t<\/div>\n\t\t","protected":false},"excerpt":{"rendered":"<p>Porqu\u00ea agir agora! Contactar-nos Resumo do relat\u00f3rio: Capital angariado\/comprometido: No per\u00edodo entre janeiro de 2021 e junho de 2023, foram angariados ou afectados 18 mil milh\u00f5es de d\u00f3lares para investimento em fundos relacionados com cr\u00e9ditos de carbono. Para 2024 e 2025, est\u00e1 prevista uma autoriza\u00e7\u00e3o adicional de 3 mil milh\u00f5es de d\u00f3lares. A maior parte [&hellip;]<\/p>\n","protected":false},"author":1,"featured_media":0,"parent":0,"menu_order":0,"comment_status":"closed","ping_status":"closed","template":"","meta":{"inline_featured_image":false,"footnotes":""},"class_list":["post-2465","page","type-page","status-publish","hentry"],"yoast_head":"<!-- This site is optimized with the Yoast SEO plugin v27.5 - https:\/\/yoast.com\/product\/yoast-seo-wordpress\/ -->\n<title>Pesquisa Trove - OxygenSavesThePlanet<\/title>\n<meta name=\"robots\" content=\"noindex, follow, max-snippet:-1, max-image-preview:large, max-video-preview:-1\" \/>\n<meta property=\"og:locale\" content=\"pt_BR\" \/>\n<meta property=\"og:type\" content=\"article\" \/>\n<meta property=\"og:title\" content=\"Pesquisa Trove - OxygenSavesThePlanet\" \/>\n<meta property=\"og:description\" content=\"Porqu\u00ea agir agora! Contactar-nos Resumo do relat\u00f3rio: Capital angariado\/comprometido: No per\u00edodo entre janeiro de 2021 e junho de 2023, foram angariados ou afectados 18 mil milh\u00f5es de d\u00f3lares para investimento em fundos relacionados com cr\u00e9ditos de carbono. Para 2024 e 2025, est\u00e1 prevista uma autoriza\u00e7\u00e3o adicional de 3 mil milh\u00f5es de d\u00f3lares. A maior parte [&hellip;]\" \/>\n<meta property=\"og:url\" content=\"https:\/\/oxygensavestheplanet.com\/pt-br\/pesquisa-trove\/\" \/>\n<meta property=\"og:site_name\" content=\"OxygenSavesThePlanet\" \/>\n<meta property=\"article:modified_time\" content=\"2023-10-23T18:17:53+00:00\" \/>\n<meta property=\"og:image\" content=\"https:\/\/oxygensavestheplanet.com\/wp-content\/uploads\/2023\/10\/Investment-Trends-Trove-1024x573.png\" \/>\n<meta name=\"twitter:card\" content=\"summary_large_image\" \/>\n<meta name=\"twitter:label1\" content=\"Est. tempo de leitura\" \/>\n\t<meta name=\"twitter:data1\" content=\"3 minutos\" \/>\n<script type=\"application\/ld+json\" class=\"yoast-schema-graph\">{\"@context\":\"https:\\\/\\\/schema.org\",\"@graph\":[{\"@type\":\"WebPage\",\"@id\":\"https:\\\/\\\/oxygensavestheplanet.com\\\/pt-br\\\/pesquisa-trove\\\/\",\"url\":\"https:\\\/\\\/oxygensavestheplanet.com\\\/pt-br\\\/pesquisa-trove\\\/\",\"name\":\"Pesquisa Trove - OxygenSavesThePlanet\",\"isPartOf\":{\"@id\":\"https:\\\/\\\/oxygensavestheplanet.com\\\/pt-br\\\/#website\"},\"primaryImageOfPage\":{\"@id\":\"https:\\\/\\\/oxygensavestheplanet.com\\\/pt-br\\\/pesquisa-trove\\\/#primaryimage\"},\"image\":{\"@id\":\"https:\\\/\\\/oxygensavestheplanet.com\\\/pt-br\\\/pesquisa-trove\\\/#primaryimage\"},\"thumbnailUrl\":\"https:\\\/\\\/oxygensavestheplanet.com\\\/wp-content\\\/uploads\\\/2023\\\/10\\\/Investment-Trends-Trove-1024x573.png\",\"datePublished\":\"2023-10-22T07:01:20+00:00\",\"dateModified\":\"2023-10-23T18:17:53+00:00\",\"breadcrumb\":{\"@id\":\"https:\\\/\\\/oxygensavestheplanet.com\\\/pt-br\\\/pesquisa-trove\\\/#breadcrumb\"},\"inLanguage\":\"pt-BR\",\"potentialAction\":[{\"@type\":\"ReadAction\",\"target\":[\"https:\\\/\\\/oxygensavestheplanet.com\\\/pt-br\\\/pesquisa-trove\\\/\"]}]},{\"@type\":\"ImageObject\",\"inLanguage\":\"pt-BR\",\"@id\":\"https:\\\/\\\/oxygensavestheplanet.com\\\/pt-br\\\/pesquisa-trove\\\/#primaryimage\",\"url\":\"https:\\\/\\\/oxygensavestheplanet.com\\\/wp-content\\\/uploads\\\/2023\\\/10\\\/Investment-Trends-Trove-1024x573.png\",\"contentUrl\":\"https:\\\/\\\/oxygensavestheplanet.com\\\/wp-content\\\/uploads\\\/2023\\\/10\\\/Investment-Trends-Trove-1024x573.png\"},{\"@type\":\"BreadcrumbList\",\"@id\":\"https:\\\/\\\/oxygensavestheplanet.com\\\/pt-br\\\/pesquisa-trove\\\/#breadcrumb\",\"itemListElement\":[{\"@type\":\"ListItem\",\"position\":1,\"name\":\"Home\",\"item\":\"https:\\\/\\\/oxygensavestheplanet.com\\\/pt-br\\\/inicio\\\/\"},{\"@type\":\"ListItem\",\"position\":2,\"name\":\"Pesquisa Trove\"}]},{\"@type\":\"WebSite\",\"@id\":\"https:\\\/\\\/oxygensavestheplanet.com\\\/pt-br\\\/#website\",\"url\":\"https:\\\/\\\/oxygensavestheplanet.com\\\/pt-br\\\/\",\"name\":\"OxygenSavesThePlanet\",\"description\":\"Verifiable Green, Tangible Impact\",\"publisher\":{\"@id\":\"https:\\\/\\\/oxygensavestheplanet.com\\\/pt-br\\\/#organization\"},\"potentialAction\":[{\"@type\":\"SearchAction\",\"target\":{\"@type\":\"EntryPoint\",\"urlTemplate\":\"https:\\\/\\\/oxygensavestheplanet.com\\\/pt-br\\\/?s={search_term_string}\"},\"query-input\":{\"@type\":\"PropertyValueSpecification\",\"valueRequired\":true,\"valueName\":\"search_term_string\"}}],\"inLanguage\":\"pt-BR\"},{\"@type\":\"Organization\",\"@id\":\"https:\\\/\\\/oxygensavestheplanet.com\\\/pt-br\\\/#organization\",\"name\":\"OxygenSavesThePlanet\",\"url\":\"https:\\\/\\\/oxygensavestheplanet.com\\\/pt-br\\\/\",\"logo\":{\"@type\":\"ImageObject\",\"inLanguage\":\"pt-BR\",\"@id\":\"https:\\\/\\\/oxygensavestheplanet.com\\\/pt-br\\\/#\\\/schema\\\/logo\\\/image\\\/\",\"url\":\"https:\\\/\\\/oxygensavestheplanet.com\\\/wp-content\\\/uploads\\\/2023\\\/10\\\/cropped-con-sfondo.png\",\"contentUrl\":\"https:\\\/\\\/oxygensavestheplanet.com\\\/wp-content\\\/uploads\\\/2023\\\/10\\\/cropped-con-sfondo.png\",\"width\":512,\"height\":512,\"caption\":\"OxygenSavesThePlanet\"},\"image\":{\"@id\":\"https:\\\/\\\/oxygensavestheplanet.com\\\/pt-br\\\/#\\\/schema\\\/logo\\\/image\\\/\"}}]}<\/script>\n<!-- \/ Yoast SEO plugin. -->","yoast_head_json":{"title":"Pesquisa Trove - OxygenSavesThePlanet","robots":{"index":"noindex","follow":"follow","max-snippet":"max-snippet:-1","max-image-preview":"max-image-preview:large","max-video-preview":"max-video-preview:-1"},"og_locale":"pt_BR","og_type":"article","og_title":"Pesquisa Trove - OxygenSavesThePlanet","og_description":"Porqu\u00ea agir agora! Contactar-nos Resumo do relat\u00f3rio: Capital angariado\/comprometido: No per\u00edodo entre janeiro de 2021 e junho de 2023, foram angariados ou afectados 18 mil milh\u00f5es de d\u00f3lares para investimento em fundos relacionados com cr\u00e9ditos de carbono. Para 2024 e 2025, est\u00e1 prevista uma autoriza\u00e7\u00e3o adicional de 3 mil milh\u00f5es de d\u00f3lares. A maior parte [&hellip;]","og_url":"https:\/\/oxygensavestheplanet.com\/pt-br\/pesquisa-trove\/","og_site_name":"OxygenSavesThePlanet","article_modified_time":"2023-10-23T18:17:53+00:00","og_image":[{"url":"https:\/\/oxygensavestheplanet.com\/wp-content\/uploads\/2023\/10\/Investment-Trends-Trove-1024x573.png","type":"","width":"","height":""}],"twitter_card":"summary_large_image","twitter_misc":{"Est. tempo de leitura":"3 minutos"},"schema":{"@context":"https:\/\/schema.org","@graph":[{"@type":"WebPage","@id":"https:\/\/oxygensavestheplanet.com\/pt-br\/pesquisa-trove\/","url":"https:\/\/oxygensavestheplanet.com\/pt-br\/pesquisa-trove\/","name":"Pesquisa Trove - OxygenSavesThePlanet","isPartOf":{"@id":"https:\/\/oxygensavestheplanet.com\/pt-br\/#website"},"primaryImageOfPage":{"@id":"https:\/\/oxygensavestheplanet.com\/pt-br\/pesquisa-trove\/#primaryimage"},"image":{"@id":"https:\/\/oxygensavestheplanet.com\/pt-br\/pesquisa-trove\/#primaryimage"},"thumbnailUrl":"https:\/\/oxygensavestheplanet.com\/wp-content\/uploads\/2023\/10\/Investment-Trends-Trove-1024x573.png","datePublished":"2023-10-22T07:01:20+00:00","dateModified":"2023-10-23T18:17:53+00:00","breadcrumb":{"@id":"https:\/\/oxygensavestheplanet.com\/pt-br\/pesquisa-trove\/#breadcrumb"},"inLanguage":"pt-BR","potentialAction":[{"@type":"ReadAction","target":["https:\/\/oxygensavestheplanet.com\/pt-br\/pesquisa-trove\/"]}]},{"@type":"ImageObject","inLanguage":"pt-BR","@id":"https:\/\/oxygensavestheplanet.com\/pt-br\/pesquisa-trove\/#primaryimage","url":"https:\/\/oxygensavestheplanet.com\/wp-content\/uploads\/2023\/10\/Investment-Trends-Trove-1024x573.png","contentUrl":"https:\/\/oxygensavestheplanet.com\/wp-content\/uploads\/2023\/10\/Investment-Trends-Trove-1024x573.png"},{"@type":"BreadcrumbList","@id":"https:\/\/oxygensavestheplanet.com\/pt-br\/pesquisa-trove\/#breadcrumb","itemListElement":[{"@type":"ListItem","position":1,"name":"Home","item":"https:\/\/oxygensavestheplanet.com\/pt-br\/inicio\/"},{"@type":"ListItem","position":2,"name":"Pesquisa Trove"}]},{"@type":"WebSite","@id":"https:\/\/oxygensavestheplanet.com\/pt-br\/#website","url":"https:\/\/oxygensavestheplanet.com\/pt-br\/","name":"OxygenSavesThePlanet","description":"Verifiable Green, Tangible Impact","publisher":{"@id":"https:\/\/oxygensavestheplanet.com\/pt-br\/#organization"},"potentialAction":[{"@type":"SearchAction","target":{"@type":"EntryPoint","urlTemplate":"https:\/\/oxygensavestheplanet.com\/pt-br\/?s={search_term_string}"},"query-input":{"@type":"PropertyValueSpecification","valueRequired":true,"valueName":"search_term_string"}}],"inLanguage":"pt-BR"},{"@type":"Organization","@id":"https:\/\/oxygensavestheplanet.com\/pt-br\/#organization","name":"OxygenSavesThePlanet","url":"https:\/\/oxygensavestheplanet.com\/pt-br\/","logo":{"@type":"ImageObject","inLanguage":"pt-BR","@id":"https:\/\/oxygensavestheplanet.com\/pt-br\/#\/schema\/logo\/image\/","url":"https:\/\/oxygensavestheplanet.com\/wp-content\/uploads\/2023\/10\/cropped-con-sfondo.png","contentUrl":"https:\/\/oxygensavestheplanet.com\/wp-content\/uploads\/2023\/10\/cropped-con-sfondo.png","width":512,"height":512,"caption":"OxygenSavesThePlanet"},"image":{"@id":"https:\/\/oxygensavestheplanet.com\/pt-br\/#\/schema\/logo\/image\/"}}]}},"_links":{"self":[{"href":"https:\/\/oxygensavestheplanet.com\/pt-br\/wp-json\/wp\/v2\/pages\/2465","targetHints":{"allow":["GET"]}}],"collection":[{"href":"https:\/\/oxygensavestheplanet.com\/pt-br\/wp-json\/wp\/v2\/pages"}],"about":[{"href":"https:\/\/oxygensavestheplanet.com\/pt-br\/wp-json\/wp\/v2\/types\/page"}],"author":[{"embeddable":true,"href":"https:\/\/oxygensavestheplanet.com\/pt-br\/wp-json\/wp\/v2\/users\/1"}],"replies":[{"embeddable":true,"href":"https:\/\/oxygensavestheplanet.com\/pt-br\/wp-json\/wp\/v2\/comments?post=2465"}],"version-history":[{"count":12,"href":"https:\/\/oxygensavestheplanet.com\/pt-br\/wp-json\/wp\/v2\/pages\/2465\/revisions"}],"predecessor-version":[{"id":2872,"href":"https:\/\/oxygensavestheplanet.com\/pt-br\/wp-json\/wp\/v2\/pages\/2465\/revisions\/2872"}],"wp:attachment":[{"href":"https:\/\/oxygensavestheplanet.com\/pt-br\/wp-json\/wp\/v2\/media?parent=2465"}],"curies":[{"name":"wp","href":"https:\/\/api.w.org\/{rel}","templated":true}]}}