{"id":5053,"date":"2024-01-17T12:51:07","date_gmt":"2024-01-17T11:51:07","guid":{"rendered":"https:\/\/oxygensavestheplanet.com\/usina-fotovoltaica-montes-claros\/"},"modified":"2024-01-18T18:24:35","modified_gmt":"2024-01-18T17:24:35","slug":"usina-fotovoltaica-montes-claros","status":"publish","type":"page","link":"https:\/\/oxygensavestheplanet.com\/pt-br\/usina-fotovoltaica-montes-claros\/","title":{"rendered":"Montes Claros"},"content":{"rendered":"\t\t<div data-elementor-type=\"wp-page\" data-elementor-id=\"5053\" class=\"elementor elementor-5053 elementor-5030\" data-elementor-post-type=\"page\">\n\t\t\t\t<div class=\"elementor-element elementor-element-820caf3 e-flex e-con-boxed e-con e-parent\" data-id=\"820caf3\" data-element_type=\"container\" data-e-type=\"container\">\n\t\t\t\t\t<div class=\"e-con-inner\">\n\t\t<div class=\"elementor-element elementor-element-1ec545e e-con-full e-flex e-con e-child\" data-id=\"1ec545e\" data-element_type=\"container\" data-e-type=\"container\">\n\t\t\t\t<div class=\"elementor-element elementor-element-143bfce elementor-widget elementor-widget-image\" data-id=\"143bfce\" data-element_type=\"widget\" data-e-type=\"widget\" data-widget_type=\"image.default\">\n\t\t\t\t<div class=\"elementor-widget-container\">\n\t\t\t\t\t\t\t\t\t\t\t\t\t\t\t<img fetchpriority=\"high\" decoding=\"async\" width=\"800\" height=\"642\" src=\"https:\/\/oxygensavestheplanet.com\/wp-content\/uploads\/2024\/01\/1024px-MinasGerais_Municip_MontesClaros.svg.png\" class=\"attachment-large size-large wp-image-5033\" alt=\"\" srcset=\"https:\/\/oxygensavestheplanet.com\/wp-content\/uploads\/2024\/01\/1024px-MinasGerais_Municip_MontesClaros.svg.png 1024w, https:\/\/oxygensavestheplanet.com\/wp-content\/uploads\/2024\/01\/1024px-MinasGerais_Municip_MontesClaros.svg-300x241.png 300w, https:\/\/oxygensavestheplanet.com\/wp-content\/uploads\/2024\/01\/1024px-MinasGerais_Municip_MontesClaros.svg-768x617.png 768w\" sizes=\"(max-width: 800px) 100vw, 800px\" \/>\t\t\t\t\t\t\t\t\t\t\t\t\t\t\t<\/div>\n\t\t\t\t<\/div>\n\t\t\t\t<\/div>\n\t\t<div class=\"elementor-element elementor-element-38a88b4 e-con-full e-flex e-con e-child\" data-id=\"38a88b4\" data-element_type=\"container\" data-e-type=\"container\">\n\t\t\t\t<div class=\"elementor-element elementor-element-b0f8769 elementor-widget elementor-widget-text-editor\" data-id=\"b0f8769\" data-element_type=\"widget\" data-e-type=\"widget\" data-widget_type=\"text-editor.default\">\n\t\t\t\t<div class=\"elementor-widget-container\">\n\t\t\t\t\t\t\t\t\t<p class=\"p1\"><b>Introdu\u00e7\u00e3o:<\/b><\/p>\n<p class=\"p1\">Montes Claros, um munic\u00edpio localizado no estado de Minas Gerais, Brasil, \u00e9 o cen\u00e1rio ideal para um ambicioso projeto de energia renov\u00e1vel. Com uma popula\u00e7\u00e3o de 415.000 habitantes e uma localiza\u00e7\u00e3o estrat\u00e9gica na mesorregi\u00e3o do Norte de Minas, a cidade oferece um ambiente favor\u00e1vel para o desenvolvimento de uma usina fotovoltaica.<\/p>\n\t\t\t\t\t\t\t\t<\/div>\n\t\t\t\t<\/div>\n\t\t\t\t<\/div>\n\t\t\t\t\t<\/div>\n\t\t\t\t<\/div>\n\t\t<div class=\"elementor-element elementor-element-e2f2da6 e-flex e-con-boxed e-con e-parent\" data-id=\"e2f2da6\" data-element_type=\"container\" data-e-type=\"container\">\n\t\t\t\t\t<div class=\"e-con-inner\">\n\t\t\t\t<div class=\"elementor-element elementor-element-17e669c elementor-widget elementor-widget-heading\" data-id=\"17e669c\" data-element_type=\"widget\" data-e-type=\"widget\" data-widget_type=\"heading.default\">\n\t\t\t\t<div class=\"elementor-widget-container\">\n\t\t\t\t\t<h2 class=\"elementor-heading-title elementor-size-default\">Usina fotovoltaica em Montes Claros, Minas Gerais, Brasil<\/h2>\t\t\t\t<\/div>\n\t\t\t\t<\/div>\n\t\t\t\t<div class=\"elementor-element elementor-element-a47b596 elementor-widget elementor-widget-text-editor\" data-id=\"a47b596\" data-element_type=\"widget\" data-e-type=\"widget\" data-widget_type=\"text-editor.default\">\n\t\t\t\t<div class=\"elementor-widget-container\">\n\t\t\t\t\t\t\t\t\t<p class=\"p1\"><b>Detalhes do projeto:<\/b><\/p>\n<p class=\"p2\">&#8211; <b>Localiza\u00e7\u00e3o:<\/b> Montes Claros, Minas Gerais, Brasil<\/p>\n<p class=\"p2\">&#8211; <b>Capacidade da usina:<\/b> 2,5 MW ac &#8211; 3,36 MWp<\/p>\n<p class=\"p2\">&#8211; <b>Gera\u00e7\u00e3o anual:<\/b> 6.779.231 KWh<\/p>\n<p class=\"p2\">&#8211; <b>Produ\u00e7\u00e3o<\/b> anual <b>:<\/b> 2.018 kWh\/KWp\/ano.<\/p>\n<p class=\"p1\"><b>Aspectos econ\u00f4micos:<\/b><\/p>\n<p class=\"p2\">&#8211; <b>Taxa de c\u00e2mbio:<\/b> usamos a taxa de c\u00e2mbio m\u00e9dia das \u00faltimas 52 semanas (5,16), n\u00e3o a atual (5,35).<\/p>\n<p class=\"p2\">&#8211; <b>Custo da planta (Capex):<\/b> BRL 11.800.000 = EUR 2.285.625<\/p>\n<p class=\"p2\">&#8211; <b>Custo unit\u00e1rio da planta:<\/b> 3.511.904 BRL\/MWp = 680.245 Euro\/MWp.<\/p>\n<p class=\"p2\">&#8211; <b>Receita bruta do primeiro ano:<\/b> R$ 4.590.000 = R$ 677\/MWh = EUR 131,15\/MWh.<span class=\"Apple-converted-space\">&nbsp;<\/span><\/p>\n<p class=\"p2\">&#8211; <b>Receita l\u00edquida no primeiro ano:<\/b> R$ 3.130.000 = R$ 461\/MWh = EUR 89,43\/MWh (redu\u00e7\u00e3o de 32% devido a impostos e despesas operacionais)<\/p>\n<p class=\"p1\"><b>Desempenho financeiro:<\/b><\/p>\n<p class=\"p2\">&#8211; <b>Rendimento no primeiro ano:<\/b> 27%.<\/p>\n<p class=\"p2\">&#8211; <b>TIR (Taxa Interna de Retorno) em 10 anos:<\/b> 23%.<\/p>\n<p class=\"p2\">&#8211; <b>Ponto de equil\u00edbrio:<\/b> 3,77 anos<\/p>\n<p class=\"p1\"><b>Considera\u00e7\u00f5es adicionais:<\/b><\/p>\n<p class=\"p2\">&#8211; A produ\u00e7\u00e3o varia de 2.025 horas a 1.750 kWh\/KWp\/ano, dependendo da tecnologia (eixo \u00fanico ou rastreador fixo) e da localiza\u00e7\u00e3o.<\/p>\n<p class=\"p2\">&#8211; O custo da f\u00e1brica varia de acordo com os acordos com fornecedores, impostos de importa\u00e7\u00e3o, localiza\u00e7\u00e3o, log\u00edstica e tamanho da f\u00e1brica, com uma varia\u00e7\u00e3o de +\/- 7%.<\/p>\n<p class=\"p2\">&#8211; A receita depende da tarifa regional, dos custos de distribui\u00e7\u00e3o e do modelo de neg\u00f3cios (B2B ou B2C). No caso de B2C<span class=\"Apple-converted-space\">&nbsp; <\/span>e com o desenvolvimento de sua pr\u00f3pria for\u00e7a de vendas, espera-se um aumento na receita de 12 a 15%.<\/p>\n<p class=\"p2\">&#8211; Estamos cientes das flutua\u00e7\u00f5es da taxa de c\u00e2mbio e temos o compromisso de oferecer prote\u00e7\u00e3o por meio de instrumentos financeiros espec\u00edficos para garantir um gerenciamento prudente do risco cambial.<\/p>\n<p class=\"p2\">&#8211; As taxas e os custos operacionais dependem tanto dos valores contingentes quanto das caracter\u00edsticas espec\u00edficas do projeto, com uma varia\u00e7\u00e3o de +\/- 4%.<\/p>\n<p class=\"p1\"><b>Considera\u00e7\u00f5es econ\u00f4micas e ambientais:<\/b><\/p>\n<p class=\"p1\">O sistema fotovoltaico n\u00e3o apenas apresenta um desempenho financeiro atraente, mas tamb\u00e9m contribui significativamente para a redu\u00e7\u00e3o das emiss\u00f5es de carbono, apoiando os esfor\u00e7os de transi\u00e7\u00e3o para fontes de energia mais sustent\u00e1veis e limpas.<\/p>\n<p class=\"p1\">A considera\u00e7\u00e3o de uma usina fotovoltaica no Brasil no balan\u00e7o de ESG \u00e9 poss\u00edvel e depender\u00e1 da propriedade real da empresa e da gest\u00e3o da produ\u00e7\u00e3o de energia. Quando a empresa \u00e9 propriet\u00e1ria direta da f\u00e1brica e gerencia suas opera\u00e7\u00f5es, as emiss\u00f5es e os benef\u00edcios resultantes podem ser inclu\u00eddos no Escopo 1 ou 2, dependendo da estrutura da empresa e de suas atividades.<\/p>\n<p class=\"p1\"><b>Conclus\u00f5es:<\/b><\/p>\n<p class=\"p1\">O projeto em Montes Claros oferece uma oportunidade \u00fanica para investidores interessados em um mercado em crescimento no setor de energia renov\u00e1vel. Com um rendimento inicial de 27%, uma TIR de 10 anos de 23% e um Break Even de 3,77 anos, esse projeto promete combinar sustentabilidade ambiental e benef\u00edcios financeiros.<\/p>\t\t\t\t\t\t\t\t<\/div>\n\t\t\t\t<\/div>\n\t\t\t\t<div class=\"elementor-element elementor-element-684aba6 elementor-widget elementor-widget-heading\" data-id=\"684aba6\" data-element_type=\"widget\" data-e-type=\"widget\" data-widget_type=\"heading.default\">\n\t\t\t\t<div class=\"elementor-widget-container\">\n\t\t\t\t\t<h2 class=\"elementor-heading-title elementor-size-default\">Observe:<\/h2>\t\t\t\t<\/div>\n\t\t\t\t<\/div>\n\t\t\t\t<div class=\"elementor-element elementor-element-93892c9 elementor-widget elementor-widget-text-editor\" data-id=\"93892c9\" data-element_type=\"widget\" data-e-type=\"widget\" data-widget_type=\"text-editor.default\">\n\t\t\t\t<div class=\"elementor-widget-container\">\n\t\t\t\t\t\t\t\t\t<p><strong>Coment\u00e1rios sobre custos e oportunidades de joint venture para usinas fotovoltaicas<\/strong><\/p>\n<p>Gostar\u00edamos de enfatizar que os custos indicados acima representam custos reais e tang\u00edveis associados \u00e0 instala\u00e7\u00e3o e opera\u00e7\u00e3o do sistema fotovoltaico no Brasil. \u00c9 essencial observar que esses custos s\u00e3o diretos e n\u00e3o incluem nenhuma margem de lucro do desenvolvedor.<\/p>\n<p>Essa transpar\u00eancia nos custos tem como objetivo estimular uma reflex\u00e3o cuidadosa e abrir as portas para poss\u00edveis joint ventures. Acreditamos que, por meio da colabora\u00e7\u00e3o estrat\u00e9gica, os benef\u00edcios para ambas as partes envolvidas podem ser maximizados, contribuindo para o desenvolvimento sustent\u00e1vel e a expans\u00e3o da energia renov\u00e1vel.<\/p>\n<p>Para os interessados em comprar o sistema fotovoltaico quando ele estiver totalmente conectado, \u00e9 importante observar que o pre\u00e7o-alvo \u00e9 de 1,2 milh\u00e3o de euros por MWp. A esse valor devem ser acrescentados os custos anuais de funcionamento, que ser\u00e3o arcados por meio de parcerias com empresas qualificadas j\u00e1 identificadas por n\u00f3s.<\/p>\n<p>Essa perspectiva de compra oferece uma oportunidade clara e estruturada para aqueles que desejam investir em um sistema fotovoltaico j\u00e1 operacional e se beneficiar imediatamente de retornos sustent\u00e1veis. Estamos prontos para discutir melhor essa possibilidade e fornecer detalhes mais detalhados para os interessados em explorar essa oportunidade de investimento no setor de energia renov\u00e1vel.<\/p>\n\t\t\t\t\t\t\t\t<\/div>\n\t\t\t\t<\/div>\n\t\t\t\t\t<\/div>\n\t\t\t\t<\/div>\n\t\t<div class=\"elementor-element elementor-element-8ebf30b e-flex e-con-boxed e-con e-parent\" data-id=\"8ebf30b\" data-element_type=\"container\" data-e-type=\"container\">\n\t\t\t\t\t<div class=\"e-con-inner\">\n\t\t<div class=\"elementor-element elementor-element-420ef83 e-con-full e-flex e-con e-child\" data-id=\"420ef83\" data-element_type=\"container\" data-e-type=\"container\">\n\t\t\t\t<div class=\"elementor-element elementor-element-113c7ba elementor-widget elementor-widget-heading\" data-id=\"113c7ba\" data-element_type=\"widget\" data-e-type=\"widget\" data-widget_type=\"heading.default\">\n\t\t\t\t<div class=\"elementor-widget-container\">\n\t\t\t\t\t<h2 class=\"elementor-heading-title elementor-size-default\">Irradia\u00e7\u00e3o ideal<\/h2>\t\t\t\t<\/div>\n\t\t\t\t<\/div>\n\t\t\t\t<div class=\"elementor-element elementor-element-a475741 elementor-widget elementor-widget-text-editor\" data-id=\"a475741\" data-element_type=\"widget\" data-e-type=\"widget\" data-widget_type=\"text-editor.default\">\n\t\t\t\t<div class=\"elementor-widget-container\">\n\t\t\t\t\t\t\t\t\t<p>A produ\u00e7\u00e3o varia de 2.025 horas a 1.750 kWh\/KWp\/ano, dependendo da tecnologia (eixo \u00fanico ou rastreador fixo) e da localiza\u00e7\u00e3o.<\/p>\n\t\t\t\t\t\t\t\t<\/div>\n\t\t\t\t<\/div>\n\t\t\t\t<\/div>\n\t\t<div class=\"elementor-element elementor-element-9af85ca e-con-full e-flex e-con e-child\" data-id=\"9af85ca\" data-element_type=\"container\" data-e-type=\"container\">\n\t\t\t\t<div class=\"elementor-element elementor-element-ebb4d44 elementor-widget elementor-widget-image\" data-id=\"ebb4d44\" data-element_type=\"widget\" data-e-type=\"widget\" data-widget_type=\"image.default\">\n\t\t\t\t<div class=\"elementor-widget-container\">\n\t\t\t\t\t\t\t\t\t\t\t\t\t\t\t<img decoding=\"async\" width=\"800\" height=\"933\" src=\"https:\/\/oxygensavestheplanet.com\/wp-content\/uploads\/2024\/01\/Irragiamento-Brasile-con-Valori-878x1024.png\" class=\"attachment-large size-large wp-image-5039\" alt=\"\" srcset=\"https:\/\/oxygensavestheplanet.com\/wp-content\/uploads\/2024\/01\/Irragiamento-Brasile-con-Valori-878x1024.png 878w, https:\/\/oxygensavestheplanet.com\/wp-content\/uploads\/2024\/01\/Irragiamento-Brasile-con-Valori-257x300.png 257w, https:\/\/oxygensavestheplanet.com\/wp-content\/uploads\/2024\/01\/Irragiamento-Brasile-con-Valori-768x896.png 768w, https:\/\/oxygensavestheplanet.com\/wp-content\/uploads\/2024\/01\/Irragiamento-Brasile-con-Valori.png 1080w\" sizes=\"(max-width: 800px) 100vw, 800px\" \/>\t\t\t\t\t\t\t\t\t\t\t\t\t\t\t<\/div>\n\t\t\t\t<\/div>\n\t\t\t\t<\/div>\n\t\t\t\t\t<\/div>\n\t\t\t\t<\/div>\n\t\t<div class=\"elementor-element elementor-element-ebf0f74 e-flex e-con-boxed e-con e-parent\" data-id=\"ebf0f74\" data-element_type=\"container\" data-e-type=\"container\">\n\t\t\t\t\t<div class=\"e-con-inner\">\n\t\t\t\t<div class=\"elementor-element elementor-element-051471d elementor-widget elementor-widget-image\" data-id=\"051471d\" data-element_type=\"widget\" data-e-type=\"widget\" data-widget_type=\"image.default\">\n\t\t\t\t<div class=\"elementor-widget-container\">\n\t\t\t\t\t\t\t\t\t\t\t\t\t\t\t<img decoding=\"async\" width=\"800\" height=\"265\" src=\"https:\/\/oxygensavestheplanet.com\/wp-content\/uploads\/2024\/01\/Schermata-2024-01-17-alle-14.46.32-1024x339.png\" class=\"attachment-large size-large wp-image-5194\" alt=\"\" srcset=\"https:\/\/oxygensavestheplanet.com\/wp-content\/uploads\/2024\/01\/Schermata-2024-01-17-alle-14.46.32-1024x339.png 1024w, https:\/\/oxygensavestheplanet.com\/wp-content\/uploads\/2024\/01\/Schermata-2024-01-17-alle-14.46.32-300x99.png 300w, https:\/\/oxygensavestheplanet.com\/wp-content\/uploads\/2024\/01\/Schermata-2024-01-17-alle-14.46.32-768x254.png 768w, https:\/\/oxygensavestheplanet.com\/wp-content\/uploads\/2024\/01\/Schermata-2024-01-17-alle-14.46.32.png 1246w\" sizes=\"(max-width: 800px) 100vw, 800px\" \/>\t\t\t\t\t\t\t\t\t\t\t\t\t\t\t<\/div>\n\t\t\t\t<\/div>\n\t\t\t\t\t<\/div>\n\t\t\t\t<\/div>\n\t\t\t\t<\/div>\n\t\t","protected":false},"excerpt":{"rendered":"<p>Introdu\u00e7\u00e3o: Montes Claros, um munic\u00edpio localizado no estado de Minas Gerais, Brasil, \u00e9 o cen\u00e1rio ideal para um ambicioso projeto de energia renov\u00e1vel. Com uma popula\u00e7\u00e3o de 415.000 habitantes e uma localiza\u00e7\u00e3o estrat\u00e9gica na mesorregi\u00e3o do Norte de Minas, a cidade oferece um ambiente favor\u00e1vel para o desenvolvimento de uma usina fotovoltaica. Usina fotovoltaica em [&hellip;]<\/p>\n","protected":false},"author":1,"featured_media":0,"parent":0,"menu_order":0,"comment_status":"closed","ping_status":"closed","template":"","meta":{"inline_featured_image":false,"footnotes":""},"class_list":["post-5053","page","type-page","status-publish","hentry"],"yoast_head":"<!-- This site is optimized with the Yoast SEO plugin v27.5 - https:\/\/yoast.com\/product\/yoast-seo-wordpress\/ -->\n<title>Montes Claros - OxygenSavesThePlanet<\/title>\n<meta name=\"robots\" content=\"noindex, follow, max-snippet:-1, max-image-preview:large, max-video-preview:-1\" \/>\n<meta property=\"og:locale\" content=\"pt_BR\" \/>\n<meta property=\"og:type\" content=\"article\" \/>\n<meta property=\"og:title\" content=\"Montes Claros - OxygenSavesThePlanet\" \/>\n<meta property=\"og:description\" content=\"Introdu\u00e7\u00e3o: Montes Claros, um munic\u00edpio localizado no estado de Minas Gerais, Brasil, \u00e9 o cen\u00e1rio ideal para um ambicioso projeto de energia renov\u00e1vel. Com uma popula\u00e7\u00e3o de 415.000 habitantes e uma localiza\u00e7\u00e3o estrat\u00e9gica na mesorregi\u00e3o do Norte de Minas, a cidade oferece um ambiente favor\u00e1vel para o desenvolvimento de uma usina fotovoltaica. Usina fotovoltaica em [&hellip;]\" \/>\n<meta property=\"og:url\" content=\"https:\/\/oxygensavestheplanet.com\/pt-br\/usina-fotovoltaica-montes-claros\/\" \/>\n<meta property=\"og:site_name\" content=\"OxygenSavesThePlanet\" \/>\n<meta property=\"article:modified_time\" content=\"2024-01-18T17:24:35+00:00\" \/>\n<meta property=\"og:image\" content=\"https:\/\/oxygensavestheplanet.com\/wp-content\/uploads\/2024\/01\/1024px-MinasGerais_Municip_MontesClaros.svg.png\" \/>\n<meta name=\"twitter:card\" content=\"summary_large_image\" \/>\n<meta name=\"twitter:label1\" content=\"Est. tempo de leitura\" \/>\n\t<meta name=\"twitter:data1\" content=\"5 minutos\" \/>\n<script type=\"application\/ld+json\" class=\"yoast-schema-graph\">{\"@context\":\"https:\\\/\\\/schema.org\",\"@graph\":[{\"@type\":\"WebPage\",\"@id\":\"https:\\\/\\\/oxygensavestheplanet.com\\\/pt-br\\\/usina-fotovoltaica-montes-claros\\\/\",\"url\":\"https:\\\/\\\/oxygensavestheplanet.com\\\/pt-br\\\/usina-fotovoltaica-montes-claros\\\/\",\"name\":\"Montes Claros - OxygenSavesThePlanet\",\"isPartOf\":{\"@id\":\"https:\\\/\\\/oxygensavestheplanet.com\\\/pt-br\\\/#website\"},\"primaryImageOfPage\":{\"@id\":\"https:\\\/\\\/oxygensavestheplanet.com\\\/pt-br\\\/usina-fotovoltaica-montes-claros\\\/#primaryimage\"},\"image\":{\"@id\":\"https:\\\/\\\/oxygensavestheplanet.com\\\/pt-br\\\/usina-fotovoltaica-montes-claros\\\/#primaryimage\"},\"thumbnailUrl\":\"https:\\\/\\\/oxygensavestheplanet.com\\\/wp-content\\\/uploads\\\/2024\\\/01\\\/1024px-MinasGerais_Municip_MontesClaros.svg.png\",\"datePublished\":\"2024-01-17T11:51:07+00:00\",\"dateModified\":\"2024-01-18T17:24:35+00:00\",\"breadcrumb\":{\"@id\":\"https:\\\/\\\/oxygensavestheplanet.com\\\/pt-br\\\/usina-fotovoltaica-montes-claros\\\/#breadcrumb\"},\"inLanguage\":\"pt-BR\",\"potentialAction\":[{\"@type\":\"ReadAction\",\"target\":[\"https:\\\/\\\/oxygensavestheplanet.com\\\/pt-br\\\/usina-fotovoltaica-montes-claros\\\/\"]}]},{\"@type\":\"ImageObject\",\"inLanguage\":\"pt-BR\",\"@id\":\"https:\\\/\\\/oxygensavestheplanet.com\\\/pt-br\\\/usina-fotovoltaica-montes-claros\\\/#primaryimage\",\"url\":\"https:\\\/\\\/oxygensavestheplanet.com\\\/wp-content\\\/uploads\\\/2024\\\/01\\\/1024px-MinasGerais_Municip_MontesClaros.svg.png\",\"contentUrl\":\"https:\\\/\\\/oxygensavestheplanet.com\\\/wp-content\\\/uploads\\\/2024\\\/01\\\/1024px-MinasGerais_Municip_MontesClaros.svg.png\"},{\"@type\":\"BreadcrumbList\",\"@id\":\"https:\\\/\\\/oxygensavestheplanet.com\\\/pt-br\\\/usina-fotovoltaica-montes-claros\\\/#breadcrumb\",\"itemListElement\":[{\"@type\":\"ListItem\",\"position\":1,\"name\":\"Home\",\"item\":\"https:\\\/\\\/oxygensavestheplanet.com\\\/pt-br\\\/inicio\\\/\"},{\"@type\":\"ListItem\",\"position\":2,\"name\":\"Montes Claros\"}]},{\"@type\":\"WebSite\",\"@id\":\"https:\\\/\\\/oxygensavestheplanet.com\\\/pt-br\\\/#website\",\"url\":\"https:\\\/\\\/oxygensavestheplanet.com\\\/pt-br\\\/\",\"name\":\"OxygenSavesThePlanet\",\"description\":\"Verifiable Green, Tangible Impact\",\"publisher\":{\"@id\":\"https:\\\/\\\/oxygensavestheplanet.com\\\/pt-br\\\/#organization\"},\"potentialAction\":[{\"@type\":\"SearchAction\",\"target\":{\"@type\":\"EntryPoint\",\"urlTemplate\":\"https:\\\/\\\/oxygensavestheplanet.com\\\/pt-br\\\/?s={search_term_string}\"},\"query-input\":{\"@type\":\"PropertyValueSpecification\",\"valueRequired\":true,\"valueName\":\"search_term_string\"}}],\"inLanguage\":\"pt-BR\"},{\"@type\":\"Organization\",\"@id\":\"https:\\\/\\\/oxygensavestheplanet.com\\\/pt-br\\\/#organization\",\"name\":\"OxygenSavesThePlanet\",\"url\":\"https:\\\/\\\/oxygensavestheplanet.com\\\/pt-br\\\/\",\"logo\":{\"@type\":\"ImageObject\",\"inLanguage\":\"pt-BR\",\"@id\":\"https:\\\/\\\/oxygensavestheplanet.com\\\/pt-br\\\/#\\\/schema\\\/logo\\\/image\\\/\",\"url\":\"https:\\\/\\\/oxygensavestheplanet.com\\\/wp-content\\\/uploads\\\/2023\\\/10\\\/cropped-con-sfondo.png\",\"contentUrl\":\"https:\\\/\\\/oxygensavestheplanet.com\\\/wp-content\\\/uploads\\\/2023\\\/10\\\/cropped-con-sfondo.png\",\"width\":512,\"height\":512,\"caption\":\"OxygenSavesThePlanet\"},\"image\":{\"@id\":\"https:\\\/\\\/oxygensavestheplanet.com\\\/pt-br\\\/#\\\/schema\\\/logo\\\/image\\\/\"}}]}<\/script>\n<!-- \/ Yoast SEO plugin. -->","yoast_head_json":{"title":"Montes Claros - OxygenSavesThePlanet","robots":{"index":"noindex","follow":"follow","max-snippet":"max-snippet:-1","max-image-preview":"max-image-preview:large","max-video-preview":"max-video-preview:-1"},"og_locale":"pt_BR","og_type":"article","og_title":"Montes Claros - OxygenSavesThePlanet","og_description":"Introdu\u00e7\u00e3o: Montes Claros, um munic\u00edpio localizado no estado de Minas Gerais, Brasil, \u00e9 o cen\u00e1rio ideal para um ambicioso projeto de energia renov\u00e1vel. Com uma popula\u00e7\u00e3o de 415.000 habitantes e uma localiza\u00e7\u00e3o estrat\u00e9gica na mesorregi\u00e3o do Norte de Minas, a cidade oferece um ambiente favor\u00e1vel para o desenvolvimento de uma usina fotovoltaica. Usina fotovoltaica em [&hellip;]","og_url":"https:\/\/oxygensavestheplanet.com\/pt-br\/usina-fotovoltaica-montes-claros\/","og_site_name":"OxygenSavesThePlanet","article_modified_time":"2024-01-18T17:24:35+00:00","og_image":[{"url":"https:\/\/oxygensavestheplanet.com\/wp-content\/uploads\/2024\/01\/1024px-MinasGerais_Municip_MontesClaros.svg.png","type":"","width":"","height":""}],"twitter_card":"summary_large_image","twitter_misc":{"Est. tempo de leitura":"5 minutos"},"schema":{"@context":"https:\/\/schema.org","@graph":[{"@type":"WebPage","@id":"https:\/\/oxygensavestheplanet.com\/pt-br\/usina-fotovoltaica-montes-claros\/","url":"https:\/\/oxygensavestheplanet.com\/pt-br\/usina-fotovoltaica-montes-claros\/","name":"Montes Claros - OxygenSavesThePlanet","isPartOf":{"@id":"https:\/\/oxygensavestheplanet.com\/pt-br\/#website"},"primaryImageOfPage":{"@id":"https:\/\/oxygensavestheplanet.com\/pt-br\/usina-fotovoltaica-montes-claros\/#primaryimage"},"image":{"@id":"https:\/\/oxygensavestheplanet.com\/pt-br\/usina-fotovoltaica-montes-claros\/#primaryimage"},"thumbnailUrl":"https:\/\/oxygensavestheplanet.com\/wp-content\/uploads\/2024\/01\/1024px-MinasGerais_Municip_MontesClaros.svg.png","datePublished":"2024-01-17T11:51:07+00:00","dateModified":"2024-01-18T17:24:35+00:00","breadcrumb":{"@id":"https:\/\/oxygensavestheplanet.com\/pt-br\/usina-fotovoltaica-montes-claros\/#breadcrumb"},"inLanguage":"pt-BR","potentialAction":[{"@type":"ReadAction","target":["https:\/\/oxygensavestheplanet.com\/pt-br\/usina-fotovoltaica-montes-claros\/"]}]},{"@type":"ImageObject","inLanguage":"pt-BR","@id":"https:\/\/oxygensavestheplanet.com\/pt-br\/usina-fotovoltaica-montes-claros\/#primaryimage","url":"https:\/\/oxygensavestheplanet.com\/wp-content\/uploads\/2024\/01\/1024px-MinasGerais_Municip_MontesClaros.svg.png","contentUrl":"https:\/\/oxygensavestheplanet.com\/wp-content\/uploads\/2024\/01\/1024px-MinasGerais_Municip_MontesClaros.svg.png"},{"@type":"BreadcrumbList","@id":"https:\/\/oxygensavestheplanet.com\/pt-br\/usina-fotovoltaica-montes-claros\/#breadcrumb","itemListElement":[{"@type":"ListItem","position":1,"name":"Home","item":"https:\/\/oxygensavestheplanet.com\/pt-br\/inicio\/"},{"@type":"ListItem","position":2,"name":"Montes Claros"}]},{"@type":"WebSite","@id":"https:\/\/oxygensavestheplanet.com\/pt-br\/#website","url":"https:\/\/oxygensavestheplanet.com\/pt-br\/","name":"OxygenSavesThePlanet","description":"Verifiable Green, Tangible Impact","publisher":{"@id":"https:\/\/oxygensavestheplanet.com\/pt-br\/#organization"},"potentialAction":[{"@type":"SearchAction","target":{"@type":"EntryPoint","urlTemplate":"https:\/\/oxygensavestheplanet.com\/pt-br\/?s={search_term_string}"},"query-input":{"@type":"PropertyValueSpecification","valueRequired":true,"valueName":"search_term_string"}}],"inLanguage":"pt-BR"},{"@type":"Organization","@id":"https:\/\/oxygensavestheplanet.com\/pt-br\/#organization","name":"OxygenSavesThePlanet","url":"https:\/\/oxygensavestheplanet.com\/pt-br\/","logo":{"@type":"ImageObject","inLanguage":"pt-BR","@id":"https:\/\/oxygensavestheplanet.com\/pt-br\/#\/schema\/logo\/image\/","url":"https:\/\/oxygensavestheplanet.com\/wp-content\/uploads\/2023\/10\/cropped-con-sfondo.png","contentUrl":"https:\/\/oxygensavestheplanet.com\/wp-content\/uploads\/2023\/10\/cropped-con-sfondo.png","width":512,"height":512,"caption":"OxygenSavesThePlanet"},"image":{"@id":"https:\/\/oxygensavestheplanet.com\/pt-br\/#\/schema\/logo\/image\/"}}]}},"_links":{"self":[{"href":"https:\/\/oxygensavestheplanet.com\/pt-br\/wp-json\/wp\/v2\/pages\/5053","targetHints":{"allow":["GET"]}}],"collection":[{"href":"https:\/\/oxygensavestheplanet.com\/pt-br\/wp-json\/wp\/v2\/pages"}],"about":[{"href":"https:\/\/oxygensavestheplanet.com\/pt-br\/wp-json\/wp\/v2\/types\/page"}],"author":[{"embeddable":true,"href":"https:\/\/oxygensavestheplanet.com\/pt-br\/wp-json\/wp\/v2\/users\/1"}],"replies":[{"embeddable":true,"href":"https:\/\/oxygensavestheplanet.com\/pt-br\/wp-json\/wp\/v2\/comments?post=5053"}],"version-history":[{"count":15,"href":"https:\/\/oxygensavestheplanet.com\/pt-br\/wp-json\/wp\/v2\/pages\/5053\/revisions"}],"predecessor-version":[{"id":5235,"href":"https:\/\/oxygensavestheplanet.com\/pt-br\/wp-json\/wp\/v2\/pages\/5053\/revisions\/5235"}],"wp:attachment":[{"href":"https:\/\/oxygensavestheplanet.com\/pt-br\/wp-json\/wp\/v2\/media?parent=5053"}],"curies":[{"name":"wp","href":"https:\/\/api.w.org\/{rel}","templated":true}]}}